{"id":2936,"date":"2025-09-25T18:42:25","date_gmt":"2025-09-25T14:42:25","guid":{"rendered":"https:\/\/etab.ac-reunion.fr\/clg-terrain-fleury\/?page_id=2936"},"modified":"2025-09-25T19:50:02","modified_gmt":"2025-09-25T15:50:02","slug":"elections-des-parents-deleves-au-conseil-dadministration-2025-2026","status":"publish","type":"page","link":"https:\/\/etab.ac-reunion.fr\/clg-terrain-fleury\/elections-des-parents-deleves-au-conseil-dadministration-2025-2026\/","title":{"rendered":"\u00c9lections des Parents d&rsquo;\u00e9l\u00e8ves au Conseil d&rsquo;Administration 2025 &#8211; 2026"},"content":{"rendered":"\n<figure class=\"wp-block-gallery has-nested-images columns-default is-cropped wp-block-gallery-1 is-layout-flex wp-block-gallery-is-layout-flex\"><\/figure>\n\n\n\n<p>Cette ann\u00e9e les parents pourront voter entre le 29 septembre 8H00 et le 3 octobre 12h00. Nous publions deux tutoriels en fonction de la m\u00e9thode de vote : Par mail ou Par courrier postal.<\/p>\n","protected":false},"excerpt":{"rendered":"<p>Cette ann\u00e9e les parents pourront voter entre le 29 septembre 8H00 et le 3 octobre 12h00. Nous publions deux tutoriels en fonction de la m\u00e9thode de vote : Par mail ou Par courrier postal.<\/p>\n<p class=\"continue-reading-button\"> <a class=\"continue-reading-link\" href=\"https:\/\/etab.ac-reunion.fr\/clg-terrain-fleury\/elections-des-parents-deleves-au-conseil-dadministration-2025-2026\/\">Lire la suite<i class=\"crycon-right-dir\"><\/i><\/a><\/p>\n","protected":false},"author":12918,"featured_media":0,"parent":0,"menu_order":0,"comment_status":"closed","ping_status":"closed","template":"","meta":{"footnotes":""},"class_list":["post-2936","page","type-page","status-publish","hentry"],"_links":{"self":[{"href":"https:\/\/etab.ac-reunion.fr\/clg-terrain-fleury\/wp-json\/wp\/v2\/pages\/2936","targetHints":{"allow":["GET"]}}],"collection":[{"href":"https:\/\/etab.ac-reunion.fr\/clg-terrain-fleury\/wp-json\/wp\/v2\/pages"}],"about":[{"href":"https:\/\/etab.ac-reunion.fr\/clg-terrain-fleury\/wp-json\/wp\/v2\/types\/page"}],"author":[{"embeddable":true,"href":"https:\/\/etab.ac-reunion.fr\/clg-terrain-fleury\/wp-json\/wp\/v2\/users\/12918"}],"replies":[{"embeddable":true,"href":"https:\/\/etab.ac-reunion.fr\/clg-terrain-fleury\/wp-json\/wp\/v2\/comments?post=2936"}],"version-history":[{"count":5,"href":"https:\/\/etab.ac-reunion.fr\/clg-terrain-fleury\/wp-json\/wp\/v2\/pages\/2936\/revisions"}],"predecessor-version":[{"id":2962,"href":"https:\/\/etab.ac-reunion.fr\/clg-terrain-fleury\/wp-json\/wp\/v2\/pages\/2936\/revisions\/2962"}],"wp:attachment":[{"href":"https:\/\/etab.ac-reunion.fr\/clg-terrain-fleury\/wp-json\/wp\/v2\/media?parent=2936"}],"curies":[{"name":"wp","href":"https:\/\/api.w.org\/{rel}","templated":true}]}}