{"id":3093,"date":"2025-12-16T18:46:21","date_gmt":"2025-12-16T14:46:21","guid":{"rendered":"https:\/\/etab.ac-reunion.fr\/clg-terrain-fleury\/?page_id=3093"},"modified":"2025-12-17T07:10:03","modified_gmt":"2025-12-17T03:10:03","slug":"diaporama-de-preparation-a-lorientation","status":"publish","type":"page","link":"https:\/\/etab.ac-reunion.fr\/clg-terrain-fleury\/diaporama-de-preparation-a-lorientation\/","title":{"rendered":"Pr\u00e9paration \u00e0 l&rsquo;orientation"},"content":{"rendered":"\n<p class=\"has-text-align-center has-medium-font-size\">Le diaporama est disponible ci-dessous :<\/p>\n\n\n\n<div class=\"wp-block-file aligncenter\"><a id=\"wp-block-file--media-3d605356-7f65-47ab-8469-f23ab7f56c5f\" href=\"https:\/\/etab.ac-reunion.fr\/clg-terrain-fleury\/wp-content\/uploads\/sites\/104\/2025\/12\/1ere-reunion-parents-3eme-dec.25-1.ppt\" target=\"_blank\" rel=\"noreferrer noopener\"><strong>1\u00e8re r\u00e9union parents 3\u00e8me d\u00e9c<\/strong>.<strong>25<\/strong><\/a><a href=\"https:\/\/etab.ac-reunion.fr\/clg-terrain-fleury\/wp-content\/uploads\/sites\/104\/2025\/12\/1ere-reunion-parents-3eme-dec.25-1.ppt\" class=\"wp-block-file__button wp-element-button\" download aria-describedby=\"wp-block-file--media-3d605356-7f65-47ab-8469-f23ab7f56c5f\">T\u00e9l\u00e9charger<\/a><\/div>\n\n\n\n<p><\/p>\n\n\n\n<figure class=\"wp-block-image size-full\"><img loading=\"lazy\" decoding=\"async\" width=\"975\" height=\"819\" src=\"https:\/\/etab.ac-reunion.fr\/clg-terrain-fleury\/wp-content\/uploads\/sites\/104\/2025\/12\/Contact-Psychologue-Education-nationale.jpg\" alt=\"\" class=\"wp-image-3094\" srcset=\"https:\/\/etab.ac-reunion.fr\/clg-terrain-fleury\/wp-content\/uploads\/sites\/104\/2025\/12\/Contact-Psychologue-Education-nationale.jpg 975w, https:\/\/etab.ac-reunion.fr\/clg-terrain-fleury\/wp-content\/uploads\/sites\/104\/2025\/12\/Contact-Psychologue-Education-nationale-300x252.jpg 300w, https:\/\/etab.ac-reunion.fr\/clg-terrain-fleury\/wp-content\/uploads\/sites\/104\/2025\/12\/Contact-Psychologue-Education-nationale-768x645.jpg 768w, https:\/\/etab.ac-reunion.fr\/clg-terrain-fleury\/wp-content\/uploads\/sites\/104\/2025\/12\/Contact-Psychologue-Education-nationale-150x126.jpg 150w\" sizes=\"auto, (max-width: 975px) 100vw, 975px\" \/><\/figure>\n\n\n\n<p><\/p>\n","protected":false},"excerpt":{"rendered":"<p>Le diaporama est disponible ci-dessous :<\/p>\n<p class=\"continue-reading-button\"> <a class=\"continue-reading-link\" href=\"https:\/\/etab.ac-reunion.fr\/clg-terrain-fleury\/diaporama-de-preparation-a-lorientation\/\">Lire la suite<i class=\"crycon-right-dir\"><\/i><\/a><\/p>\n","protected":false},"author":12918,"featured_media":0,"parent":0,"menu_order":0,"comment_status":"closed","ping_status":"closed","template":"","meta":{"footnotes":""},"class_list":["post-3093","page","type-page","status-publish","hentry"],"_links":{"self":[{"href":"https:\/\/etab.ac-reunion.fr\/clg-terrain-fleury\/wp-json\/wp\/v2\/pages\/3093","targetHints":{"allow":["GET"]}}],"collection":[{"href":"https:\/\/etab.ac-reunion.fr\/clg-terrain-fleury\/wp-json\/wp\/v2\/pages"}],"about":[{"href":"https:\/\/etab.ac-reunion.fr\/clg-terrain-fleury\/wp-json\/wp\/v2\/types\/page"}],"author":[{"embeddable":true,"href":"https:\/\/etab.ac-reunion.fr\/clg-terrain-fleury\/wp-json\/wp\/v2\/users\/12918"}],"replies":[{"embeddable":true,"href":"https:\/\/etab.ac-reunion.fr\/clg-terrain-fleury\/wp-json\/wp\/v2\/comments?post=3093"}],"version-history":[{"count":8,"href":"https:\/\/etab.ac-reunion.fr\/clg-terrain-fleury\/wp-json\/wp\/v2\/pages\/3093\/revisions"}],"predecessor-version":[{"id":3111,"href":"https:\/\/etab.ac-reunion.fr\/clg-terrain-fleury\/wp-json\/wp\/v2\/pages\/3093\/revisions\/3111"}],"wp:attachment":[{"href":"https:\/\/etab.ac-reunion.fr\/clg-terrain-fleury\/wp-json\/wp\/v2\/media?parent=3093"}],"curies":[{"name":"wp","href":"https:\/\/api.w.org\/{rel}","templated":true}]}}