{"id":344,"date":"2016-10-28T11:11:54","date_gmt":"2016-10-28T07:11:54","guid":{"rendered":"http:\/\/college-terrain-fleury.ac-reunion.fr\/?page_id=344"},"modified":"2021-08-28T10:38:50","modified_gmt":"2021-08-28T06:38:50","slug":"contactez-nous","status":"publish","type":"page","link":"https:\/\/etab.ac-reunion.fr\/clg-terrain-fleury\/contactez-nous\/","title":{"rendered":"Contact"},"content":{"rendered":"\n<figure class=\"wp-block-image\"><img loading=\"lazy\" decoding=\"async\" width=\"783\" height=\"375\" src=\"https:\/\/etab.ac-reunion.fr\/clg-terrain-fleury\/wp-content\/uploads\/sites\/104\/2019\/05\/contact-widget-1.jpg\" alt=\"\" class=\"wp-image-933\" srcset=\"https:\/\/etab.ac-reunion.fr\/clg-terrain-fleury\/wp-content\/uploads\/sites\/104\/2019\/05\/contact-widget-1.jpg 783w, https:\/\/etab.ac-reunion.fr\/clg-terrain-fleury\/wp-content\/uploads\/sites\/104\/2019\/05\/contact-widget-1-300x144.jpg 300w, https:\/\/etab.ac-reunion.fr\/clg-terrain-fleury\/wp-content\/uploads\/sites\/104\/2019\/05\/contact-widget-1-150x72.jpg 150w\" sizes=\"auto, (max-width: 783px) 100vw, 783px\" \/><\/figure>\n\n\n\n<h2 class=\"wp-block-heading\">Les mentions relatives \u00e0 l\u2019\u00e9tablissement:<\/h2>\n\n\n\n<blockquote class=\"wp-block-quote is-layout-flow wp-block-quote-is-layout-flow\"><p>Coll\u00e8ge Terrain Fleury<\/p><p>71 Rue Edgard Avril<br>97430 Le Tampon<\/p><p>0262 27 24 29<\/p><p>Directeur de la publication : Mme Campani<\/p><\/blockquote>\n\n\n\n<h2 class=\"wp-block-heading\">L\u2019h\u00e9bergeur du site:<\/h2>\n\n\n\n<blockquote class=\"wp-block-quote is-layout-flow wp-block-quote-is-layout-flow\"><p>Rectorat de l\u2019acad\u00e9mie de la R\u00e9union<\/p><p>24, avenue Georges Brassens<br>CS 71003<br>97743 Saint Denis Cedex 9<\/p><p>T\u00e9l.+262 (0)2 62 48 10 10<\/p><\/blockquote>\n\n\n\n<h2 class=\"wp-block-heading\">Politique de protection des donn\u00e9es<\/h2>\n\n\n\n<p> Les informations fournies via le formulaire de contact sont transmises par protocole s\u00e9curis\u00e9 au destinataire pour traitement .<\/p>\n\n\n\n<p>Pour toute information ou exercice de vos droits Informatique et Libert\u00e9s sur les traitements de donn\u00e9es personnelles g\u00e9r\u00e9s par l\u2019\u00e9tablissement, vous pouvez contacter l\u2019\u00e9tablissement par courrier, ou en ligne via le formulaire ci-dessus.<\/p>\n\n\n\n<p> L\u2019\u00e9tablissement traite des donn\u00e9es personnelles conform\u00e9ment au R\u00e8glement G\u00e9n\u00e9ral sur la Protection des Donn\u00e9es (RGPD) et \u00e0 la loir Informatiques et Libert\u00e9s. <\/p>\n\n\n\n<p> Source : CNIL Donn\u00e9es personnelles&nbsp;<a href=\"https:\/\/www.cnil.fr\/fr\/donnees-personnelles\">https:\/\/www.cnil.fr\/fr\/donnees-personnelles<\/a>. <\/p>\n\n\n\n<h2 class=\"wp-block-heading\">Conditions d\u2019utilisation<\/h2>\n\n\n\n<p>Il est possible de pr\u00e9ciser les conditions d\u2019utilisation du site, par exemple selon le mod\u00e8le suivant :<\/p>\n\n\n\n<blockquote class=\"wp-block-quote is-layout-flow wp-block-quote-is-layout-flow\"><p>Sur ce site, les photos ne sont pas libres de droit. Elles sont prot\u00e9g\u00e9es par le Code de la Propri\u00e9t\u00e9 Intellectuelle (CPI).<\/p><p>Sauf mention contraire, les textes sont r\u00e9utilisables dans le respect de la licence Creative Commons Attribution \u2013 Pas d\u2019Utilisation Commerciale \u2013 Partage dans les M\u00eames Conditions (CC BY-NC-SA).<\/p><\/blockquote>\n\n\n\n<div class=\"wp-block-image\"><figure class=\"aligncenter\"><img decoding=\"async\" src=\"http:\/\/wpetab.ac-reunion.fr\/wp-content\/uploads\/2019\/02\/cc_byncsa-300x105.png\" alt=\"\" class=\"wp-image-63487\" \/><\/figure><\/div>\n\n\n\n<h2 class=\"wp-block-heading\">A propos des \u00ab&nbsp;cookies&nbsp;\u00bb<\/h2>\n\n\n\n<p>Les \u00ab&nbsp;cookies&nbsp;\u00bb sont des petits fichiers qui collectent des donn\u00e9es lors de l\u2019usage de sites internet.<\/p>\n\n\n\n<p>Trois types de cookies sont cr\u00e9\u00e9s lors de la consultation du site :<\/p>\n\n\n\n<h3 class=\"wp-block-heading\">Cookies internes n\u00e9cessaires au site pour fonctionner<\/h3>\n\n\n\n<p>Exemples :<\/p>\n\n\n\n<ul class=\"wp-block-list\"><li>PHPSESSID<\/li><li>tarteaucitron<\/li><\/ul>\n\n\n\n<h3 class=\"wp-block-heading\">Cookie de mesure d\u2019audience<\/h3>\n\n\n\n<p>La mesure d\u2019audience se fait avec Matomo (ex-Piwik) o\u00f9 l\u2019adresse IP est anonymis\u00e9e sur 2 octets, conform\u00e9ment aux pr\u00e9conisations de la CNIL.<\/p>\n\n\n\n<h3 class=\"wp-block-heading\">Cookies tiers li\u00e9s \u00e0 des contenus tiers en ligne<\/h3>\n\n\n\n<p>Des services tiers n\u00e9cessitent l\u2019acceptation des cookies pour fonctionner :<\/p>\n\n\n\n<ul class=\"wp-block-list\"><li>Vid\u00e9os en ligne (Dailymotion, YouTube)<\/li><li>Tweets (Twitter)<\/li><li>Boutons de partages sur les r\u00e9seaux sociaux (Twitter, Facebook)<\/li><li>Pr\u00e9sentations anim\u00e9es (Mindomo, Prezi)<\/li><\/ul>\n\n\n<p><!--EndFragment--><\/p>\n<p><\/p>","protected":false},"excerpt":{"rendered":"<p>Les mentions relatives \u00e0 l\u2019\u00e9tablissement: Coll\u00e8ge Terrain Fleury 71 Rue Edgard Avril97430 Le Tampon 0262 27 24 29 Directeur de la publication : Mme Campani L\u2019h\u00e9bergeur du site: Rectorat de l\u2019acad\u00e9mie de la R\u00e9union 24, avenue Georges BrassensCS 7100397743 Saint Denis Cedex 9 T\u00e9l.+262 (0)2 62 48 10 10 Politique\u2026<\/p>\n<p class=\"continue-reading-button\"> <a class=\"continue-reading-link\" href=\"https:\/\/etab.ac-reunion.fr\/clg-terrain-fleury\/contactez-nous\/\">Lire la suite<i class=\"crycon-right-dir\"><\/i><\/a><\/p>\n","protected":false},"author":21090,"featured_media":0,"parent":0,"menu_order":0,"comment_status":"closed","ping_status":"closed","template":"","meta":{"footnotes":""},"class_list":["post-344","page","type-page","status-publish","hentry"],"_links":{"self":[{"href":"https:\/\/etab.ac-reunion.fr\/clg-terrain-fleury\/wp-json\/wp\/v2\/pages\/344","targetHints":{"allow":["GET"]}}],"collection":[{"href":"https:\/\/etab.ac-reunion.fr\/clg-terrain-fleury\/wp-json\/wp\/v2\/pages"}],"about":[{"href":"https:\/\/etab.ac-reunion.fr\/clg-terrain-fleury\/wp-json\/wp\/v2\/types\/page"}],"author":[{"embeddable":true,"href":"https:\/\/etab.ac-reunion.fr\/clg-terrain-fleury\/wp-json\/wp\/v2\/users\/21090"}],"replies":[{"embeddable":true,"href":"https:\/\/etab.ac-reunion.fr\/clg-terrain-fleury\/wp-json\/wp\/v2\/comments?post=344"}],"version-history":[{"count":14,"href":"https:\/\/etab.ac-reunion.fr\/clg-terrain-fleury\/wp-json\/wp\/v2\/pages\/344\/revisions"}],"predecessor-version":[{"id":1963,"href":"https:\/\/etab.ac-reunion.fr\/clg-terrain-fleury\/wp-json\/wp\/v2\/pages\/344\/revisions\/1963"}],"wp:attachment":[{"href":"https:\/\/etab.ac-reunion.fr\/clg-terrain-fleury\/wp-json\/wp\/v2\/media?parent=344"}],"curies":[{"name":"wp","href":"https:\/\/api.w.org\/{rel}","templated":true}]}}