{"id":40,"date":"2014-10-09T15:24:04","date_gmt":"2014-10-09T11:24:04","guid":{"rendered":"http:\/\/college-terrain-fleury.ac-reunion.fr\/?page_id=40"},"modified":"2021-08-28T10:34:10","modified_gmt":"2021-08-28T06:34:10","slug":"histoire-du-college","status":"publish","type":"page","link":"https:\/\/etab.ac-reunion.fr\/clg-terrain-fleury\/histoire-du-college\/","title":{"rendered":"Histoire du coll\u00e8ge"},"content":{"rendered":"<header class=\"post-header fix\">\n<h1 class=\"posttitle\">&nbsp;<\/h1>\n<\/header>\n<div class=\"entry-container fix\">\n<div class=\"entry fix\">\n<p class=\"first-para\">Le coll\u00e8ge a ouvert ses portes le vendredi 22 septembre en 1971 et fut le premier coll\u00e8ge construit sur la commune du TAMPON.<br>On lui a donn\u00e9 ce nom, car les premiers habitants du quartier s\u2019appellaient les Fleurys.<br>Aujourd\u2019hui la ville du Tampon compte six coll\u00e8ges publics dont le coll\u00e8ge Terrain Fleury, situ\u00e9 \u00e0 proximit\u00e9 du centre ville et un coll\u00e8ge priv\u00e9.<\/p>\n<p>&nbsp;&nbsp;&nbsp;&nbsp;&nbsp; Le coll\u00e8ge a connu 6 chefs d\u2019\u00e9tablissements:<br>Monsieur De Lapierre (6 mois)<br>Monsieur Parmentier (1972 \u00e0 1996)<br>Monsieur Meynieux (1996 \u00e0 2006)<br>Monsieur Fonder (2006 \u00e0 2015).<\/p>\n<p>Mr Boyer (2015 \u00e0 2017)<\/p>\n<p>Mme Campani (2017 \u00e0 &#8230;)<\/p>\n<p>Les cycles d\u2019\u2019observation et d\u2019\u2019orientation fonctionnaient auparavant dans les locaux du lyc\u00e9e Roland Garros. Monsieur DE LAPIERRE, alors chef d\u2019\u00e9tablissement en poste, a consign\u00e9 dans un rapport des remarques concernant l\u2019\u2019ouverture du C.E.S. et son fonctionnement en mati\u00e8re d\u2019\u2019\u00e9quipement des b\u00e2timents et du personnel enseignant. En effet, d\u00e8s son ouverture, des probl\u00e8mes ont surgi, faute de mobilier, de mat\u00e9riel et de locaux:<br>&#8211; L\u2019\u2019\u00e9tablissement \u00e9tait con\u00e7u pour 32 divisions et en comportait 40 (1063 \u00e9l\u00e8ves dont 603 demi-pensionnaires).<br>&#8211; Des salles sp\u00e9cialis\u00e9es sont rest\u00e9es inachev\u00e9es.<br>&#8211; Aucune installation sportive, ni de terrain.<br>&#8211; En ce qui concerne le personnel, on a not\u00e9 une insuffisance num\u00e9rique au secr\u00e9tariat, \u00e0 l\u2019\u2019intendance, ainsi que dans le domaine de l\u2019\u2019\u00e9ducation.<\/p>\n<p>Gr\u00e2ce \u00e0 des pr\u00eats de mobilier de mat\u00e9riel du lyc\u00e9e Roland Garros du Tampon et du C.E.T. de la rue A. Lacaze de St Denis, le C.E.S. de Terrain Fleury a pu \u00eatre \u00e9quip\u00e9, pour sa premi\u00e8re rentr\u00e9e, du minimum indispensable.<br>L\u2019\u2019am\u00e9nagement du coll\u00e8ge et de ses abords s\u2019\u2019\u00e9talera sur plusieurs ann\u00e9es. Il accueillera, dans ses b\u00e2timents, des \u00e9l\u00e8ves du lyc\u00e9e R.Garros; cette partie deviendra ult\u00e9rieurement la S.E.S et sera annex\u00e9e au coll\u00e8ge. En 1974, dans les locaux actuels, le coll\u00e8ge accueillera jusqu\u2019\u00e0 1800 \u00e9l\u00e8ves dont 1080 demi-pensionnaires. En 2001, l\u2019\u2019effectif du coll\u00e8ge s\u2019\u00e9l\u00e8ve \u00e0 environ 1450 \u00e9l\u00e8ves, r\u00e9partis en 59 divisions. Depuis peu, l&rsquo;ouverture du coll\u00e8ge du 12\u00e8me Kilom\u00e8tre \u00e0 rendu possible la baisse d&rsquo;effectif de l&rsquo;\u00e9tablissement qui s&rsquo;\u00e9l\u00e8ve actuellement \u00e0 873 \u00e9l\u00e8ves pour l&rsquo;ann\u00e9e scolaire 2015-2016.<\/p>\n<p>Malgr\u00e9 certaines propositions concernant sa d\u00e9nomination (notamment celle d\u2019Albius), le C.E.S., construit sur le Terrain Fleury, gardera son nom qu\u2019\u2019il porte fi\u00e8rement aujourd\u2019hui!<\/p>\n<\/div>\n<\/div>\n\n\n<p><\/p>\n","protected":false},"excerpt":{"rendered":"<p>&nbsp; Le coll\u00e8ge a ouvert ses portes le vendredi 22 septembre en 1971 et fut le premier coll\u00e8ge construit sur la commune du TAMPON.On lui a donn\u00e9 ce nom, car les premiers habitants du quartier s\u2019appellaient les Fleurys.Aujourd\u2019hui la ville du Tampon compte six coll\u00e8ges publics dont le coll\u00e8ge Terrain\u2026<\/p>\n<p class=\"continue-reading-button\"> <a class=\"continue-reading-link\" href=\"https:\/\/etab.ac-reunion.fr\/clg-terrain-fleury\/histoire-du-college\/\">Lire la suite<i class=\"crycon-right-dir\"><\/i><\/a><\/p>\n","protected":false},"author":21090,"featured_media":0,"parent":0,"menu_order":3,"comment_status":"open","ping_status":"open","template":"","meta":{"footnotes":""},"class_list":["post-40","page","type-page","status-publish","hentry"],"_links":{"self":[{"href":"https:\/\/etab.ac-reunion.fr\/clg-terrain-fleury\/wp-json\/wp\/v2\/pages\/40","targetHints":{"allow":["GET"]}}],"collection":[{"href":"https:\/\/etab.ac-reunion.fr\/clg-terrain-fleury\/wp-json\/wp\/v2\/pages"}],"about":[{"href":"https:\/\/etab.ac-reunion.fr\/clg-terrain-fleury\/wp-json\/wp\/v2\/types\/page"}],"author":[{"embeddable":true,"href":"https:\/\/etab.ac-reunion.fr\/clg-terrain-fleury\/wp-json\/wp\/v2\/users\/21090"}],"replies":[{"embeddable":true,"href":"https:\/\/etab.ac-reunion.fr\/clg-terrain-fleury\/wp-json\/wp\/v2\/comments?post=40"}],"version-history":[{"count":8,"href":"https:\/\/etab.ac-reunion.fr\/clg-terrain-fleury\/wp-json\/wp\/v2\/pages\/40\/revisions"}],"predecessor-version":[{"id":1962,"href":"https:\/\/etab.ac-reunion.fr\/clg-terrain-fleury\/wp-json\/wp\/v2\/pages\/40\/revisions\/1962"}],"wp:attachment":[{"href":"https:\/\/etab.ac-reunion.fr\/clg-terrain-fleury\/wp-json\/wp\/v2\/media?parent=40"}],"curies":[{"name":"wp","href":"https:\/\/api.w.org\/{rel}","templated":true}]}}