{"id":721,"date":"2019-05-03T11:23:08","date_gmt":"2019-05-03T07:23:08","guid":{"rendered":"http:\/\/college-terrain-fleury.ac-reunion.fr\/?page_id=721"},"modified":"2023-05-02T11:19:00","modified_gmt":"2023-05-02T07:19:00","slug":"la-restauration","status":"publish","type":"page","link":"https:\/\/etab.ac-reunion.fr\/clg-terrain-fleury\/la-restauration\/","title":{"rendered":"La Restauration"},"content":{"rendered":"\n<figure class=\"wp-block-image size-full\"><img loading=\"lazy\" decoding=\"async\" width=\"1024\" height=\"397\" src=\"https:\/\/etab.ac-reunion.fr\/clg-terrain-fleury\/wp-content\/uploads\/sites\/104\/2023\/05\/photo-restauration-scolaire-1.jpg\" alt=\"\" class=\"wp-image-2470\" srcset=\"https:\/\/etab.ac-reunion.fr\/clg-terrain-fleury\/wp-content\/uploads\/sites\/104\/2023\/05\/photo-restauration-scolaire-1.jpg 1024w, https:\/\/etab.ac-reunion.fr\/clg-terrain-fleury\/wp-content\/uploads\/sites\/104\/2023\/05\/photo-restauration-scolaire-1-300x116.jpg 300w, https:\/\/etab.ac-reunion.fr\/clg-terrain-fleury\/wp-content\/uploads\/sites\/104\/2023\/05\/photo-restauration-scolaire-1-768x298.jpg 768w, https:\/\/etab.ac-reunion.fr\/clg-terrain-fleury\/wp-content\/uploads\/sites\/104\/2023\/05\/photo-restauration-scolaire-1-150x58.jpg 150w\" sizes=\"auto, (max-width: 1024px) 100vw, 1024px\" \/><\/figure>\n\n\n\n<p>La restauration au coll\u00e8ge de Terrain Fleury est accessible \u00e0 tous les \u00e9l\u00e8ves.<\/p>\n\n\n\n<p><strong>Les jours d&rsquo;accueil sont les lundis, mardis, jeudis et vendredis.<\/strong><\/p>\n\n\n\n<p>Les \u00e9l\u00e8ves demi-pensionnaires ont apr\u00e8s leur inscription au service demi-pension une carte \u00e9lectronique personnelle valable pour toute leur scolarit\u00e9 de l&rsquo;\u00e9l\u00e8ve.<\/p>\n\n\n\n<p>En cas de perte son remplacement est payant. Cette carte reste la propri\u00e9t\u00e9 de l&rsquo;\u00e9tablissement et doit \u00eatre rendu lorsque quitte d\u00e9finitivement le coll\u00e8ge.<\/p>\n\n\n\n<p>Le passage \u00e0 la cantine est en continu et en self service \u00e0 partir de 11h30.<\/p>\n\n\n\n<p>Les \u00e9l\u00e8ves se rangent devant le r\u00e9fectoire, un surveillant fait passer les \u00e9l\u00e8ves qui doivent pr\u00e9senter obligatoirement leur carte au passage.<\/p>\n\n\n\n<p><strong>Celui qui n&rsquo;a pas sa carte mange en fin de service.<\/strong><\/p>\n\n\n\n<p>Les repas sont pr\u00e9par\u00e9s au coll\u00e8ge Terrain Fleury.<\/p>\n\n\n\n<p>La cantine scolaire propose un repas \u00e9quilibr\u00e9.<\/p>\n\n\n\n<p>Il se compose d&rsquo;une entr\u00e9e, d&rsquo;un plat chaud et d&rsquo;un dessert.<\/p>\n\n\n\n<figure class=\"wp-block-image size-full\"><img loading=\"lazy\" decoding=\"async\" width=\"1024\" height=\"637\" src=\"https:\/\/etab.ac-reunion.fr\/clg-terrain-fleury\/wp-content\/uploads\/sites\/104\/2023\/05\/photo-restauration-scolaire-2.jpg\" alt=\"\" class=\"wp-image-2472\" srcset=\"https:\/\/etab.ac-reunion.fr\/clg-terrain-fleury\/wp-content\/uploads\/sites\/104\/2023\/05\/photo-restauration-scolaire-2.jpg 1024w, https:\/\/etab.ac-reunion.fr\/clg-terrain-fleury\/wp-content\/uploads\/sites\/104\/2023\/05\/photo-restauration-scolaire-2-300x187.jpg 300w, https:\/\/etab.ac-reunion.fr\/clg-terrain-fleury\/wp-content\/uploads\/sites\/104\/2023\/05\/photo-restauration-scolaire-2-768x478.jpg 768w, https:\/\/etab.ac-reunion.fr\/clg-terrain-fleury\/wp-content\/uploads\/sites\/104\/2023\/05\/photo-restauration-scolaire-2-150x93.jpg 150w\" sizes=\"auto, (max-width: 1024px) 100vw, 1024px\" \/><\/figure>\n","protected":false},"excerpt":{"rendered":"<p>La restauration au coll\u00e8ge de Terrain Fleury est accessible \u00e0 tous les \u00e9l\u00e8ves. Les jours d&rsquo;accueil sont les lundis, mardis, jeudis et vendredis. Les \u00e9l\u00e8ves demi-pensionnaires ont apr\u00e8s leur inscription au service demi-pension une carte \u00e9lectronique personnelle valable pour toute leur scolarit\u00e9 de l&rsquo;\u00e9l\u00e8ve. En cas de perte son remplacement\u2026<\/p>\n<p class=\"continue-reading-button\"> <a class=\"continue-reading-link\" href=\"https:\/\/etab.ac-reunion.fr\/clg-terrain-fleury\/la-restauration\/\">Lire la suite<i class=\"crycon-right-dir\"><\/i><\/a><\/p>\n","protected":false},"author":21090,"featured_media":0,"parent":0,"menu_order":0,"comment_status":"closed","ping_status":"closed","template":"","meta":{"footnotes":""},"class_list":["post-721","page","type-page","status-publish","hentry"],"_links":{"self":[{"href":"https:\/\/etab.ac-reunion.fr\/clg-terrain-fleury\/wp-json\/wp\/v2\/pages\/721","targetHints":{"allow":["GET"]}}],"collection":[{"href":"https:\/\/etab.ac-reunion.fr\/clg-terrain-fleury\/wp-json\/wp\/v2\/pages"}],"about":[{"href":"https:\/\/etab.ac-reunion.fr\/clg-terrain-fleury\/wp-json\/wp\/v2\/types\/page"}],"author":[{"embeddable":true,"href":"https:\/\/etab.ac-reunion.fr\/clg-terrain-fleury\/wp-json\/wp\/v2\/users\/21090"}],"replies":[{"embeddable":true,"href":"https:\/\/etab.ac-reunion.fr\/clg-terrain-fleury\/wp-json\/wp\/v2\/comments?post=721"}],"version-history":[{"count":5,"href":"https:\/\/etab.ac-reunion.fr\/clg-terrain-fleury\/wp-json\/wp\/v2\/pages\/721\/revisions"}],"predecessor-version":[{"id":2473,"href":"https:\/\/etab.ac-reunion.fr\/clg-terrain-fleury\/wp-json\/wp\/v2\/pages\/721\/revisions\/2473"}],"wp:attachment":[{"href":"https:\/\/etab.ac-reunion.fr\/clg-terrain-fleury\/wp-json\/wp\/v2\/media?parent=721"}],"curies":[{"name":"wp","href":"https:\/\/api.w.org\/{rel}","templated":true}]}}