{"id":734,"date":"2019-05-03T17:30:36","date_gmt":"2019-05-03T13:30:36","guid":{"rendered":"http:\/\/college-terrain-fleury.ac-reunion.fr\/?page_id=734"},"modified":"2024-09-18T09:29:51","modified_gmt":"2024-09-18T05:29:51","slug":"unss","status":"publish","type":"page","link":"https:\/\/etab.ac-reunion.fr\/clg-terrain-fleury\/unss\/","title":{"rendered":"Association sportive"},"content":{"rendered":"\n<p>L&rsquo;<strong>Association Sportive&nbsp;<\/strong>(A.S) est une composante essentielle de la Vie Scolaire dans tous les \u00e9tablissements du second degr\u00e9. Elle permet \u00e0 tous les \u00e9l\u00e8ves de participer \u00e0 des activit\u00e9s physiques et sportives en dehors des heures de cours, favorisant ainsi la pratique sportive r\u00e9guli\u00e8re et la d\u00e9couverte de nouvelles disciplines.<\/p>\n\n\n\n<p><strong><u>Qu&rsquo;est-ce qu&rsquo;une association sportive scolaire ?<\/u><\/strong><\/p>\n\n\n\n<p>Une association sportive scolaire est une structure qui propose aux \u00e9l\u00e8ves d&rsquo;un \u00e9tablissement la possibilit\u00e9 de pratiquer divers sports, encadr\u00e9s par des professeurs d&rsquo;\u00e9ducation physique et sportive (EPS).<\/p>\n\n\n\n<p>L&rsquo;A.S a plusieurs objectifs :<\/p>\n\n\n\n<ul class=\"wp-block-list\">\n<li><strong>Encourager la pratique sportive<\/strong>\u00a0: permettre aux \u00e9l\u00e8ves de s&rsquo;initier ou de se perfectionner dans diff\u00e9rentes activit\u00e9s sportives telles que Basket-ball, Escalade, Football et Natation, activit\u00e9s propos\u00e9es cette ann\u00e9e au coll\u00e8ge Terrain Fleury.<\/li>\n\n\n\n<li><strong>D\u00e9velopper l&rsquo;esprit d&rsquo;\u00e9quipe et de comp\u00e9tition<\/strong>\u00a0: des comp\u00e9titions inter-coll\u00e8ges sont organis\u00e9es au niveau local, r\u00e9gional et national sous l&rsquo;\u00e9gide de l&rsquo;Union Nationale du Sport Scolaire (U.N.S.S).<\/li>\n\n\n\n<li><strong>Favoriser le bien-\u00eatre<\/strong>\u00a0: la pratique sportive r\u00e9guli\u00e8re contribue \u00e0 l&rsquo;\u00e9quilibre physique et mental des \u00e9l\u00e8ves, tout en renfor\u00e7ant les liens sociaux entre eux.<\/li>\n<\/ul>\n\n\n\n<p><strong><u>Comment fonctionne l&rsquo;A.S&nbsp;?<\/u><\/strong><\/p>\n\n\n\n<p>L&rsquo;adh\u00e9sion \u00e0 l&rsquo;A.S est ouverte \u00e0 tous les \u00e9l\u00e8ves du coll\u00e8ge. Chaque semaine, plusieurs cr\u00e9neaux sont r\u00e9serv\u00e9s \u00e0 la pratique des sports propos\u00e9s. Les activit\u00e9s sont encadr\u00e9es par les enseignants d&rsquo;E.P.S et se d\u00e9roulent g\u00e9n\u00e9ralement sur les installations sportives du coll\u00e8ge ou dans des infrastructures partenaires.<\/p>\n\n\n\n<p><strong><u>Pourquoi rejoindre l&rsquo;A.S ?<\/u><\/strong><\/p>\n\n\n\n<ul class=\"wp-block-list\">\n<li><strong>D\u00e9couverte<\/strong>\u00a0: c&rsquo;est l&rsquo;occasion d&rsquo;essayer de nouveaux sports dans un cadre convivial et encadr\u00e9.<\/li>\n\n\n\n<li><strong>Comp\u00e9tition<\/strong>\u00a0: les plus motiv\u00e9s peuvent repr\u00e9senter le coll\u00e8ge lors des comp\u00e9titions organis\u00e9es par l&rsquo;UNSS.<\/li>\n\n\n\n<li><strong>Esprit d&rsquo;\u00e9quipe<\/strong>\u00a0: au-del\u00e0 de la performance individuelle, l&rsquo;A.S privil\u00e9gie le travail d&rsquo;\u00e9quipe et l&rsquo;entraide.<\/li>\n\n\n\n<li><strong>Sant\u00e9 et bien-\u00eatre<\/strong>\u00a0: bouger, s&rsquo;amuser et rester en forme !<\/li>\n<\/ul>\n\n\n\n<p><strong>Pour plus d&rsquo;informations, n&rsquo;h\u00e9sitez pas \u00e0 contacter les enseignants d&rsquo;E.P.S ou \u00e0 consulter le programme des activit\u00e9s disponibles au coll\u00e8ge.<\/strong><\/p>\n\n\n\n<figure class=\"wp-block-image size-full\"><a href=\"https:\/\/etab.ac-reunion.fr\/clg-terrain-fleury\/wp-content\/uploads\/sites\/104\/2024\/09\/A.S-Fiche-dinscription-2024-2025.pdf\"><img loading=\"lazy\" decoding=\"async\" width=\"808\" height=\"425\" src=\"https:\/\/etab.ac-reunion.fr\/clg-terrain-fleury\/wp-content\/uploads\/sites\/104\/2024\/09\/img-association-sportive-.jpg\" alt=\"\" class=\"wp-image-2794\" srcset=\"https:\/\/etab.ac-reunion.fr\/clg-terrain-fleury\/wp-content\/uploads\/sites\/104\/2024\/09\/img-association-sportive-.jpg 808w, https:\/\/etab.ac-reunion.fr\/clg-terrain-fleury\/wp-content\/uploads\/sites\/104\/2024\/09\/img-association-sportive--300x158.jpg 300w, https:\/\/etab.ac-reunion.fr\/clg-terrain-fleury\/wp-content\/uploads\/sites\/104\/2024\/09\/img-association-sportive--768x404.jpg 768w, https:\/\/etab.ac-reunion.fr\/clg-terrain-fleury\/wp-content\/uploads\/sites\/104\/2024\/09\/img-association-sportive--150x79.jpg 150w\" sizes=\"auto, (max-width: 808px) 100vw, 808px\" \/><\/a><\/figure>\n\n\n\n<p class=\"has-text-align-center\">Cliquez sur l&rsquo;image<\/p>\n\n\n\n<p><\/p>\n","protected":false},"excerpt":{"rendered":"<p>L&rsquo;Association Sportive&nbsp;(A.S) est une composante essentielle de la Vie Scolaire dans tous les \u00e9tablissements du second degr\u00e9. Elle permet \u00e0 tous les \u00e9l\u00e8ves de participer \u00e0 des activit\u00e9s physiques et sportives en dehors des heures de cours, favorisant ainsi la pratique sportive r\u00e9guli\u00e8re et la d\u00e9couverte de nouvelles disciplines. Qu&rsquo;est-ce\u2026<\/p>\n<p class=\"continue-reading-button\"> <a class=\"continue-reading-link\" href=\"https:\/\/etab.ac-reunion.fr\/clg-terrain-fleury\/unss\/\">Lire la suite<i class=\"crycon-right-dir\"><\/i><\/a><\/p>\n","protected":false},"author":21090,"featured_media":0,"parent":0,"menu_order":0,"comment_status":"closed","ping_status":"closed","template":"","meta":{"footnotes":""},"class_list":["post-734","page","type-page","status-publish","hentry"],"_links":{"self":[{"href":"https:\/\/etab.ac-reunion.fr\/clg-terrain-fleury\/wp-json\/wp\/v2\/pages\/734","targetHints":{"allow":["GET"]}}],"collection":[{"href":"https:\/\/etab.ac-reunion.fr\/clg-terrain-fleury\/wp-json\/wp\/v2\/pages"}],"about":[{"href":"https:\/\/etab.ac-reunion.fr\/clg-terrain-fleury\/wp-json\/wp\/v2\/types\/page"}],"author":[{"embeddable":true,"href":"https:\/\/etab.ac-reunion.fr\/clg-terrain-fleury\/wp-json\/wp\/v2\/users\/21090"}],"replies":[{"embeddable":true,"href":"https:\/\/etab.ac-reunion.fr\/clg-terrain-fleury\/wp-json\/wp\/v2\/comments?post=734"}],"version-history":[{"count":5,"href":"https:\/\/etab.ac-reunion.fr\/clg-terrain-fleury\/wp-json\/wp\/v2\/pages\/734\/revisions"}],"predecessor-version":[{"id":2816,"href":"https:\/\/etab.ac-reunion.fr\/clg-terrain-fleury\/wp-json\/wp\/v2\/pages\/734\/revisions\/2816"}],"wp:attachment":[{"href":"https:\/\/etab.ac-reunion.fr\/clg-terrain-fleury\/wp-json\/wp\/v2\/media?parent=734"}],"curies":[{"name":"wp","href":"https:\/\/api.w.org\/{rel}","templated":true}]}}