{"id":746,"date":"2019-05-03T17:48:28","date_gmt":"2019-05-03T13:48:28","guid":{"rendered":"http:\/\/college-terrain-fleury.ac-reunion.fr\/?page_id=746"},"modified":"2019-05-20T10:06:23","modified_gmt":"2019-05-20T06:06:23","slug":"charte-de-la-laicite","status":"publish","type":"page","link":"https:\/\/etab.ac-reunion.fr\/clg-terrain-fleury\/charte-de-la-laicite\/","title":{"rendered":"Charte de la la\u00efcit\u00e9"},"content":{"rendered":"\n<figure class=\"wp-block-image\"><img loading=\"lazy\" decoding=\"async\" width=\"720\" height=\"1018\" src=\"https:\/\/etab.ac-reunion.fr\/clg-terrain-fleury\/wp-content\/uploads\/sites\/104\/2019\/05\/Charte-la\u00efcit\u00e9.jpg\" alt=\"\" class=\"wp-image-958\" srcset=\"https:\/\/etab.ac-reunion.fr\/clg-terrain-fleury\/wp-content\/uploads\/sites\/104\/2019\/05\/Charte-la\u00efcit\u00e9.jpg 720w, https:\/\/etab.ac-reunion.fr\/clg-terrain-fleury\/wp-content\/uploads\/sites\/104\/2019\/05\/Charte-la\u00efcit\u00e9-212x300.jpg 212w, https:\/\/etab.ac-reunion.fr\/clg-terrain-fleury\/wp-content\/uploads\/sites\/104\/2019\/05\/Charte-la\u00efcit\u00e9-106x150.jpg 106w\" sizes=\"auto, (max-width: 720px) 100vw, 720px\" \/><\/figure>\n\n\n\n<p>Ressources vers Education.gouv: <a href=\"https:\/\/www.education.gouv.fr\/cid95865\/la-laicite-a-l-ecole.html\">La la\u00efcit\u00e9 \u00e0 l&rsquo;\u00e9cole<\/a><\/p>\n","protected":false},"excerpt":{"rendered":"<p>Ressources vers Education.gouv: La la\u00efcit\u00e9 \u00e0 l&rsquo;\u00e9cole<\/p>\n<p class=\"continue-reading-button\"> <a class=\"continue-reading-link\" href=\"https:\/\/etab.ac-reunion.fr\/clg-terrain-fleury\/charte-de-la-laicite\/\">Lire la suite<i class=\"crycon-right-dir\"><\/i><\/a><\/p>\n","protected":false},"author":21090,"featured_media":0,"parent":0,"menu_order":0,"comment_status":"closed","ping_status":"closed","template":"","meta":{"footnotes":""},"class_list":["post-746","page","type-page","status-publish","hentry"],"_links":{"self":[{"href":"https:\/\/etab.ac-reunion.fr\/clg-terrain-fleury\/wp-json\/wp\/v2\/pages\/746","targetHints":{"allow":["GET"]}}],"collection":[{"href":"https:\/\/etab.ac-reunion.fr\/clg-terrain-fleury\/wp-json\/wp\/v2\/pages"}],"about":[{"href":"https:\/\/etab.ac-reunion.fr\/clg-terrain-fleury\/wp-json\/wp\/v2\/types\/page"}],"author":[{"embeddable":true,"href":"https:\/\/etab.ac-reunion.fr\/clg-terrain-fleury\/wp-json\/wp\/v2\/users\/21090"}],"replies":[{"embeddable":true,"href":"https:\/\/etab.ac-reunion.fr\/clg-terrain-fleury\/wp-json\/wp\/v2\/comments?post=746"}],"version-history":[{"count":3,"href":"https:\/\/etab.ac-reunion.fr\/clg-terrain-fleury\/wp-json\/wp\/v2\/pages\/746\/revisions"}],"predecessor-version":[{"id":959,"href":"https:\/\/etab.ac-reunion.fr\/clg-terrain-fleury\/wp-json\/wp\/v2\/pages\/746\/revisions\/959"}],"wp:attachment":[{"href":"https:\/\/etab.ac-reunion.fr\/clg-terrain-fleury\/wp-json\/wp\/v2\/media?parent=746"}],"curies":[{"name":"wp","href":"https:\/\/api.w.org\/{rel}","templated":true}]}}