{"id":788,"date":"2019-05-04T14:39:23","date_gmt":"2019-05-04T10:39:23","guid":{"rendered":"http:\/\/college-terrain-fleury.ac-reunion.fr\/?page_id=788"},"modified":"2022-04-12T14:29:13","modified_gmt":"2022-04-12T10:29:13","slug":"cdi","status":"publish","type":"page","link":"https:\/\/etab.ac-reunion.fr\/clg-terrain-fleury\/cdi\/","title":{"rendered":"CDI"},"content":{"rendered":"\n<h2 class=\"wp-block-heading\">Centre de Documentation et d\u2019Information<\/h2>\n\n\n\n<p>Le Centre de Documentation et d\u2019Information du coll\u00e8ge Terrain Fleury est d\u00e9di\u00e9 \u00e0 l\u2019accueil des \u00e9l\u00e8ves et des enseignants qui le souhaitent.<\/p>\n\n\n\n<p>C\u2019est un endroit calme et chaleureux qui permet \u00e0 tous de passer emprunter un livre o\u00f9 travailler dans le respect des autres et des lieux\u2026<\/p>\n\n\n\n<p>Mme Rabour Natacha, professeur documentaliste, et son assistante Mme Xavier Fernande (APSH) ont opt\u00e9 pour une ouverture du lundi au vendredi selon les horaires suivants:<\/p>\n\n\n\n<p>Lundi, mardi et jeudi de 7H30 \u00e0 11H45 et de 12H30 \u00e0 15H45.<\/p>\n\n\n\n<p>Mercredi de 7H30 \u00e0 11H00.<\/p>\n\n\n\n<p>Vendredi de 7H30 \u00e0 11h45.<\/p>\n\n\n\n<p>Le CDI est \u00e9galement un lieu d\u2019exposition pour les travaux d\u2019\u00e9l\u00e8ves en fonction des projets et des collaborations avec les enseignants.<\/p>\n","protected":false},"excerpt":{"rendered":"<p>Centre de Documentation et d\u2019Information Le Centre de Documentation et d\u2019Information du coll\u00e8ge Terrain Fleury est d\u00e9di\u00e9 \u00e0 l\u2019accueil des \u00e9l\u00e8ves et des enseignants qui le souhaitent. C\u2019est un endroit calme et chaleureux qui permet \u00e0 tous de passer emprunter un livre o\u00f9 travailler dans le respect des autres et\u2026<\/p>\n<p class=\"continue-reading-button\"> <a class=\"continue-reading-link\" href=\"https:\/\/etab.ac-reunion.fr\/clg-terrain-fleury\/cdi\/\">Lire la suite<i class=\"crycon-right-dir\"><\/i><\/a><\/p>\n","protected":false},"author":21090,"featured_media":0,"parent":0,"menu_order":0,"comment_status":"closed","ping_status":"closed","template":"","meta":{"footnotes":""},"class_list":["post-788","page","type-page","status-publish","hentry"],"_links":{"self":[{"href":"https:\/\/etab.ac-reunion.fr\/clg-terrain-fleury\/wp-json\/wp\/v2\/pages\/788","targetHints":{"allow":["GET"]}}],"collection":[{"href":"https:\/\/etab.ac-reunion.fr\/clg-terrain-fleury\/wp-json\/wp\/v2\/pages"}],"about":[{"href":"https:\/\/etab.ac-reunion.fr\/clg-terrain-fleury\/wp-json\/wp\/v2\/types\/page"}],"author":[{"embeddable":true,"href":"https:\/\/etab.ac-reunion.fr\/clg-terrain-fleury\/wp-json\/wp\/v2\/users\/21090"}],"replies":[{"embeddable":true,"href":"https:\/\/etab.ac-reunion.fr\/clg-terrain-fleury\/wp-json\/wp\/v2\/comments?post=788"}],"version-history":[{"count":5,"href":"https:\/\/etab.ac-reunion.fr\/clg-terrain-fleury\/wp-json\/wp\/v2\/pages\/788\/revisions"}],"predecessor-version":[{"id":2073,"href":"https:\/\/etab.ac-reunion.fr\/clg-terrain-fleury\/wp-json\/wp\/v2\/pages\/788\/revisions\/2073"}],"wp:attachment":[{"href":"https:\/\/etab.ac-reunion.fr\/clg-terrain-fleury\/wp-json\/wp\/v2\/media?parent=788"}],"curies":[{"name":"wp","href":"https:\/\/api.w.org\/{rel}","templated":true}]}}