{"id":790,"date":"2019-05-04T14:39:45","date_gmt":"2019-05-04T10:39:45","guid":{"rendered":"http:\/\/college-terrain-fleury.ac-reunion.fr\/?page_id=790"},"modified":"2020-09-17T11:06:48","modified_gmt":"2020-09-17T07:06:48","slug":"lactu-du-cdi","status":"publish","type":"page","link":"https:\/\/etab.ac-reunion.fr\/clg-terrain-fleury\/lactu-du-cdi\/","title":{"rendered":"L&rsquo;actu du CDI"},"content":{"rendered":"\n<figure class=\"wp-block-image size-large is-resized\"><img loading=\"lazy\" decoding=\"async\" src=\"https:\/\/etab.ac-reunion.fr\/clg-terrain-fleury\/wp-content\/uploads\/sites\/104\/2020\/09\/IMG_1322-rotated.jpg\" alt=\"\" class=\"wp-image-1667\" width=\"121\" height=\"161\" srcset=\"https:\/\/etab.ac-reunion.fr\/clg-terrain-fleury\/wp-content\/uploads\/sites\/104\/2020\/09\/IMG_1322-rotated.jpg 480w, https:\/\/etab.ac-reunion.fr\/clg-terrain-fleury\/wp-content\/uploads\/sites\/104\/2020\/09\/IMG_1322-225x300.jpg 225w, https:\/\/etab.ac-reunion.fr\/clg-terrain-fleury\/wp-content\/uploads\/sites\/104\/2020\/09\/IMG_1322-113x150.jpg 113w\" sizes=\"auto, (max-width: 121px) 100vw, 121px\" \/><\/figure>\n\n\n\n<p>Cr\u00e9ation d\u2019un espace d\u00e9di\u00e9 au d\u00e9veloppement durable au Cdi en collaboration avec Mr Hoareau Julien professeur de SVT.<br>On peut y trouver les livres et magazines sur ce th\u00e8me ainsi que les fameux blocs notes confectionn\u00e9s par les eco-d\u00e9l\u00e9gu\u00e9s \u00e0 partir de chutes de papier&#8230;<\/p>\n","protected":false},"excerpt":{"rendered":"<p>Cr\u00e9ation d\u2019un espace d\u00e9di\u00e9 au d\u00e9veloppement durable au Cdi en collaboration avec Mr Hoareau Julien professeur de SVT.On peut y trouver les livres et magazines sur ce th\u00e8me ainsi que les fameux blocs notes confectionn\u00e9s par les eco-d\u00e9l\u00e9gu\u00e9s \u00e0 partir de chutes de papier&#8230;<\/p>\n<p class=\"continue-reading-button\"> <a class=\"continue-reading-link\" href=\"https:\/\/etab.ac-reunion.fr\/clg-terrain-fleury\/lactu-du-cdi\/\">Lire la suite<i class=\"crycon-right-dir\"><\/i><\/a><\/p>\n","protected":false},"author":21090,"featured_media":0,"parent":0,"menu_order":0,"comment_status":"closed","ping_status":"closed","template":"","meta":{"footnotes":""},"class_list":["post-790","page","type-page","status-publish","hentry"],"_links":{"self":[{"href":"https:\/\/etab.ac-reunion.fr\/clg-terrain-fleury\/wp-json\/wp\/v2\/pages\/790","targetHints":{"allow":["GET"]}}],"collection":[{"href":"https:\/\/etab.ac-reunion.fr\/clg-terrain-fleury\/wp-json\/wp\/v2\/pages"}],"about":[{"href":"https:\/\/etab.ac-reunion.fr\/clg-terrain-fleury\/wp-json\/wp\/v2\/types\/page"}],"author":[{"embeddable":true,"href":"https:\/\/etab.ac-reunion.fr\/clg-terrain-fleury\/wp-json\/wp\/v2\/users\/21090"}],"replies":[{"embeddable":true,"href":"https:\/\/etab.ac-reunion.fr\/clg-terrain-fleury\/wp-json\/wp\/v2\/comments?post=790"}],"version-history":[{"count":2,"href":"https:\/\/etab.ac-reunion.fr\/clg-terrain-fleury\/wp-json\/wp\/v2\/pages\/790\/revisions"}],"predecessor-version":[{"id":1668,"href":"https:\/\/etab.ac-reunion.fr\/clg-terrain-fleury\/wp-json\/wp\/v2\/pages\/790\/revisions\/1668"}],"wp:attachment":[{"href":"https:\/\/etab.ac-reunion.fr\/clg-terrain-fleury\/wp-json\/wp\/v2\/media?parent=790"}],"curies":[{"name":"wp","href":"https:\/\/api.w.org\/{rel}","templated":true}]}}