{"id":802,"date":"2019-05-04T14:47:12","date_gmt":"2019-05-04T10:47:12","guid":{"rendered":"http:\/\/college-terrain-fleury.ac-reunion.fr\/?page_id=802"},"modified":"2019-05-05T17:37:53","modified_gmt":"2019-05-05T13:37:53","slug":"3eme-prepa-metiers","status":"publish","type":"page","link":"https:\/\/etab.ac-reunion.fr\/clg-terrain-fleury\/3eme-prepa-metiers\/","title":{"rendered":"3\u00e8me pr\u00e9pa-m\u00e9tiers"},"content":{"rendered":"\n<p> Un d\u00e9cr\u00eat pr\u00e9cise l&rsquo;organisation des classes de troisi\u00e8me \u00ab\u00a0pr\u00e9pa-m\u00e9tiers\u00a0\u00bb pour la rentr\u00e9e scolaire de septembre 2019. Ces classes ont pour objectif d&rsquo;accompagner les \u00e9l\u00e8ves volontaires dans la construction de leur projet de poursuite d&rsquo;\u00e9tudes en particulier vers la voie professionnelle sous statut scolaire et par apprentissage. <\/p>\n\n\n\n<p><a href=\"https:\/\/www.education.gouv.fr\/cid140398\/au-bo-du-28-mars-2019-classe-de-troisieme-dite-prepa-metiers.html\">Bulletin officiel du 28 mars 2019<\/a><\/p>\n","protected":false},"excerpt":{"rendered":"<p>Un d\u00e9cr\u00eat pr\u00e9cise l&rsquo;organisation des classes de troisi\u00e8me \u00ab\u00a0pr\u00e9pa-m\u00e9tiers\u00a0\u00bb pour la rentr\u00e9e scolaire de septembre 2019. Ces classes ont pour objectif d&rsquo;accompagner les \u00e9l\u00e8ves volontaires dans la construction de leur projet de poursuite d&rsquo;\u00e9tudes en particulier vers la voie professionnelle sous statut scolaire et par apprentissage. Bulletin officiel du 28\u2026<\/p>\n<p class=\"continue-reading-button\"> <a class=\"continue-reading-link\" href=\"https:\/\/etab.ac-reunion.fr\/clg-terrain-fleury\/3eme-prepa-metiers\/\">Lire la suite<i class=\"crycon-right-dir\"><\/i><\/a><\/p>\n","protected":false},"author":21090,"featured_media":0,"parent":0,"menu_order":0,"comment_status":"closed","ping_status":"closed","template":"","meta":{"footnotes":""},"class_list":["post-802","page","type-page","status-publish","hentry"],"_links":{"self":[{"href":"https:\/\/etab.ac-reunion.fr\/clg-terrain-fleury\/wp-json\/wp\/v2\/pages\/802","targetHints":{"allow":["GET"]}}],"collection":[{"href":"https:\/\/etab.ac-reunion.fr\/clg-terrain-fleury\/wp-json\/wp\/v2\/pages"}],"about":[{"href":"https:\/\/etab.ac-reunion.fr\/clg-terrain-fleury\/wp-json\/wp\/v2\/types\/page"}],"author":[{"embeddable":true,"href":"https:\/\/etab.ac-reunion.fr\/clg-terrain-fleury\/wp-json\/wp\/v2\/users\/21090"}],"replies":[{"embeddable":true,"href":"https:\/\/etab.ac-reunion.fr\/clg-terrain-fleury\/wp-json\/wp\/v2\/comments?post=802"}],"version-history":[{"count":2,"href":"https:\/\/etab.ac-reunion.fr\/clg-terrain-fleury\/wp-json\/wp\/v2\/pages\/802\/revisions"}],"predecessor-version":[{"id":915,"href":"https:\/\/etab.ac-reunion.fr\/clg-terrain-fleury\/wp-json\/wp\/v2\/pages\/802\/revisions\/915"}],"wp:attachment":[{"href":"https:\/\/etab.ac-reunion.fr\/clg-terrain-fleury\/wp-json\/wp\/v2\/media?parent=802"}],"curies":[{"name":"wp","href":"https:\/\/api.w.org\/{rel}","templated":true}]}}