{"id":806,"date":"2019-05-04T14:47:48","date_gmt":"2019-05-04T10:47:48","guid":{"rendered":"http:\/\/college-terrain-fleury.ac-reunion.fr\/?page_id=806"},"modified":"2019-05-07T13:58:27","modified_gmt":"2019-05-07T09:58:27","slug":"linfirmerie","status":"publish","type":"page","link":"https:\/\/etab.ac-reunion.fr\/clg-terrain-fleury\/linfirmerie\/","title":{"rendered":"L&rsquo;infirmerie"},"content":{"rendered":"\n<p>Elle est pr\u00e9sente au coll\u00e8ge.<\/p>\n\n\n\n<p><strong>L\u2019\u00e9l\u00e8ve doit donc arriver au coll\u00e8ge en \u00e9tat de suivre les cours.<\/strong><\/p>\n\n\n\n<p>Il est imp\u00e9ratif que tous prennent un petit d\u00e9jeuner le matin afin d\u2019\u00e9viter maux de t\u00eate, douleurs abdominales et fatigue survenant dans la matin\u00e9e.<\/p>\n\n\n\n<p>Son r\u00f4le est \u00e0 la fois relationnel, \u00e9ducatif et technique, dans le but de favoriser la r\u00e9ussite scolaire des \u00e9l\u00e8ves.<\/p>\n\n\n\n<p>Il lui appartient d\u2019organiser les soins et les urgences sous la responsabilit\u00e9 du chef d\u2019\u00e9tablissement, pour les accidents et urgences survenus sur le temps scolaire.<\/p>\n\n\n\n<p>Les accidents et maladies survenus hors du temps scolaire doivent \u00eatre trait\u00e9s par les parents.<\/p>\n\n\n\n<p>En cas d\u2019absence de l\u2019infirmi\u00e8re, les \u00e9l\u00e8ves se signalent \u00e0 la vie scolaire<\/p>\n\n\n\n<p>L\u2019infirmi\u00e8re r\u00e9alise \u00e9galement des d\u00e9pistages infirmiers obligatoires aupr\u00e8s des \u00e9l\u00e8ves de 6<sup>e<\/sup>. C\u2019est l\u2019occasion d\u2019\u00e9changer avec eux, en particulier en ce qui concerne leur hygi\u00e8ne de vie.<\/p>\n\n\n\n<p>Il lui revient aussi de participer aux actions d\u2019\u00e9ducation \u00e0 la sant\u00e9 et \u00e0 la citoyennet\u00e9.<\/p>\n\n\n\n<p>Les parents d\u2019un \u00e9l\u00e8ve atteint d\u2019une maladie n\u00e9cessitant la prise de m\u00e9dicaments sur le temps scolaire ou atteint d\u2019un handicap, peuvent transmettre des informations confidentielles sous enveloppe cachet\u00e9e, \u00e0 l\u2019intention du m\u00e9decin ou de l\u2019infirmi\u00e8re scolaire. A la demande des parents, un Projet d\u2019Accueil Individualis\u00e9 ou PAI peut \u00eatre \u00e9tabli par leur m\u00e9decin.<\/p>\n\n\n\n<p><strong>R\u00e8glement pour venir \u00e0 l\u2019infirmerie&nbsp;:<\/strong><\/p>\n\n\n\n<p>L\u2019accueil se fait de pr\u00e9f\u00e9rence pendant le temps de permanence, de r\u00e9cr\u00e9ation et des intercours, et le moins possible pendant les heures de cours sauf en cas d\u2019urgence. L\u2019\u00e9l\u00e8ve vient avec un accompagnateur et muni de son carnet de correspondance. L\u2019infirmi\u00e8re vise le carnet de liaison \u00e0 la page qui lui est destin\u00e9e.<\/p>\n","protected":false},"excerpt":{"rendered":"<p>Elle est pr\u00e9sente au coll\u00e8ge. L\u2019\u00e9l\u00e8ve doit donc arriver au coll\u00e8ge en \u00e9tat de suivre les cours. Il est imp\u00e9ratif que tous prennent un petit d\u00e9jeuner le matin afin d\u2019\u00e9viter maux de t\u00eate, douleurs abdominales et fatigue survenant dans la matin\u00e9e. Son r\u00f4le est \u00e0 la fois relationnel, \u00e9ducatif et\u2026<\/p>\n<p class=\"continue-reading-button\"> <a class=\"continue-reading-link\" href=\"https:\/\/etab.ac-reunion.fr\/clg-terrain-fleury\/linfirmerie\/\">Lire la suite<i class=\"crycon-right-dir\"><\/i><\/a><\/p>\n","protected":false},"author":21090,"featured_media":0,"parent":0,"menu_order":0,"comment_status":"closed","ping_status":"closed","template":"","meta":{"footnotes":""},"class_list":["post-806","page","type-page","status-publish","hentry"],"_links":{"self":[{"href":"https:\/\/etab.ac-reunion.fr\/clg-terrain-fleury\/wp-json\/wp\/v2\/pages\/806","targetHints":{"allow":["GET"]}}],"collection":[{"href":"https:\/\/etab.ac-reunion.fr\/clg-terrain-fleury\/wp-json\/wp\/v2\/pages"}],"about":[{"href":"https:\/\/etab.ac-reunion.fr\/clg-terrain-fleury\/wp-json\/wp\/v2\/types\/page"}],"author":[{"embeddable":true,"href":"https:\/\/etab.ac-reunion.fr\/clg-terrain-fleury\/wp-json\/wp\/v2\/users\/21090"}],"replies":[{"embeddable":true,"href":"https:\/\/etab.ac-reunion.fr\/clg-terrain-fleury\/wp-json\/wp\/v2\/comments?post=806"}],"version-history":[{"count":3,"href":"https:\/\/etab.ac-reunion.fr\/clg-terrain-fleury\/wp-json\/wp\/v2\/pages\/806\/revisions"}],"predecessor-version":[{"id":932,"href":"https:\/\/etab.ac-reunion.fr\/clg-terrain-fleury\/wp-json\/wp\/v2\/pages\/806\/revisions\/932"}],"wp:attachment":[{"href":"https:\/\/etab.ac-reunion.fr\/clg-terrain-fleury\/wp-json\/wp\/v2\/media?parent=806"}],"curies":[{"name":"wp","href":"https:\/\/api.w.org\/{rel}","templated":true}]}}