{"id":812,"date":"2019-05-04T14:48:46","date_gmt":"2019-05-04T10:48:46","guid":{"rendered":"http:\/\/college-terrain-fleury.ac-reunion.fr\/?page_id=812"},"modified":"2019-05-04T18:20:06","modified_gmt":"2019-05-04T14:20:06","slug":"les-parents","status":"publish","type":"page","link":"https:\/\/etab.ac-reunion.fr\/clg-terrain-fleury\/les-parents\/","title":{"rendered":"Les parents"},"content":{"rendered":"\n<p>Les parents sont des membres \u00e0 part enti\u00e8re de la communaut\u00e9 \u00e9ducative. Le dialogue avec les enseignants et autres personnels de chaque \u00e9cole et \u00e9tablissement est assur\u00e9. Les repr\u00e9sentants de parents d\u2019\u00e9l\u00e8ves participent aux conseils d\u2019\u00e9cole dans le premier degr\u00e9 et aux conseils de classe et d\u2019administration des \u00e9tablissements d\u2019enseignement du second degr\u00e9.<\/p>\n\n\n\n<ul class=\"wp-block-list\"><li><a href=\"https:\/\/www.education.gouv.fr\/cid2659\/les-parents-d-eleves.html#Le_r%C3%B4le%20et%20la%20place%20des%20parents%20%C3%A0%20l'%C3%89cole\">Le r\u00f4le et la place des parents \u00e0 l\u2019\u00c9cole<\/a><\/li><li><a href=\"https:\/\/www.education.gouv.fr\/cid2659\/les-parents-d-eleves.html#Les_%C3%A9lections%20des%20repr%C3%A9sentants%20des%20parents%20d'%C3%A9l%C3%A8ves\">Les \u00e9lections des repr\u00e9sentants des parents d\u2019\u00e9l\u00e8ves<\/a><\/li><li><a href=\"https:\/\/www.education.gouv.fr\/cid2659\/les-parents-d-eleves.html#Des_dispositifs%20vari%C3%A9s%20qui%20impliquent%20les%20parents\">Des dispositifs vari\u00e9s qui impliquent les parents<\/a><\/li><\/ul>\n\n\n\n<p><a href=\"https:\/\/www.education.gouv.fr\/pid34299\/accompagner-son-enfant-tout-au-long-de-l-annee.html?tab=2#page-service-z2\">Accompagner son enfant tout au long de l\u2019ann\u00e9e<\/a><\/p>\n\n\n\n<p><a href=\"https:\/\/www.education.gouv.fr\/pid24211\/etre-parent-d-eleves.html\">\u00catre parent d\u2019\u00e9l\u00e8ves au coll\u00e8ge<\/a><\/p>\n","protected":false},"excerpt":{"rendered":"<p>Les parents sont des membres \u00e0 part enti\u00e8re de la communaut\u00e9 \u00e9ducative. Le dialogue avec les enseignants et autres personnels de chaque \u00e9cole et \u00e9tablissement est assur\u00e9. Les repr\u00e9sentants de parents d\u2019\u00e9l\u00e8ves participent aux conseils d\u2019\u00e9cole dans le premier degr\u00e9 et aux conseils de classe et d\u2019administration des \u00e9tablissements d\u2019enseignement\u2026<\/p>\n<p class=\"continue-reading-button\"> <a class=\"continue-reading-link\" href=\"https:\/\/etab.ac-reunion.fr\/clg-terrain-fleury\/les-parents\/\">Lire la suite<i class=\"crycon-right-dir\"><\/i><\/a><\/p>\n","protected":false},"author":21090,"featured_media":0,"parent":0,"menu_order":0,"comment_status":"closed","ping_status":"closed","template":"","meta":{"footnotes":""},"class_list":["post-812","page","type-page","status-publish","hentry"],"_links":{"self":[{"href":"https:\/\/etab.ac-reunion.fr\/clg-terrain-fleury\/wp-json\/wp\/v2\/pages\/812","targetHints":{"allow":["GET"]}}],"collection":[{"href":"https:\/\/etab.ac-reunion.fr\/clg-terrain-fleury\/wp-json\/wp\/v2\/pages"}],"about":[{"href":"https:\/\/etab.ac-reunion.fr\/clg-terrain-fleury\/wp-json\/wp\/v2\/types\/page"}],"author":[{"embeddable":true,"href":"https:\/\/etab.ac-reunion.fr\/clg-terrain-fleury\/wp-json\/wp\/v2\/users\/21090"}],"replies":[{"embeddable":true,"href":"https:\/\/etab.ac-reunion.fr\/clg-terrain-fleury\/wp-json\/wp\/v2\/comments?post=812"}],"version-history":[{"count":3,"href":"https:\/\/etab.ac-reunion.fr\/clg-terrain-fleury\/wp-json\/wp\/v2\/pages\/812\/revisions"}],"predecessor-version":[{"id":828,"href":"https:\/\/etab.ac-reunion.fr\/clg-terrain-fleury\/wp-json\/wp\/v2\/pages\/812\/revisions\/828"}],"wp:attachment":[{"href":"https:\/\/etab.ac-reunion.fr\/clg-terrain-fleury\/wp-json\/wp\/v2\/media?parent=812"}],"curies":[{"name":"wp","href":"https:\/\/api.w.org\/{rel}","templated":true}]}}