{"id":829,"date":"2019-05-04T18:21:28","date_gmt":"2019-05-04T14:21:28","guid":{"rendered":"http:\/\/college-terrain-fleury.ac-reunion.fr\/?page_id=829"},"modified":"2019-05-04T18:21:28","modified_gmt":"2019-05-04T14:21:28","slug":"conseils-pratiques-aux-parents","status":"publish","type":"page","link":"https:\/\/etab.ac-reunion.fr\/clg-terrain-fleury\/conseils-pratiques-aux-parents\/","title":{"rendered":"Conseils pratiques aux parents"},"content":{"rendered":"\n<p>La r\u00e9ussite de la scolarit\u00e9 de votre enfant est li\u00e9e au&nbsp;<strong>dialogue qui s\u2019\u00e9tablira entre les personnels de l\u2019\u00e9cole ou de l\u2019\u00e9tablissement scolaire du second degr\u00e9 et vous-m\u00eame<\/strong>&nbsp;et de votre implication dans l\u2019accompagnement de sa scolarit\u00e9.<\/p>\n\n\n\n<p><strong>Accompagner votre enfant dans sa scolarit\u00e9<\/strong>, c\u2019est&nbsp;:<\/p>\n\n\n\n<ul class=\"wp-block-list\"><li>l\u2019encourager dans sa d\u00e9couverte de la lecture et de l\u2019\u00e9criture et dans sa recherche d\u2019autonomie<\/li><li>d\u00e9velopper son sens des responsabilit\u00e9s, lui apprendre le n\u00e9cessaire respect de lui-m\u00eame et des autres ainsi que l\u2019utilit\u00e9 des r\u00e8gles de vie commune<\/li><li>l\u2019aider \u00e0 acqu\u00e9rir une certaine hygi\u00e8ne de vie (sommeil et alimentation \u00e9quilibr\u00e9s, hygi\u00e8ne corporelle, activit\u00e9s physiques, etc.) qui le rendra plus disponible pour apprendre mais aussi, \u00e0 l\u2019adolescence, pour affronter les tentations de conduites \u00e0 risques<\/li><\/ul>\n\n\n\n<p><strong>Vous avez des questions, une difficult\u00e9 ou seulement une inqui\u00e9tude&nbsp;?&nbsp;<\/strong>Les personnels de l\u2019\u00e9cole ou de l\u2019\u00e9tablissement scolaire du second degr\u00e9, enseignants et personnels m\u00e9dicaux et sociaux (de l\u2019\u00e9ducation nationale ou des collectivit\u00e9s locales) peuvent, chacun pour ce qui les concerne, vous informer ou vous conseiller, vous ou votre enfant.<\/p>\n\n\n\n<p><a rel=\"noreferrer noopener\" href=\"https:\/\/mallettedesparents.education.gouv.fr\/fr\" target=\"_blank\">Retrouver plus de conseils sur la Mallette des parents&nbsp;<\/a><\/p>\n\n\n\n<p>Source:&nbsp;<a href=\"https:\/\/www.education.gouv.fr\/cid2659\/les-parents-d-eleves.html\">Education Nationale<\/a><\/p>\n","protected":false},"excerpt":{"rendered":"<p>La r\u00e9ussite de la scolarit\u00e9 de votre enfant est li\u00e9e au&nbsp;dialogue qui s\u2019\u00e9tablira entre les personnels de l\u2019\u00e9cole ou de l\u2019\u00e9tablissement scolaire du second degr\u00e9 et vous-m\u00eame&nbsp;et de votre implication dans l\u2019accompagnement de sa scolarit\u00e9. Accompagner votre enfant dans sa scolarit\u00e9, c\u2019est&nbsp;: l\u2019encourager dans sa d\u00e9couverte de la lecture et\u2026<\/p>\n<p class=\"continue-reading-button\"> <a class=\"continue-reading-link\" href=\"https:\/\/etab.ac-reunion.fr\/clg-terrain-fleury\/conseils-pratiques-aux-parents\/\">Lire la suite<i class=\"crycon-right-dir\"><\/i><\/a><\/p>\n","protected":false},"author":21090,"featured_media":0,"parent":0,"menu_order":0,"comment_status":"closed","ping_status":"closed","template":"","meta":{"footnotes":""},"class_list":["post-829","page","type-page","status-publish","hentry"],"_links":{"self":[{"href":"https:\/\/etab.ac-reunion.fr\/clg-terrain-fleury\/wp-json\/wp\/v2\/pages\/829","targetHints":{"allow":["GET"]}}],"collection":[{"href":"https:\/\/etab.ac-reunion.fr\/clg-terrain-fleury\/wp-json\/wp\/v2\/pages"}],"about":[{"href":"https:\/\/etab.ac-reunion.fr\/clg-terrain-fleury\/wp-json\/wp\/v2\/types\/page"}],"author":[{"embeddable":true,"href":"https:\/\/etab.ac-reunion.fr\/clg-terrain-fleury\/wp-json\/wp\/v2\/users\/21090"}],"replies":[{"embeddable":true,"href":"https:\/\/etab.ac-reunion.fr\/clg-terrain-fleury\/wp-json\/wp\/v2\/comments?post=829"}],"version-history":[{"count":1,"href":"https:\/\/etab.ac-reunion.fr\/clg-terrain-fleury\/wp-json\/wp\/v2\/pages\/829\/revisions"}],"predecessor-version":[{"id":830,"href":"https:\/\/etab.ac-reunion.fr\/clg-terrain-fleury\/wp-json\/wp\/v2\/pages\/829\/revisions\/830"}],"wp:attachment":[{"href":"https:\/\/etab.ac-reunion.fr\/clg-terrain-fleury\/wp-json\/wp\/v2\/media?parent=829"}],"curies":[{"name":"wp","href":"https:\/\/api.w.org\/{rel}","templated":true}]}}