{"id":833,"date":"2019-05-04T18:23:27","date_gmt":"2019-05-04T14:23:27","guid":{"rendered":"http:\/\/college-terrain-fleury.ac-reunion.fr\/?page_id=833"},"modified":"2020-09-17T10:39:01","modified_gmt":"2020-09-17T06:39:01","slug":"les-elections-des-parents-deleves","status":"publish","type":"page","link":"https:\/\/etab.ac-reunion.fr\/clg-terrain-fleury\/les-elections-des-parents-deleves\/","title":{"rendered":"Les \u00e9lections des parents d&rsquo;\u00e9l\u00e8ves"},"content":{"rendered":"\n<h4 class=\"wp-block-heading\">Quand&nbsp;?<\/h4>\n\n\n\n<p>Les \u00e9lections des repr\u00e9sentants des parents d\u2019\u00e9l\u00e8ves sont effectu\u00e9es&nbsp;<strong>au plus tard avant la fin de la septi\u00e8me semaine de l\u2019ann\u00e9e scolaire<\/strong>. Les dates sont pr\u00e9cis\u00e9es chaque ann\u00e9e par une note de service.<br><br>Dans le premier degr\u00e9, le bureau des \u00e9lections, pr\u00e9sid\u00e9 par le directeur de l\u2019\u00e9cole, assure l\u2019organisation des \u00e9lections.&nbsp;<br>Dans le second degr\u00e9, c\u2019est le chef d\u2019\u00e9tablissement qui est charg\u00e9 d\u2019organiser les \u00e9lections.<\/p>\n\n\n\n<h4 class=\"wp-block-heading\">Comment voter&nbsp;?<\/h4>\n\n\n\n<p>Les parents<s> expriment leur suffrage au bureau de vote de l\u2019\u00e9tablissement scolaire fr\u00e9quent\u00e9 par leur enfant ou<\/s> votent par correspondance.<\/p>\n\n\n\n<h5 class=\"wp-block-heading\"><s>Horaires d\u2019ouverture des bureaux de vote<\/s><\/h5>\n\n\n\n<p><s>L\u2019amplitude d\u2019ouverture des bureaux de vote est de&nbsp;<strong>quatre heures minimum<\/strong>. Les horaires du scrutin doivent int\u00e9grer ou une heure d\u2019entr\u00e9e ou une heure de sortie des \u00e9l\u00e8ves.<\/s><\/p>\n\n\n\n<h5 class=\"wp-block-heading\">Le vote par correspondance<\/h5>\n\n\n\n<p>Il permet d\u2019\u00e9viter les contraintes li\u00e9es \u00e0 un d\u00e9placement jusqu\u2019au bureau de vote tout en pr\u00e9sentant les&nbsp;<strong>garanties de confidentialit\u00e9 requises<\/strong>.<br><br><strong>Les conditions de ce vote sont clairement indiqu\u00e9es dans le mat\u00e9riel de vote transmis aux familles<\/strong>. Les documents relatifs aux \u00e9lections comportent&nbsp;:<\/p>\n\n\n\n<ul class=\"wp-block-list\"><li>les bulletins de vote<\/li><li>la notice explicative du vote par correspondance<\/li><li>\u00e9ventuellement les professions de foi<\/li><li>trois enveloppes num\u00e9rot\u00e9es garantissant l\u2019anonymat du vote<\/li><\/ul>\n\n\n\n<p>Les enveloppes doivent parvenir au bureau de vote avant l\u2019heure de la cl\u00f4ture du scrutin.<br><br>Le vote par correspondance peut \u00e9galement \u00eatre transmis directement par l\u2019\u00e9l\u00e8ve sous pli ferm\u00e9.<\/p>\n\n\n\n<h4 class=\"wp-block-heading\">Qui est \u00e9lecteur&nbsp;?<\/h4>\n\n\n\n<p><strong>Chacun des deux parents est \u00e9lecteur&nbsp;<\/strong>quelle que soit sa situation matrimoniale, sa nationalit\u00e9, sauf dans le cas o\u00f9 il s\u2019est vu retirer l\u2019autorit\u00e9 parentale.<\/p>\n\n\n\n<p>Lorsqu\u2019un tiers est charg\u00e9 de l\u2019\u00e9ducation de l\u2019enfant, il a le droit de voter et d\u2019\u00eatre candidat \u00e0 ces \u00e9lections \u00e0 la place des parents.<\/p>\n\n\n\n<p><strong>Chaque \u00e9lecteur ne dispose que d\u2019une voix<\/strong>, quel que soit le nombre d\u2019enfants inscrits dans la m\u00eame \u00e9cole ou le m\u00eame \u00e9tablissement.<\/p>\n\n\n\n<h4 class=\"wp-block-heading\">Qui est \u00e9ligible&nbsp;?<\/h4>\n\n\n\n<p><strong>Chaque \u00e9lecteur est \u00e9ligible&nbsp;<\/strong>sauf les personnels parents d\u2019\u00e9l\u00e8ves des \u00e9tablissements scolaires membres de droit du conseil d\u2019\u00e9cole ou d\u2019administration et les personnes si\u00e9geant \u00e8s qualit\u00e9 (d\u00e9sign\u00e9es par un organisme).<br><br>Dans le second degr\u00e9, les personnels qui sont \u00e9ligibles \u00e0 la fois dans le coll\u00e8ge des parents et dans celui des personnels, doivent pr\u00e9ciser, \u00e0 l\u2019issue des op\u00e9rations \u00e9lectorales, la cat\u00e9gorie au titre de laquelle ils ont choisi de si\u00e9ger.<\/p>\n\n\n\n<h4 class=\"wp-block-heading\">Qui peut d\u00e9poser une liste&nbsp;?<\/h4>\n\n\n\n<p>Peuvent d\u00e9poser des listes de candidats&nbsp;:<\/p>\n\n\n\n<ul class=\"wp-block-list\"><li>les f\u00e9d\u00e9rations ou unions de parents d\u2019\u00e9l\u00e8ves, qu\u2019elles soient ou non pr\u00e9sentes dans l\u2019\u00e9tablissement<\/li><li>les associations d\u00e9clar\u00e9es de parents d\u2019\u00e9l\u00e8ves<\/li><li>les parents d\u2019\u00e9l\u00e8ves qui ne sont pas constitu\u00e9s en association<\/li><\/ul>\n\n\n\n<h4 class=\"wp-block-heading\">Quelle est la composition des listes&nbsp;?<\/h4>\n\n\n\n<p>Les listes peuvent ne pas \u00eatre compl\u00e8tes.<br>Chaque liste doit&nbsp;<strong>comporter au moins deux noms de candidat<\/strong>&nbsp;et, au plus, le double du nombre de si\u00e8ges \u00e0 pourvoir.<\/p>\n\n\n\n<h4 class=\"wp-block-heading\">Quel mode de scrutin&nbsp;?<\/h4>\n\n\n\n<p>L\u2019\u00e9lection a lieu au<strong>&nbsp;scrutin de liste \u00e0 la repr\u00e9sentation proportionnelle au plus fort reste<\/strong>.<\/p>\n\n\n\n<p><strong>Les suppl\u00e9ants sont \u00e9lus \u00e0 la suite des titulaires<\/strong>, dans l\u2019ordre de pr\u00e9sentation des candidats sur la liste.<\/p>\n\n\n\n<h4 class=\"wp-block-heading\">Combien y a-t-il de parents \u00e9lus dans les \u00e9coles et les \u00e9tablissements&nbsp;?<\/h4>\n\n\n\n<h5 class=\"wp-block-heading\">Dans les coll\u00e8ges et dans les lyc\u00e9es<\/h5>\n\n\n\n<p>Il y a, selon le type de l\u2019\u00e9tablissement et sa taille,&nbsp;<strong>cinq, six ou sept repr\u00e9sentants de parents d\u2019\u00e9l\u00e8ves dans chaque conseil d\u2019administration<\/strong>. On d\u00e9nombre 44 514 repr\u00e9sentants de parents d\u2019\u00e9l\u00e8ves au total dans les coll\u00e8ges et lyc\u00e9es.<\/p>\n\n\n\n<h4 class=\"wp-block-heading\">Quel est le r\u00f4le des repr\u00e9sentants de parents d\u2019\u00e9l\u00e8ves&nbsp;?<\/h4>\n\n\n\n<p>Les parents d\u2019\u00e9l\u00e8ves \u00e9lus au conseil d\u2019\u00e9cole ou au conseil d\u2019administration d\u2019un \u00e9tablissement du second degr\u00e9 sont membres \u00e0 part enti\u00e8re de ces instances participatives&nbsp;: ils y ont voix d\u00e9lib\u00e9rative.<\/p>\n\n\n\n<h5 class=\"wp-block-heading\">Au coll\u00e8ge et au lyc\u00e9e<\/h5>\n\n\n\n<p>Le conseil d\u2019administration est l\u2019organe d\u00e9lib\u00e9rant de l\u2019\u00e9tablissement. Il se r\u00e9unit en s\u00e9ance ordinaire \u00e0 l\u2019initiative du chef d\u2019\u00e9tablissement<strong>&nbsp;au moins trois fois par an<\/strong>. Il&nbsp;:<\/p>\n\n\n\n<ul class=\"wp-block-list\"><li>adopte le projet d\u2019\u00e9tablissement, le budget et le r\u00e8glement int\u00e9rieur<\/li><li>donne son accord sur le programme de l\u2019association sportive<\/li><li>d\u00e9lib\u00e8re sur les questions relatives \u00e0 l\u2019hygi\u00e8ne, la sant\u00e9 et la s\u00e9curit\u00e9<\/li><li>donne son avis sur les principes de choix des manuels et outils p\u00e9dagogiques, sur la cr\u00e9ation d\u2019options et de sections, etc.<\/li><li>d\u00e9lib\u00e8re sur les questions li\u00e9es \u00e0 l\u2019accueil et \u00e0 l\u2019information des parents d\u2019\u00e9l\u00e8ves et les modalit\u00e9s g\u00e9n\u00e9rales de leur participation \u00e0 la vie scolaire<\/li><\/ul>\n\n\n\n<p>\u00c0 votre demande, ces m\u00eames repr\u00e9sentants peuvent assurer un&nbsp;<strong>r\u00f4le de m\u00e9diateur aupr\u00e8s de la communaut\u00e9 \u00e9ducative.<\/strong><\/p>\n\n\n\n<h4 class=\"wp-block-heading\">Place des parents dans les conseils de classe<\/h4>\n\n\n\n<p>Au coll\u00e8ge et au lyc\u00e9e, les d\u00e9l\u00e9gu\u00e9s des parents d\u2019\u00e9l\u00e8ves aux conseils de classe sont propos\u00e9s par les responsables des listes de candidats qui ont obtenu des voix lors des \u00e9lections au conseil d\u2019administration, et ils sont d\u00e9sign\u00e9s par le chef d\u2019\u00e9tablissement compte tenu des r\u00e9sultats de ces \u00e9lections.<\/p>\n\n\n\n<p>T\u00e9l\u00e9charger la brochure \u00ab&nbsp;<a href=\"https:\/\/cache.media.education.gouv.fr\/file\/Les_acteurs\/27\/8\/AutoriteParentale_170278.pdf\">L\u2019exercice de l\u2019autorit\u00e9 parentale en milieu scolaire<\/a>\u00ab&nbsp;<\/p>\n\n\n\n<p>Source:&nbsp;<a href=\"https:\/\/www.education.gouv.fr\/cid2659\/les-parents-d-eleves.html\">Education Nationale<\/a><\/p>\n","protected":false},"excerpt":{"rendered":"<p>Quand&nbsp;? Les \u00e9lections des repr\u00e9sentants des parents d\u2019\u00e9l\u00e8ves sont effectu\u00e9es&nbsp;au plus tard avant la fin de la septi\u00e8me semaine de l\u2019ann\u00e9e scolaire. Les dates sont pr\u00e9cis\u00e9es chaque ann\u00e9e par une note de service. Dans le premier degr\u00e9, le bureau des \u00e9lections, pr\u00e9sid\u00e9 par le directeur de l\u2019\u00e9cole, assure l\u2019organisation des\u2026<\/p>\n<p class=\"continue-reading-button\"> <a class=\"continue-reading-link\" href=\"https:\/\/etab.ac-reunion.fr\/clg-terrain-fleury\/les-elections-des-parents-deleves\/\">Lire la suite<i class=\"crycon-right-dir\"><\/i><\/a><\/p>\n","protected":false},"author":21090,"featured_media":0,"parent":0,"menu_order":0,"comment_status":"closed","ping_status":"closed","template":"","meta":{"footnotes":""},"class_list":["post-833","page","type-page","status-publish","hentry"],"_links":{"self":[{"href":"https:\/\/etab.ac-reunion.fr\/clg-terrain-fleury\/wp-json\/wp\/v2\/pages\/833","targetHints":{"allow":["GET"]}}],"collection":[{"href":"https:\/\/etab.ac-reunion.fr\/clg-terrain-fleury\/wp-json\/wp\/v2\/pages"}],"about":[{"href":"https:\/\/etab.ac-reunion.fr\/clg-terrain-fleury\/wp-json\/wp\/v2\/types\/page"}],"author":[{"embeddable":true,"href":"https:\/\/etab.ac-reunion.fr\/clg-terrain-fleury\/wp-json\/wp\/v2\/users\/21090"}],"replies":[{"embeddable":true,"href":"https:\/\/etab.ac-reunion.fr\/clg-terrain-fleury\/wp-json\/wp\/v2\/comments?post=833"}],"version-history":[{"count":3,"href":"https:\/\/etab.ac-reunion.fr\/clg-terrain-fleury\/wp-json\/wp\/v2\/pages\/833\/revisions"}],"predecessor-version":[{"id":1666,"href":"https:\/\/etab.ac-reunion.fr\/clg-terrain-fleury\/wp-json\/wp\/v2\/pages\/833\/revisions\/1666"}],"wp:attachment":[{"href":"https:\/\/etab.ac-reunion.fr\/clg-terrain-fleury\/wp-json\/wp\/v2\/media?parent=833"}],"curies":[{"name":"wp","href":"https:\/\/api.w.org\/{rel}","templated":true}]}}