{"id":962,"date":"2019-05-20T10:18:46","date_gmt":"2019-05-20T06:18:46","guid":{"rendered":"http:\/\/college-terrain-fleury.ac-reunion.fr\/?page_id=962"},"modified":"2020-12-11T08:37:08","modified_gmt":"2020-12-11T04:37:08","slug":"le-mot-de-la-directrice","status":"publish","type":"page","link":"https:\/\/etab.ac-reunion.fr\/clg-terrain-fleury\/le-mot-de-la-directrice\/","title":{"rendered":"Le mot de la Directrice 2020-2021"},"content":{"rendered":"\n<p>Bonjour,<br> Directrice Adjointe Charg\u00e9e de SEGPA, j\u2019ai pris mes fonctions au coll\u00e8ge Terrain Fleury \u00e0 la rentr\u00e9e 2017, apr\u00e8s plusieurs ann\u00e9es en Seine et Marne, dans l\u2019Acad\u00e9mie de Cr\u00e9teil.<br> La Section d&rsquo;Enseignement G\u00e9n\u00e9ral et Professionnel Adapt\u00e9 (SEGPA) du coll\u00e8ge Terrain Fleury accueille une centaine d\u2019\u00e9l\u00e8ves relevant de la difficult\u00e9 scolaire grave et durable. Ils sont environ 16 par classe et r\u00e9partis dans une 6\u00e8me, une 6 \u00e8me \/5 \u00e8me , une 5\u00e8me, deux 4\u00e8me et deux 3 \u00e8me .<br> Les \u00e9l\u00e8ves sont encadr\u00e9s par des enseignants dont 2 sont sp\u00e9cialis\u00e9s et 3 en cours de formation CAPPEI cette ann\u00e9e. L\u2019objectif pour les Professeurs des Ecoles, les Professeurs de Coll\u00e8ge et les Professeurs de Lyc\u00e9e Professionnel qui y exercent, est d\u2019instaurer un climat de confiance gr\u00e2ce \u00e0 un contexte p\u00e9dagogique stimulant.<br> Les m\u00e9thodes p\u00e9dagogiques sp\u00e9cifiques qu\u2019ils mettent en \u0153uvre permettent aux \u00e9l\u00e8ves qui b\u00e9n\u00e9ficient de la SEGPA de poursuivre leurs apprentissages tout en pr\u00e9parant leur projet professionnel. Les d\u00e9marches p\u00e9dagogiques utilis\u00e9es prennent en compte les difficult\u00e9s rencontr\u00e9es par chaque \u00e9l\u00e8ve et s\u2019appuient sur leurs potentialit\u00e9s respectives pour les aider \u00e0 construire et \u00e0 r\u00e9aliser leur projet de formation.<br> L&rsquo;\u00e9l\u00e8ve est amen\u00e9 en position favorable pour poursuivre une formation qualifiante de niveau V (CAP) le plus souvent en Lyc\u00e9e Professionnel ou en Centre de Formation d&rsquo;Apprentis.<br> Le cursus pr\u00e9voit des enseignements de d\u00e9couverte professionnelle et des p\u00e9riodes de stage en entreprise, \u00e0 partir de la 4 \u00e8me , afin de faciliter la connaissance du monde professionnel et des formations en liaison avec les diff\u00e9rents partenaires (famille, psychologue de l\u2019\u00e9ducation, enseignants, \u00e9tablissements de formation, etc..).<br> Les enseignements de d\u00e9couverte professionnelle au coll\u00e8ge Terrain Fleury sont dispens\u00e9s au sein de 3 plateaux techniques dans les champs Hygi\u00e8ne Alimentation et Service et Habitat.<br> Diff\u00e9rents partenaires sont associ\u00e9s au suivi des \u00e9l\u00e8ves (famille, services sociaux, Centre m\u00e9dicaux psychop\u00e9dagogiques etc.).<br> La SEGPA assure la pr\u00e9paration du Certificat de Formation G\u00e9n\u00e9rale (CFG) \u00e0 l\u2019issue de la 3\u00e8me.<br> L\u2019acc\u00e8s aux programmes du coll\u00e8ge est facilit\u00e9 par l\u2019adaptation des pratiques p\u00e9dagogiques aux difficult\u00e9s des \u00e9l\u00e8ves. Cet enseignement doit leur permettre de retrouver confiance et motivation pour rejoindre le cursus ordinaire apr\u00e8s la 3\u00e8me.<br> Il convient de se montrer ambitieux et exigeant tant du point de vue p\u00e9dagogique qu\u2019\u00e9ducatif. Les nouveaux textes et recommandations officielles pr\u00e9voient la recherche, le plus souvent possible, de solutions d\u2019inclusion des \u00e9l\u00e8ves de SEGPA au coll\u00e8ge.<\/p>\n\n\n\n<p>Je souhaite une tr\u00e8s bonne ann\u00e9e scolaire aux \u00e9l\u00e8ves et aux \u00e9quipes qui s\u2019investissent dans des projets motivants et de nombreuses actions&nbsp;pour la r\u00e9ussite de tous&nbsp;! <\/p>\n\n\n\n<p class=\"has-text-align-right\">Nathalie BARDOT<\/p>\n","protected":false},"excerpt":{"rendered":"<p>Bonjour, Directrice Adjointe Charg\u00e9e de SEGPA, j\u2019ai pris mes fonctions au coll\u00e8ge Terrain Fleury \u00e0 la rentr\u00e9e 2017, apr\u00e8s plusieurs ann\u00e9es en Seine et Marne, dans l\u2019Acad\u00e9mie de Cr\u00e9teil. La Section d&rsquo;Enseignement G\u00e9n\u00e9ral et Professionnel Adapt\u00e9 (SEGPA) du coll\u00e8ge Terrain Fleury accueille une centaine d\u2019\u00e9l\u00e8ves relevant de la difficult\u00e9 scolaire\u2026<\/p>\n<p class=\"continue-reading-button\"> <a class=\"continue-reading-link\" href=\"https:\/\/etab.ac-reunion.fr\/clg-terrain-fleury\/le-mot-de-la-directrice\/\">Lire la suite<i class=\"crycon-right-dir\"><\/i><\/a><\/p>\n","protected":false},"author":21090,"featured_media":0,"parent":0,"menu_order":0,"comment_status":"closed","ping_status":"closed","template":"","meta":{"footnotes":""},"class_list":["post-962","page","type-page","status-publish","hentry"],"_links":{"self":[{"href":"https:\/\/etab.ac-reunion.fr\/clg-terrain-fleury\/wp-json\/wp\/v2\/pages\/962","targetHints":{"allow":["GET"]}}],"collection":[{"href":"https:\/\/etab.ac-reunion.fr\/clg-terrain-fleury\/wp-json\/wp\/v2\/pages"}],"about":[{"href":"https:\/\/etab.ac-reunion.fr\/clg-terrain-fleury\/wp-json\/wp\/v2\/types\/page"}],"author":[{"embeddable":true,"href":"https:\/\/etab.ac-reunion.fr\/clg-terrain-fleury\/wp-json\/wp\/v2\/users\/21090"}],"replies":[{"embeddable":true,"href":"https:\/\/etab.ac-reunion.fr\/clg-terrain-fleury\/wp-json\/wp\/v2\/comments?post=962"}],"version-history":[{"count":5,"href":"https:\/\/etab.ac-reunion.fr\/clg-terrain-fleury\/wp-json\/wp\/v2\/pages\/962\/revisions"}],"predecessor-version":[{"id":1723,"href":"https:\/\/etab.ac-reunion.fr\/clg-terrain-fleury\/wp-json\/wp\/v2\/pages\/962\/revisions\/1723"}],"wp:attachment":[{"href":"https:\/\/etab.ac-reunion.fr\/clg-terrain-fleury\/wp-json\/wp\/v2\/media?parent=962"}],"curies":[{"name":"wp","href":"https:\/\/api.w.org\/{rel}","templated":true}]}}