{"id":3005,"date":"2018-08-27T11:19:37","date_gmt":"2018-08-27T07:19:37","guid":{"rendered":"http:\/\/college-terre-sainte.ac-reunion.fr\/?page_id=3005"},"modified":"2019-08-15T18:01:11","modified_gmt":"2019-08-15T14:01:11","slug":"menus-de-la-cantine-2018-2019","status":"publish","type":"page","link":"https:\/\/etab.ac-reunion.fr\/clg-terresainte\/menus-de-la-cantine-2018-2019\/","title":{"rendered":"Menus de la cantine-2018-2019"},"content":{"rendered":"<p>les menus de la semaine<\/p>\n<p><strong><u>**Lundi 5 f\u00e9vrier<\/u><\/strong> <strong><u>2018<\/u><\/strong><strong><u>**\\\\<\/u><\/strong><\/p>\n<p><strong><u>\u00a0<\/u><\/strong><\/p>\n<p>Carottes r\u00e2p\u00e9es-Pomme ou Pizza champ.Fromage\\\\<\/p>\n<p>Cari porc aux petits pois\u00a0 ou Cuisse de poulet grill\u00e9e \u00e0 la proven\u00e7al ou Poisson \u00e0 la proven\u00e7ale\\\\<\/p>\n<p>Riz &#8211; Rougail tomate ou Ratatouille ni\u00e7oise\\\\<\/p>\n<p>Raisin ros\u00e9 ou Yaourt aromatis\u00e9\\\\<\/p>\n<p>&nbsp;<\/p>\n<p><strong><u>**Mardi 6 f\u00e9vrier<\/u><\/strong> <strong><u>2018<\/u><\/strong><strong><u>**\\\\<\/u><\/strong><\/p>\n<p>&nbsp;<\/p>\n<p>Courgettes r\u00e2p\u00e9es-Ma\u00efs ou Chou rouge r\u00e2p\u00e9-Cro\u00fbtons ou Achard de papaye\\\\<\/p>\n<p>Duo d&rsquo;agneau paysanne ou Omelette aux champignons\\\\<\/p>\n<p>P\u00e2te au beurre\\\\<\/p>\n<p>Banane ou Gouverneur ou Yaourt Aromatis\u00e9\\\\<\/p>\n<p>&nbsp;<\/p>\n<p><strong><u>**Mercredi 7 f\u00e9vrier<\/u><\/strong> <strong><u>2018<\/u><\/strong><strong><u>**\\\\<\/u><\/strong><\/p>\n<p><strong><u>\u00a0<\/u><\/strong><\/p>\n<p>Sandwichs\\\\<\/p>\n<p><strong><u>\u00a0<\/u><\/strong><\/p>\n<p><strong><u>\u00a0<\/u><\/strong><\/p>\n<p><strong><u>**Jeudi 8 f\u00e9vrier<\/u><\/strong> <strong><u>2018<\/u><\/strong><strong><u>**\\\\<\/u><\/strong><\/p>\n<p><u>\u00a0<\/u><\/p>\n<p>Chou bicolore vinaigrette ou Salade verte-Ananas ou Salade russe\\\\<\/p>\n<p>Riz cantonnais poisson ou poulet &#8211; Rougail dakatine\\\\<\/p>\n<p>Kiwi ou Sorbet\\\\<\/p>\n<p>&nbsp;<\/p>\n<p><strong><u>**Vendredi 9 f\u00e9vrier<\/u><\/strong> <strong><u>2018<\/u><\/strong><strong><u>**\\\\<\/u><\/strong><\/p>\n<p><strong><u>\u00a0<\/u><\/strong><\/p>\n<p>Carottes r\u00e2p\u00e9es-Tomate ou Haricots verts vinaigrette ou Champignons \u00e0 la grecque\\\\<\/p>\n<p>Cari canard ou Filet de poisson sce haricots noires ou Steak de b\u0153uf grill\u00e9 aux petits oignons\\\\<\/p>\n<p>Riz &#8211; Lentilles &#8211; Rougail z&rsquo;\u00e9vis ou Pomme vapeur\\\\<\/p>\n<p>Ananas Victoria ou Yaourt aromatis\u00e9 \\\\<\/p>\n<p><strong>\u00a0<\/strong><\/p>\n<p><strong>\u00a0<\/strong><\/p>\n","protected":false},"excerpt":{"rendered":"<p>les menus de la semaine **Lundi 5 f\u00e9vrier 2018**\\\\ \u00a0 Carottes r\u00e2p\u00e9es-Pomme ou Pizza champ.Fromage\\\\ Cari porc aux petits pois\u00a0 ou Cuisse de poulet grill\u00e9e \u00e0 la proven\u00e7al ou Poisson \u00e0 la proven\u00e7ale\\\\ Riz &#8211; Rougail tomate ou Ratatouille ni\u00e7oise\\\\ Raisin ros\u00e9 ou Yaourt aromatis\u00e9\\\\ &nbsp; **Mardi 6 f\u00e9vrier 2018**\\\\ &nbsp; Courgettes r\u00e2p\u00e9es-Ma\u00efs ou Chou [&hellip;]<\/p>\n","protected":false},"author":6499,"featured_media":153,"parent":0,"menu_order":0,"comment_status":"closed","ping_status":"closed","template":"page-full.php","meta":{"footnotes":""},"class_list":["post-3005","page","type-page","status-publish","has-post-thumbnail","hentry"],"_links":{"self":[{"href":"https:\/\/etab.ac-reunion.fr\/clg-terresainte\/wp-json\/wp\/v2\/pages\/3005","targetHints":{"allow":["GET"]}}],"collection":[{"href":"https:\/\/etab.ac-reunion.fr\/clg-terresainte\/wp-json\/wp\/v2\/pages"}],"about":[{"href":"https:\/\/etab.ac-reunion.fr\/clg-terresainte\/wp-json\/wp\/v2\/types\/page"}],"author":[{"embeddable":true,"href":"https:\/\/etab.ac-reunion.fr\/clg-terresainte\/wp-json\/wp\/v2\/users\/6499"}],"replies":[{"embeddable":true,"href":"https:\/\/etab.ac-reunion.fr\/clg-terresainte\/wp-json\/wp\/v2\/comments?post=3005"}],"version-history":[{"count":5,"href":"https:\/\/etab.ac-reunion.fr\/clg-terresainte\/wp-json\/wp\/v2\/pages\/3005\/revisions"}],"predecessor-version":[{"id":3271,"href":"https:\/\/etab.ac-reunion.fr\/clg-terresainte\/wp-json\/wp\/v2\/pages\/3005\/revisions\/3271"}],"wp:featuredmedia":[{"embeddable":true,"href":"https:\/\/etab.ac-reunion.fr\/clg-terresainte\/wp-json\/wp\/v2\/media\/153"}],"wp:attachment":[{"href":"https:\/\/etab.ac-reunion.fr\/clg-terresainte\/wp-json\/wp\/v2\/media?parent=3005"}],"curies":[{"name":"wp","href":"https:\/\/api.w.org\/{rel}","templated":true}]}}