{"id":432,"date":"2015-05-10T10:08:15","date_gmt":"2015-05-10T06:08:15","guid":{"rendered":"http:\/\/college-terre-sainte.ac-reunion.fr\/?page_id=432"},"modified":"2016-02-28T07:38:54","modified_gmt":"2016-02-28T03:38:54","slug":"presentation","status":"publish","type":"page","link":"https:\/\/etab.ac-reunion.fr\/clg-terresainte\/presentation\/","title":{"rendered":"Pr\u00e9sentation"},"content":{"rendered":"<p align=\"center\"><span style=\"color: #000000;font-family: Arial,Helvetica,Geneva,Swiss,SunSans-Regular;font-size: medium\">Le visiteur qui franchit pour la premi\u00e8re fois les grilles du Coll\u00e8ge de Terre-Sainte s\u2019interroge parfois\u00a0:<br \/>\n<\/span><\/p>\n<blockquote>\n<blockquote>\n<blockquote><p><span style=\"color: #000000;font-family: Arial,Helvetica,Geneva,Swiss,SunSans-Regular;font-size: medium\"> Etrange id\u00e9e que de n\u2019avoir pas song\u00e9 \u00e0 baptiser cet \u00e9tablissement\u2026<\/span><br \/>\n<span style=\"color: #000000;font-family: Arial,Helvetica,Geneva,Swiss,SunSans-Regular;font-size: medium\"> Et puis, celui-ci s\u2019attarde un peu et comprend finalement que notre coll\u00e8ge ne saurait mieux se nommer.<\/span><span style=\"color: #000000\"><br \/>\n<\/span><\/p><\/blockquote>\n<\/blockquote>\n<\/blockquote>\n<div align=\"left\">\n<blockquote>\n<blockquote>\n<blockquote>\n<div align=\"left\"><span style=\"color: #000000;font-family: Arial,Helvetica,Geneva,Swiss,SunSans-Regular;font-size: medium\">Comme son quartier en effet, il regarde l\u2019oc\u00e9an et sent les embruns.<\/span><br \/>\n<span style=\"color: #000000;font-family: Arial,Helvetica,Geneva,Swiss,SunSans-Regular;font-size: medium\">Comme son quartier aussi, il est riche de sa population vive et m\u00e9tiss\u00e9<\/span><br \/>\n<span style=\"color: #000000;font-family: Arial,Helvetica,Geneva,Swiss,SunSans-Regular;font-size: medium\">Comme son quartier enfin, notre coll\u00e8ge est fier de son histoire <\/span><br \/>\n<span style=\"color: #000000;font-family: Arial,Helvetica,Geneva,Swiss,SunSans-Regular;font-size: medium\">et de sa communaut\u00e9.<\/span><\/div>\n<\/blockquote>\n<\/blockquote>\n<\/blockquote>\n<\/div>\n<div align=\"center\">\n<p><span style=\"color: #000000;font-family: Arial,Helvetica,Geneva,Swiss,SunSans-Regular;font-size: medium\"><br \/>\nBienvenue donc au Coll\u00e8ge de Terre-Sainte.<\/span><\/p>\n<\/div>\n","protected":false},"excerpt":{"rendered":"<p>Le visiteur qui franchit pour la premi\u00e8re fois les grilles du Coll\u00e8ge de Terre-Sainte s\u2019interroge parfois\u00a0: Etrange id\u00e9e que de n\u2019avoir pas song\u00e9 \u00e0 baptiser cet \u00e9tablissement\u2026 Et puis, celui-ci s\u2019attarde un peu et comprend finalement que notre coll\u00e8ge ne saurait mieux se nommer. Comme son quartier en effet, il regarde l\u2019oc\u00e9an et sent les [&hellip;]<\/p>\n","protected":false},"author":6499,"featured_media":153,"parent":0,"menu_order":0,"comment_status":"closed","ping_status":"open","template":"","meta":{"footnotes":""},"class_list":["post-432","page","type-page","status-publish","has-post-thumbnail","hentry"],"_links":{"self":[{"href":"https:\/\/etab.ac-reunion.fr\/clg-terresainte\/wp-json\/wp\/v2\/pages\/432","targetHints":{"allow":["GET"]}}],"collection":[{"href":"https:\/\/etab.ac-reunion.fr\/clg-terresainte\/wp-json\/wp\/v2\/pages"}],"about":[{"href":"https:\/\/etab.ac-reunion.fr\/clg-terresainte\/wp-json\/wp\/v2\/types\/page"}],"author":[{"embeddable":true,"href":"https:\/\/etab.ac-reunion.fr\/clg-terresainte\/wp-json\/wp\/v2\/users\/6499"}],"replies":[{"embeddable":true,"href":"https:\/\/etab.ac-reunion.fr\/clg-terresainte\/wp-json\/wp\/v2\/comments?post=432"}],"version-history":[{"count":2,"href":"https:\/\/etab.ac-reunion.fr\/clg-terresainte\/wp-json\/wp\/v2\/pages\/432\/revisions"}],"predecessor-version":[{"id":1297,"href":"https:\/\/etab.ac-reunion.fr\/clg-terresainte\/wp-json\/wp\/v2\/pages\/432\/revisions\/1297"}],"wp:featuredmedia":[{"embeddable":true,"href":"https:\/\/etab.ac-reunion.fr\/clg-terresainte\/wp-json\/wp\/v2\/media\/153"}],"wp:attachment":[{"href":"https:\/\/etab.ac-reunion.fr\/clg-terresainte\/wp-json\/wp\/v2\/media?parent=432"}],"curies":[{"name":"wp","href":"https:\/\/api.w.org\/{rel}","templated":true}]}}