{"id":3167,"date":"2022-04-21T09:51:17","date_gmt":"2022-04-21T05:51:17","guid":{"rendered":"http:\/\/college-texeiradamotta.ac-reunion.fr\/?page_id=3167"},"modified":"2024-09-20T11:07:39","modified_gmt":"2024-09-20T07:07:39","slug":"sante-infirmerie","status":"publish","type":"page","link":"https:\/\/etab.ac-reunion.fr\/clg-texeira-da-motta\/sante-infirmerie\/","title":{"rendered":"Sant\u00e9 &#8211; Social"},"content":{"rendered":"\n<div class=\"wp-block-columns is-layout-flex wp-container-core-columns-is-layout-9d6595d7 wp-block-columns-is-layout-flex\">\n<div class=\"wp-block-column is-layout-flow wp-block-column-is-layout-flow\">\n<p class=\"has-accent-1-color has-text-color has-large-font-size\"><strong>Infirmerie<\/strong><\/p>\n\n\n\n<p>Pr\u00e9sence de l&rsquo;infirmi\u00e8re au coll\u00e8ge<\/p>\n\n\n\n<p>Lundi :      7h &#8211; 17h<br>Mardi :      7h &#8211; 12h45<br>Vendredi :  7h &#8211; 16h<\/p>\n\n\n\n<p style=\"font-size:14px\"><strong><em>Mme SABRI<br>0262552692<br>rihana.sabri@ac-reunion.fr<\/em><\/strong><\/p>\n<\/div>\n\n\n\n<div class=\"wp-block-column is-layout-flow wp-block-column-is-layout-flow\">\n<p class=\"has-accent-1-color has-text-color has-large-font-size\"><strong>Assistante sociale<\/strong><\/p>\n\n\n\n<p>Pr\u00e9sence de l&rsquo;assistante sociale au coll\u00e8ge<\/p>\n\n\n\n<p><em>Un cahier de RDV sera mis \u00e0 disposition \u00e0 la vie scolaire et \u00e0 l&rsquo;accueil. Les parents, les \u00e9l\u00e8ves et toute autre personne en lien avec les \u00e9l\u00e8ves pourront y mettre leurs coordonn\u00e9es, et l&rsquo;assistante sociale fixera directement les RDV.<\/em><\/p>\n\n\n\n<p>Mardi : 8h &#8211; 16h<br>Mercredi : 8h &#8211; 13h<br>Jeudi : 8h &#8211; 16h30<\/p>\n\n\n\n<p style=\"font-size:14px\"><strong><em>Mme VITRY<\/em><\/strong><\/p>\n\n\n\n<p><a>tahiana.vitry@ac-reunion.fr<\/a><\/p>\n<\/div>\n<\/div>\n\n\n\n<p><\/p>\n<!-- AddThis Advanced Settings generic via filter on the_content --><!-- AddThis Share Buttons generic via filter on the_content -->","protected":false},"excerpt":{"rendered":"<p>Infirmerie Pr\u00e9sence de l&rsquo;infirmi\u00e8re au coll\u00e8ge Lundi : 7h &#8211; 17hMardi : 7h &#8211; 12h45Vendredi : 7h &#8211; 16h Mme SABRI0262552692rihana.sabri@ac-reunion.fr Assistante sociale Pr\u00e9sence de l&rsquo;assistante sociale au coll\u00e8ge Un cahier de RDV sera mis \u00e0 disposition \u00e0 la vie scolaire et \u00e0 l&rsquo;accueil. Les parents, les \u00e9l\u00e8ves et toute &hellip;<!-- AddThis Advanced Settings generic via filter on get_the_excerpt --><!-- AddThis Share Buttons generic via filter on get_the_excerpt --><\/p>\n","protected":false},"author":202,"featured_media":0,"parent":0,"menu_order":0,"comment_status":"closed","ping_status":"closed","template":"","meta":{"footnotes":""},"class_list":["post-3167","page","type-page","status-publish","hentry"],"_links":{"self":[{"href":"https:\/\/etab.ac-reunion.fr\/clg-texeira-da-motta\/wp-json\/wp\/v2\/pages\/3167","targetHints":{"allow":["GET"]}}],"collection":[{"href":"https:\/\/etab.ac-reunion.fr\/clg-texeira-da-motta\/wp-json\/wp\/v2\/pages"}],"about":[{"href":"https:\/\/etab.ac-reunion.fr\/clg-texeira-da-motta\/wp-json\/wp\/v2\/types\/page"}],"author":[{"embeddable":true,"href":"https:\/\/etab.ac-reunion.fr\/clg-texeira-da-motta\/wp-json\/wp\/v2\/users\/202"}],"replies":[{"embeddable":true,"href":"https:\/\/etab.ac-reunion.fr\/clg-texeira-da-motta\/wp-json\/wp\/v2\/comments?post=3167"}],"version-history":[{"count":7,"href":"https:\/\/etab.ac-reunion.fr\/clg-texeira-da-motta\/wp-json\/wp\/v2\/pages\/3167\/revisions"}],"predecessor-version":[{"id":3980,"href":"https:\/\/etab.ac-reunion.fr\/clg-texeira-da-motta\/wp-json\/wp\/v2\/pages\/3167\/revisions\/3980"}],"wp:attachment":[{"href":"https:\/\/etab.ac-reunion.fr\/clg-texeira-da-motta\/wp-json\/wp\/v2\/media?parent=3167"}],"curies":[{"name":"wp","href":"https:\/\/api.w.org\/{rel}","templated":true}]}}