{"id":4037,"date":"2024-12-19T09:30:10","date_gmt":"2024-12-19T05:30:10","guid":{"rendered":"https:\/\/etab.ac-reunion.fr\/clg-texeira-da-motta\/?page_id=4037"},"modified":"2024-12-19T10:58:18","modified_gmt":"2024-12-19T06:58:18","slug":"procedure","status":"publish","type":"page","link":"https:\/\/etab.ac-reunion.fr\/clg-texeira-da-motta\/procedure\/","title":{"rendered":"Proc\u00e9dure"},"content":{"rendered":"\n<p>Proc\u00e9dure orientation-affectation apr\u00e8s la classe de 3\u00e8me.<\/p>\n\n\n\n<p>Madame, Monsieur, les parents,<\/p>\n\n\n\n<p>\u00c0 l&rsquo;approche de la fin de l&rsquo;ann\u00e9e scolaire, il est essentiel de r\u00e9fl\u00e9chir \u00e0 l&rsquo;orientation de votre enfant apr\u00e8s la classe de 3\u1d49. Cette \u00e9tape marque un moment cl\u00e9 dans son parcours scolaire et personnel. Les professeurs principaux, le psychologue de l&rsquo;\u00e9ducation nationale et l&rsquo;\u00e9quipe p\u00e9dagoqique sont sensibilis\u00e9s pour vous accompagner dans cette d\u00e9marche.<\/p>\n\n\n\n<p>La saisie et le suivi des r\u00e9ponses des v\u0153ux sont disponibles en ligne \u00e0 partir d\u2019un compte parent educonnect (la proc\u00e9dure est disponible en ligne sur le site du coll\u00e8ge \u00e9galement en pi\u00e8ce jointe de ce message).<\/p>\n\n\n\n<p>En cas de difficult\u00e9, pour vous connecter au compte educonnect, nous nous invitons \u00e0 vous rapprocher de notre aed tice&nbsp; (disponible tous les matins).<\/p>\n\n\n\n<p>Une pr\u00e9sentation sera organis\u00e9e le mardi 4 f\u00e9vrier \u00e0 16h30 au coll\u00e8ge. Comptant sur votre pr\u00e9sence.<\/p>\n\n\n\n<p>Vous trouverez ci-dessous la proc\u00e9dure : <\/p>\n\n\n\n<p><a href=\"https:\/\/etab.ac-reunion.fr\/clg-texeira-da-motta\/wp-content\/uploads\/sites\/24\/2024\/12\/courrier-aux-parents-post3eme-1.pdf\">Courrier aux parents<\/a><br><a href=\"https:\/\/etab.ac-reunion.fr\/clg-texeira-da-motta\/wp-content\/uploads\/sites\/24\/2024\/12\/orientation_en-ligne_3e_2024-1.pdf\">Proc\u00e9dure<\/a><\/p>\n\n\n\n<p><br><\/p>\n\n\n\n<p><\/p>\n<!-- AddThis Advanced Settings generic via filter on the_content --><!-- AddThis Share Buttons generic via filter on the_content -->","protected":false},"excerpt":{"rendered":"<p>Proc\u00e9dure orientation-affectation apr\u00e8s la classe de 3\u00e8me. Madame, Monsieur, les parents, \u00c0 l&rsquo;approche de la fin de l&rsquo;ann\u00e9e scolaire, il est essentiel de r\u00e9fl\u00e9chir \u00e0 l&rsquo;orientation de votre enfant apr\u00e8s la classe de 3\u1d49. Cette \u00e9tape marque un moment cl\u00e9 dans son parcours scolaire et personnel. Les professeurs principaux, le &hellip;<!-- AddThis Advanced Settings generic via filter on get_the_excerpt --><!-- AddThis Share Buttons generic via filter on get_the_excerpt --><\/p>\n","protected":false},"author":202,"featured_media":0,"parent":0,"menu_order":0,"comment_status":"closed","ping_status":"closed","template":"","meta":{"footnotes":""},"class_list":["post-4037","page","type-page","status-publish","hentry"],"_links":{"self":[{"href":"https:\/\/etab.ac-reunion.fr\/clg-texeira-da-motta\/wp-json\/wp\/v2\/pages\/4037","targetHints":{"allow":["GET"]}}],"collection":[{"href":"https:\/\/etab.ac-reunion.fr\/clg-texeira-da-motta\/wp-json\/wp\/v2\/pages"}],"about":[{"href":"https:\/\/etab.ac-reunion.fr\/clg-texeira-da-motta\/wp-json\/wp\/v2\/types\/page"}],"author":[{"embeddable":true,"href":"https:\/\/etab.ac-reunion.fr\/clg-texeira-da-motta\/wp-json\/wp\/v2\/users\/202"}],"replies":[{"embeddable":true,"href":"https:\/\/etab.ac-reunion.fr\/clg-texeira-da-motta\/wp-json\/wp\/v2\/comments?post=4037"}],"version-history":[{"count":3,"href":"https:\/\/etab.ac-reunion.fr\/clg-texeira-da-motta\/wp-json\/wp\/v2\/pages\/4037\/revisions"}],"predecessor-version":[{"id":4053,"href":"https:\/\/etab.ac-reunion.fr\/clg-texeira-da-motta\/wp-json\/wp\/v2\/pages\/4037\/revisions\/4053"}],"wp:attachment":[{"href":"https:\/\/etab.ac-reunion.fr\/clg-texeira-da-motta\/wp-json\/wp\/v2\/media?parent=4037"}],"curies":[{"name":"wp","href":"https:\/\/api.w.org\/{rel}","templated":true}]}}