{"id":409,"date":"2014-07-04T09:47:20","date_gmt":"2014-07-04T05:47:20","guid":{"rendered":"http:\/\/college-texeiradamotta-tmp.ac-reunion.fr\/?page_id=409"},"modified":"2015-07-07T10:04:40","modified_gmt":"2015-07-07T06:04:40","slug":"qui-etait-manuel-texeira-da-motta","status":"publish","type":"page","link":"https:\/\/etab.ac-reunion.fr\/clg-texeira-da-motta\/le-college\/qui-etait-manuel-texeira-da-motta\/","title":{"rendered":"Qui \u00e9tait Manuel Texeira Da Motta ?"},"content":{"rendered":"<p>&nbsp;<\/p>\n<p><span class=\"spip_document_24 spip_documents spip_documents_center\">\u00a0<\/span><\/p>\n<p style=\"text-align: center\"><em><strong>Manuel Texeira Da Motta<\/strong> <\/em>est n\u00e9 \u00e0 Pondich\u00e9ry vers 1666.<\/p>\n<p style=\"text-align: center\">Il est le fils de Balthazar de Motte et de Catherine Douar, originaires eux, de Porto, au Portugal. Chirurgien et charpentier, il s\u2019installe d\u00e9finitivement \u00e0 Bourbon autour de 1709. A cette date, sa femme est Anne Nativel dont il aura seize enfants.<\/p>\n<p style=\"text-align: center\">Par une concession du gouverneur Lacour de la Saulaye en date du 8 f\u00e9vrier 1699, Manuel Texer de Mota (ou Texeira da Motta), portugais des indes devient propri\u00e9taire de toutes les terres de La Possession, de la Ravine \u00e0 Marquet jusqu\u2019au Dos D\u2019\u00e2ne. Il tient une sorte d\u2019auberge o\u00f9 les gens qui d\u00e9barquent de Saint-Denis en chaloupe s\u2019arr\u00eatent pour continuer leur route vers Saint-Paul. C\u2019est sans nul doute le premier h\u00f4telier &#8211; restaurateur de La R\u00e9union en bord de mer. Sur le chemin de l\u2019aller, ou sur celui du retour, \u00ab\u00a0en pirogue vers Saint-Denis, ou en charrette vers Saint-Paul, il \u00e9tait de bon ton de faire halte chez l\u2019ami T\u00e9cher\u00a0\u00bb cr\u00e9ateur \u00e9galement d\u2019un service de messageries.<\/p>\n<p style=\"text-align: center\">Il meurt \u00e0 Saint-Paul le 22 f\u00e9vrier 1758 \u00e0 l\u2019\u00e2ge de 92 ans, long\u00e9vit\u00e9 surprenante pour l\u2019\u00e9poque.<\/p>\n<p style=\"text-align: center\">Manuel Texeira Da Motta est l\u2019ascendant de tous les T\u00e9cher d\u2019aujourd\u2019hui.<\/p>\n<p style=\"text-align: center\">Son nom a \u00e9t\u00e9 francis\u00e9 en perdant la deuxi\u00e8me partie (Da Motta) pour ne conserver que la premi\u00e8re partie.<span class=\"spip_document_25 spip_documents spip_documents_center\"><br \/>\n<\/span><\/p>\n<!-- AddThis Advanced Settings generic via filter on the_content --><!-- AddThis Share Buttons generic via filter on the_content -->","protected":false},"excerpt":{"rendered":"<p>&nbsp; \u00a0 Manuel Texeira Da Motta est n\u00e9 \u00e0 Pondich\u00e9ry vers 1666. Il est le fils de Balthazar de Motte et de Catherine Douar, originaires eux, de Porto, au Portugal. Chirurgien et charpentier, il s\u2019installe d\u00e9finitivement \u00e0 Bourbon autour de 1709. A cette date, sa femme est Anne Nativel dont &hellip;<!-- AddThis Advanced Settings generic via filter on get_the_excerpt --><!-- AddThis Share Buttons generic via filter on get_the_excerpt --><\/p>\n","protected":false},"author":1561,"featured_media":0,"parent":406,"menu_order":0,"comment_status":"closed","ping_status":"closed","template":"","meta":{"footnotes":""},"class_list":["post-409","page","type-page","status-publish","hentry"],"_links":{"self":[{"href":"https:\/\/etab.ac-reunion.fr\/clg-texeira-da-motta\/wp-json\/wp\/v2\/pages\/409","targetHints":{"allow":["GET"]}}],"collection":[{"href":"https:\/\/etab.ac-reunion.fr\/clg-texeira-da-motta\/wp-json\/wp\/v2\/pages"}],"about":[{"href":"https:\/\/etab.ac-reunion.fr\/clg-texeira-da-motta\/wp-json\/wp\/v2\/types\/page"}],"author":[{"embeddable":true,"href":"https:\/\/etab.ac-reunion.fr\/clg-texeira-da-motta\/wp-json\/wp\/v2\/users\/1561"}],"replies":[{"embeddable":true,"href":"https:\/\/etab.ac-reunion.fr\/clg-texeira-da-motta\/wp-json\/wp\/v2\/comments?post=409"}],"version-history":[{"count":4,"href":"https:\/\/etab.ac-reunion.fr\/clg-texeira-da-motta\/wp-json\/wp\/v2\/pages\/409\/revisions"}],"predecessor-version":[{"id":847,"href":"https:\/\/etab.ac-reunion.fr\/clg-texeira-da-motta\/wp-json\/wp\/v2\/pages\/409\/revisions\/847"}],"up":[{"embeddable":true,"href":"https:\/\/etab.ac-reunion.fr\/clg-texeira-da-motta\/wp-json\/wp\/v2\/pages\/406"}],"wp:attachment":[{"href":"https:\/\/etab.ac-reunion.fr\/clg-texeira-da-motta\/wp-json\/wp\/v2\/media?parent=409"}],"curies":[{"name":"wp","href":"https:\/\/api.w.org\/{rel}","templated":true}]}}