{"id":263,"date":"2015-05-20T07:26:26","date_gmt":"2015-05-20T03:26:26","guid":{"rendered":"http:\/\/college-theresien-cadet.ac-reunion.fr\/?page_id=263"},"modified":"2023-12-05T10:46:54","modified_gmt":"2023-12-05T06:46:54","slug":"college","status":"publish","type":"page","link":"https:\/\/etab.ac-reunion.fr\/clg-theresien-cadet\/","title":{"rendered":"Coll\u00e8ge Th\u00e9r\u00e9sien Cadet"},"content":{"rendered":"","protected":false},"excerpt":{"rendered":"","protected":false},"author":1399,"featured_media":0,"parent":0,"menu_order":0,"comment_status":"closed","ping_status":"closed","template":"page-full.php","meta":{"footnotes":""},"class_list":["post-263","page","type-page","status-publish","hentry"],"_links":{"self":[{"href":"https:\/\/etab.ac-reunion.fr\/clg-theresien-cadet\/wp-json\/wp\/v2\/pages\/263","targetHints":{"allow":["GET"]}}],"collection":[{"href":"https:\/\/etab.ac-reunion.fr\/clg-theresien-cadet\/wp-json\/wp\/v2\/pages"}],"about":[{"href":"https:\/\/etab.ac-reunion.fr\/clg-theresien-cadet\/wp-json\/wp\/v2\/types\/page"}],"author":[{"embeddable":true,"href":"https:\/\/etab.ac-reunion.fr\/clg-theresien-cadet\/wp-json\/wp\/v2\/users\/1399"}],"replies":[{"embeddable":true,"href":"https:\/\/etab.ac-reunion.fr\/clg-theresien-cadet\/wp-json\/wp\/v2\/comments?post=263"}],"version-history":[{"count":12,"href":"https:\/\/etab.ac-reunion.fr\/clg-theresien-cadet\/wp-json\/wp\/v2\/pages\/263\/revisions"}],"predecessor-version":[{"id":4496,"href":"https:\/\/etab.ac-reunion.fr\/clg-theresien-cadet\/wp-json\/wp\/v2\/pages\/263\/revisions\/4496"}],"wp:attachment":[{"href":"https:\/\/etab.ac-reunion.fr\/clg-theresien-cadet\/wp-json\/wp\/v2\/media?parent=263"}],"curies":[{"name":"wp","href":"https:\/\/api.w.org\/{rel}","templated":true}]}}