{"id":1785,"date":"2019-03-16T09:09:16","date_gmt":"2019-03-16T05:09:16","guid":{"rendered":"http:\/\/college-titan.ac-reunion.fr\/?page_id=1785"},"modified":"2023-09-20T14:55:24","modified_gmt":"2023-09-20T10:55:24","slug":"horaires-2","status":"publish","type":"page","link":"https:\/\/etab.ac-reunion.fr\/clg-titan\/horaires-2\/","title":{"rendered":"Les horaires"},"content":{"rendered":"[et_pb_section fb_built=\u00a0\u00bb1&Prime; _builder_version=\u00a0\u00bb4.16&Prime; background_color=\u00a0\u00bb#f9f9f9&Prime; background_image=\u00a0\u00bbhttps:\/\/etab.ac-reunion.fr\/clg-titan\/wp-content\/uploads\/sites\/72\/2019\/03\/IMG_9071-1-e1552588824349.jpg\u00a0\u00bb global_colors_info=\u00a0\u00bb{}\u00a0\u00bb][et_pb_row column_structure=\u00a0\u00bb1_4,1_4,1_4,1_4&Prime; module_class=\u00a0\u00bb et_pb_row_fullwidth\u00a0\u00bb _builder_version=\u00a0\u00bb4.16&Prime; width=\u00a0\u00bb89%\u00a0\u00bb width_tablet=\u00a0\u00bb80%\u00a0\u00bb width_phone=\u00a0\u00bb80%\u00a0\u00bb width_last_edited=\u00a0\u00bbon|desktop\u00a0\u00bb max_width=\u00a0\u00bb89%\u00a0\u00bb max_width_tablet=\u00a0\u00bb80%\u00a0\u00bb max_width_phone=\u00a0\u00bb80%\u00a0\u00bb max_width_last_edited=\u00a0\u00bbon|desktop\u00a0\u00bb custom_padding=\u00a0\u00bb27px|0|27px|0px|false|false\u00a0\u00bb make_fullwidth=\u00a0\u00bbon\u00a0\u00bb global_colors_info=\u00a0\u00bb{}\u00a0\u00bb][et_pb_column type=\u00a0\u00bb1_4&Prime; _builder_version=\u00a0\u00bb4.16&Prime; custom_padding=\u00a0\u00bb|||\u00a0\u00bb global_colors_info=\u00a0\u00bb{}\u00a0\u00bb custom_padding__hover=\u00a0\u00bb|||\u00a0\u00bb][et_pb_text _builder_version=\u00a0\u00bb4.16&Prime; background_color=\u00a0\u00bb#ffb702&Prime; border_radii=\u00a0\u00bbon|20px|20px|20px|20px\u00a0\u00bb box_shadow_style=\u00a0\u00bbpreset1&Prime; global_colors_info=\u00a0\u00bb{}\u00a0\u00bb]\n<div class=\"et_lb_module et_lb_text_block\">\n<p>&nbsp;<\/p>\n<p style=\"text-align: center\"><strong>HORAIRES DES COURS :<\/strong><\/p>\n<p style=\"text-align: center\"><strong><\/strong><\/p>\n<p style=\"text-align: center\"><strong><\/strong><\/p>\n<p style=\"text-align: center\">matin : de 7h25 \u00e0 11h35<\/p>\n<p style=\"text-align: center\">apr\u00e8s-midi : de 12h55 \u00e0 17h<\/p>\n<\/div>\n[\/et_pb_text][\/et_pb_column][et_pb_column type=\u00a0\u00bb1_4&Prime; _builder_version=\u00a0\u00bb4.16&Prime; custom_padding=\u00a0\u00bb|||\u00a0\u00bb global_colors_info=\u00a0\u00bb{}\u00a0\u00bb custom_padding__hover=\u00a0\u00bb|||\u00a0\u00bb][et_pb_text _builder_version=\u00a0\u00bb4.16&Prime; background_color=\u00a0\u00bb#01bf89&Prime; border_radii=\u00a0\u00bbon|20px|20px|20px|20px\u00a0\u00bb global_colors_info=\u00a0\u00bb{}\u00a0\u00bb]\n<div class=\"et_lb_module et_lb_text_block\">\n<p>&nbsp;<\/p>\n<p style=\"text-align: center\"><strong>SONNERIES DE MISE EN RANG <\/strong><\/p>\n<p style=\"text-align: center\"><strong>ET DE <\/strong><\/p>\n<p style=\"text-align: center\"><strong>FERMETURE DU PORTAIL :<\/strong><\/p>\n<p style=\"text-align: center\">7h25<\/p>\n<p style=\"text-align: center\">12h55<\/p>\n<\/div>\n[\/et_pb_text][\/et_pb_column][et_pb_column type=\u00a0\u00bb1_4&Prime; _builder_version=\u00a0\u00bb4.16&Prime; custom_padding=\u00a0\u00bb|||\u00a0\u00bb global_colors_info=\u00a0\u00bb{}\u00a0\u00bb custom_padding__hover=\u00a0\u00bb|||\u00a0\u00bb][et_pb_text _builder_version=\u00a0\u00bb4.16&Prime; background_color=\u00a0\u00bb#00a6ed\u00a0\u00bb border_radii=\u00a0\u00bbon|20px|20px|20px|20px\u00a0\u00bb box_shadow_style=\u00a0\u00bbpreset1&Prime; global_colors_info=\u00a0\u00bb{}\u00a0\u00bb]\n<div class=\"et_lb_module et_lb_text_block\">\n<p style=\"text-align: center\"><strong><\/strong><\/p>\n<p style=\"text-align: center\"><strong><\/strong><\/p>\n<p style=\"text-align: center\"><strong>RECREATIONS :<\/strong><\/p>\n<p style=\"text-align: center\"><strong><\/strong><\/p>\n<p style=\"text-align: center\"><strong><\/strong><\/p>\n<p style=\"text-align: center\">matin : de 9h25 \u00e0 9h40<\/p>\n<p style=\"text-align: center\">apr\u00e8s-midi : de 14h55 \u00e0 15h05<\/p>\n<\/div>\n[\/et_pb_text][\/et_pb_column][et_pb_column type=\u00a0\u00bb1_4&Prime; _builder_version=\u00a0\u00bb4.16&Prime; custom_padding=\u00a0\u00bb|||\u00a0\u00bb global_colors_info=\u00a0\u00bb{}\u00a0\u00bb custom_padding__hover=\u00a0\u00bb|||\u00a0\u00bb][et_pb_sidebar disabled_on=\u00a0\u00bbon|off|off\u00a0\u00bb _builder_version=\u00a0\u00bb4.16&Prime; background_color=\u00a0\u00bb#ffffff\u00a0\u00bb text_orientation=\u00a0\u00bbcenter\u00a0\u00bb custom_padding=\u00a0\u00bb5px|5px||5px\u00a0\u00bb border_radii=\u00a0\u00bbon|20px|20px|20px|20px\u00a0\u00bb global_colors_info=\u00a0\u00bb{}\u00a0\u00bb][\/et_pb_sidebar][\/et_pb_column][\/et_pb_row][\/et_pb_section]\n","protected":false},"excerpt":{"rendered":"<p>&nbsp; HORAIRES DES COURS : matin : de 7h25 \u00e0 11h35 apr\u00e8s-midi : de 12h55 \u00e0 17h &nbsp; SONNERIES DE MISE EN RANG ET DE FERMETURE DU PORTAIL : 7h25 12h55 RECREATIONS : matin : de 9h25 \u00e0 9h40 apr\u00e8s-midi : de 14h55 \u00e0 15h05<\/p>\n","protected":false},"author":8014,"featured_media":0,"parent":0,"menu_order":0,"comment_status":"closed","ping_status":"closed","template":"","meta":{"_et_pb_use_builder":"on","_et_pb_old_content":"","_et_gb_content_width":"","footnotes":""},"class_list":["post-1785","page","type-page","status-publish","hentry"],"_links":{"self":[{"href":"https:\/\/etab.ac-reunion.fr\/clg-titan\/wp-json\/wp\/v2\/pages\/1785","targetHints":{"allow":["GET"]}}],"collection":[{"href":"https:\/\/etab.ac-reunion.fr\/clg-titan\/wp-json\/wp\/v2\/pages"}],"about":[{"href":"https:\/\/etab.ac-reunion.fr\/clg-titan\/wp-json\/wp\/v2\/types\/page"}],"author":[{"embeddable":true,"href":"https:\/\/etab.ac-reunion.fr\/clg-titan\/wp-json\/wp\/v2\/users\/8014"}],"replies":[{"embeddable":true,"href":"https:\/\/etab.ac-reunion.fr\/clg-titan\/wp-json\/wp\/v2\/comments?post=1785"}],"version-history":[{"count":14,"href":"https:\/\/etab.ac-reunion.fr\/clg-titan\/wp-json\/wp\/v2\/pages\/1785\/revisions"}],"predecessor-version":[{"id":4770,"href":"https:\/\/etab.ac-reunion.fr\/clg-titan\/wp-json\/wp\/v2\/pages\/1785\/revisions\/4770"}],"wp:attachment":[{"href":"https:\/\/etab.ac-reunion.fr\/clg-titan\/wp-json\/wp\/v2\/media?parent=1785"}],"curies":[{"name":"wp","href":"https:\/\/api.w.org\/{rel}","templated":true}]}}