{"id":201,"date":"2015-06-19T11:16:39","date_gmt":"2015-06-19T10:16:39","guid":{"rendered":"http:\/\/college-titan.ac-reunion.fr\/?page_id=201"},"modified":"2025-09-22T08:55:54","modified_gmt":"2025-09-22T04:55:54","slug":"rep","status":"publish","type":"page","link":"https:\/\/etab.ac-reunion.fr\/clg-titan\/rep\/","title":{"rendered":"REP+ TITAN"},"content":{"rendered":"\n<p>Le coll\u00e8ge Titan appartient \u00e0 un <strong>R<\/strong>\u00e9seau d\u2019<strong>E<\/strong>ducation <strong>P<\/strong>rioritaire Renforc\u00e9e (<strong>REP+<\/strong>).<\/p>\n\n\n\n<p>La politique d\u2019<strong>\u00e9ducation prioritaire<\/strong> a pour objectif de corriger l\u2019impact des <em>in\u00e9galit\u00e9s sociales et \u00e9conomiques<\/em> sur la r\u00e9ussite scolaire par un <strong>renforcement de l\u2019action p\u00e9dagogique et \u00e9ducative<\/strong> dans les \u00e9coles et \u00e9tablissements des territoires qui rencontrent les plus grandes difficult\u00e9s sociales.<br>A cette fin, un r\u00e9seau d\u2019\u00e9coles est rattach\u00e9 au coll\u00e8ge r\u00e9f\u00e9rent.<\/p>\n\n\n\n<p><\/p>\n\n\n\n<h3 class=\"wp-block-heading\">Le r\u00e9seau d\u2019\u00e9ducation prioritaire Titan<\/h3>\n\n\n\n<figure class=\"wp-block-image size-large\"><img loading=\"lazy\" decoding=\"async\" width=\"964\" height=\"1024\" src=\"https:\/\/etab.ac-reunion.fr\/clg-titan\/wp-content\/uploads\/sites\/72\/2025\/09\/organisation-rep-964x1024.png\" alt=\"\" class=\"wp-image-6155\" \/><\/figure>\n\n\n\n<h3 class=\"wp-block-heading\">Les objectifs d\u2019un r\u00e9seau d\u2019\u00e9ducation prioritaire<\/h3>\n\n\n\n<p>Un <em>r\u00e9f\u00e9rentiel de l\u2019Education Prioritaire<\/em> permet aux r\u00e9seaux d\u2019\u00e9laborer <strong>leur projet de r\u00e9seau<\/strong>.<br>Ce document est  un support pour \u00e9tablir des priorit\u00e9s locales.<\/p>\n\n\n\n<p><a rel=\"noreferrer noopener\" href=\"https:\/\/etab.ac-reunion.fr\/clg-titan\/wp-content\/uploads\/sites\/72\/2015\/06\/Referentiel_de_l_education_prioritaire.pdf\" target=\"_blank\">Le r\u00e9f\u00e9rentiel<\/a> de l&rsquo;\u00e9ducation prioritaire<\/p>\n\n\n\n<p><\/p>\n\n\n\n<p><a rel=\"noreferrer noopener\" href=\"https:\/\/etab.ac-reunion.fr\/clg-titan\/wp-content\/uploads\/sites\/72\/2016\/05\/Projet-REP-Titan.pdf\" target=\"_blank\">Projet REP+ Titan<\/a><\/p>\n\n\n\n<figure class=\"wp-block-image size-large\"><img loading=\"lazy\" decoding=\"async\" width=\"1024\" height=\"357\" src=\"https:\/\/etab.ac-reunion.fr\/clg-titan\/wp-content\/uploads\/sites\/72\/2022\/08\/Capture-de\u0301cran-2022-08-25-a\u0300-17.22.05-1-1024x357.png\" alt=\"\" class=\"wp-image-4116\" srcset=\"https:\/\/etab.ac-reunion.fr\/clg-titan\/wp-content\/uploads\/sites\/72\/2022\/08\/Capture-de\u0301cran-2022-08-25-a\u0300-17.22.05-1-1024x357.png 1024w, https:\/\/etab.ac-reunion.fr\/clg-titan\/wp-content\/uploads\/sites\/72\/2022\/08\/Capture-de\u0301cran-2022-08-25-a\u0300-17.22.05-1-300x105.png 300w, https:\/\/etab.ac-reunion.fr\/clg-titan\/wp-content\/uploads\/sites\/72\/2022\/08\/Capture-de\u0301cran-2022-08-25-a\u0300-17.22.05-1-1536x536.png 1536w, https:\/\/etab.ac-reunion.fr\/clg-titan\/wp-content\/uploads\/sites\/72\/2022\/08\/Capture-de\u0301cran-2022-08-25-a\u0300-17.22.05-1-1080x377.png 1080w, https:\/\/etab.ac-reunion.fr\/clg-titan\/wp-content\/uploads\/sites\/72\/2022\/08\/Capture-de\u0301cran-2022-08-25-a\u0300-17.22.05-1-1280x447.png 1280w, https:\/\/etab.ac-reunion.fr\/clg-titan\/wp-content\/uploads\/sites\/72\/2022\/08\/Capture-de\u0301cran-2022-08-25-a\u0300-17.22.05-1-980x342.png 980w, https:\/\/etab.ac-reunion.fr\/clg-titan\/wp-content\/uploads\/sites\/72\/2022\/08\/Capture-de\u0301cran-2022-08-25-a\u0300-17.22.05-1-480x167.png 480w, https:\/\/etab.ac-reunion.fr\/clg-titan\/wp-content\/uploads\/sites\/72\/2022\/08\/Capture-de\u0301cran-2022-08-25-a\u0300-17.22.05-1.png 1562w\" sizes=\"(max-width: 1024px) 100vw, 1024px\" \/><\/figure>\n\n\n\n<p><\/p>\n\n\n\n<p><a rel=\"noreferrer noopener\" href=\"https:\/\/etab.ac-reunion.fr\/clg-titan\/wp-content\/uploads\/sites\/72\/2015\/06\/Contrat-dobjectifs.pdf\" target=\"_blank\">Contrat d&rsquo;objectifs<\/a><\/p>\n","protected":false},"excerpt":{"rendered":"<p>Le coll\u00e8ge Titan appartient \u00e0 un R\u00e9seau d\u2019Education Prioritaire Renforc\u00e9e (REP+). La politique d\u2019\u00e9ducation prioritaire a pour objectif de corriger l\u2019impact des in\u00e9galit\u00e9s sociales et \u00e9conomiques sur la r\u00e9ussite scolaire par un renforcement de l\u2019action p\u00e9dagogique et \u00e9ducative dans les \u00e9coles et \u00e9tablissements des territoires qui rencontrent les plus grandes difficult\u00e9s sociales.A cette fin, un [&hellip;]<\/p>\n","protected":false},"author":7693,"featured_media":0,"parent":0,"menu_order":0,"comment_status":"closed","ping_status":"closed","template":"","meta":{"_et_pb_use_builder":"","_et_pb_old_content":"","_et_gb_content_width":"","footnotes":""},"class_list":["post-201","page","type-page","status-publish","hentry"],"_links":{"self":[{"href":"https:\/\/etab.ac-reunion.fr\/clg-titan\/wp-json\/wp\/v2\/pages\/201","targetHints":{"allow":["GET"]}}],"collection":[{"href":"https:\/\/etab.ac-reunion.fr\/clg-titan\/wp-json\/wp\/v2\/pages"}],"about":[{"href":"https:\/\/etab.ac-reunion.fr\/clg-titan\/wp-json\/wp\/v2\/types\/page"}],"author":[{"embeddable":true,"href":"https:\/\/etab.ac-reunion.fr\/clg-titan\/wp-json\/wp\/v2\/users\/7693"}],"replies":[{"embeddable":true,"href":"https:\/\/etab.ac-reunion.fr\/clg-titan\/wp-json\/wp\/v2\/comments?post=201"}],"version-history":[{"count":16,"href":"https:\/\/etab.ac-reunion.fr\/clg-titan\/wp-json\/wp\/v2\/pages\/201\/revisions"}],"predecessor-version":[{"id":6156,"href":"https:\/\/etab.ac-reunion.fr\/clg-titan\/wp-json\/wp\/v2\/pages\/201\/revisions\/6156"}],"wp:attachment":[{"href":"https:\/\/etab.ac-reunion.fr\/clg-titan\/wp-json\/wp\/v2\/media?parent=201"}],"curies":[{"name":"wp","href":"https:\/\/api.w.org\/{rel}","templated":true}]}}