{"id":31,"date":"2014-08-16T19:06:39","date_gmt":"2014-08-16T18:06:39","guid":{"rendered":"http:\/\/college-titan.ac-reunion.fr\/?page_id=31"},"modified":"2023-09-20T15:32:40","modified_gmt":"2023-09-20T11:32:40","slug":"accueil","status":"publish","type":"page","link":"https:\/\/etab.ac-reunion.fr\/clg-titan\/accueil\/","title":{"rendered":"Mentions l\u00e9gales"},"content":{"rendered":"<p>Coll\u00e8ge TITAN<\/p>\n<p>172 Boulevard de Toulouse, R\u00e9union<\/p>\n<div class=\"et_pb_blurb_description\">\n<p>BP 1011 97827 Le port cedex.<\/p>\n<\/div>\n<p><a href=\"https:\/\/etab.ac-reunion.fr\/clg-titan\/college\/contact\/\">contact<\/a><\/p>\n<h3><strong>L\u2019h\u00e9bergeur du site<\/strong><\/h3>\n<p>Rectorat de l\u2019Acad\u00e9mie de La R\u00e9union<br \/>\n<em>24 avenue Georges Brassens<\/em><br \/>\n<em>CS 71003<\/em><br \/>\n<em>97743 Saint-Denis Cedex 9<\/em><\/p>\n<p><em>T\u00e9l.+262 (0)2 62 48 10 10<\/em><\/p>\n<h3><strong>Directeur de la publication<\/strong><\/h3>\n<p>M. SORET <em>Principal du coll\u00e8ge Titan<\/em><\/p>\n<h3><strong>Webmestre<\/strong><\/h3>\n<p>Madame MEZINO , <em>professeure au coll\u00e8ge Titan<\/em><\/p>\n<h3><strong>Protection et traitement des donn\u00e9es \u00e0 caract\u00e8re personnel<\/strong><\/h3>\n<p>Conform\u00e9ment \u00e0 <a href=\"http:\/\/www.legifrance.gouv.fr\/affichTexte.do?cidTexte=JORFTEXT000000886460\" target=\"_blank\" rel=\"noopener\">la loi \u00ab\u00a0informatique et libert\u00e9s\u00a0\u00bb du 6 janvier 1978<\/a>, vous b\u00e9n\u00e9ficiez d\u2019un droit de modification, de rectification ou de suppression des donn\u00e9es qui vous concernent. Rendez-vous \u00e0 la rubrique \u00ab\u00a0Contact\u00a0\u00bb.<\/p>\n<p><a href=\"http:\/\/creativecommons.org\/licenses\/by-nc-sa\/4.0\/\" rel=\"license\"><img decoding=\"async\" style=\"border-width: 0\" src=\"https:\/\/i.creativecommons.org\/l\/by-nc-sa\/4.0\/88x31.png\" alt=\"Licence Creative Commons\" \/><\/a><br \/>\nCe(tte) \u0153uvre est mise \u00e0 disposition selon les termes de la <a href=\"http:\/\/creativecommons.org\/licenses\/by-nc-sa\/4.0\/\" rel=\"license\">Licence Creative Commons Attribution &#8211; Pas d\u2019Utilisation Commerciale &#8211; Partage dans les M\u00eames Conditions 4.0 International<\/a>.<\/p>\n","protected":false},"excerpt":{"rendered":"<p>Coll\u00e8ge TITAN 172 Boulevard de Toulouse, R\u00e9union BP 1011 97827 Le port cedex. contact L\u2019h\u00e9bergeur du site Rectorat de l\u2019Acad\u00e9mie de La R\u00e9union 24 avenue Georges Brassens CS 71003 97743 Saint-Denis Cedex 9 T\u00e9l.+262 (0)2 62 48 10 10 Directeur de la publication M. SORET Principal du coll\u00e8ge Titan Webmestre Madame MEZINO , professeure au [&hellip;]<\/p>\n","protected":false},"author":1528,"featured_media":0,"parent":0,"menu_order":0,"comment_status":"closed","ping_status":"closed","template":"","meta":{"_et_pb_use_builder":"","_et_pb_old_content":"","_et_gb_content_width":"","footnotes":""},"class_list":["post-31","page","type-page","status-publish","hentry"],"_links":{"self":[{"href":"https:\/\/etab.ac-reunion.fr\/clg-titan\/wp-json\/wp\/v2\/pages\/31","targetHints":{"allow":["GET"]}}],"collection":[{"href":"https:\/\/etab.ac-reunion.fr\/clg-titan\/wp-json\/wp\/v2\/pages"}],"about":[{"href":"https:\/\/etab.ac-reunion.fr\/clg-titan\/wp-json\/wp\/v2\/types\/page"}],"author":[{"embeddable":true,"href":"https:\/\/etab.ac-reunion.fr\/clg-titan\/wp-json\/wp\/v2\/users\/1528"}],"replies":[{"embeddable":true,"href":"https:\/\/etab.ac-reunion.fr\/clg-titan\/wp-json\/wp\/v2\/comments?post=31"}],"version-history":[{"count":13,"href":"https:\/\/etab.ac-reunion.fr\/clg-titan\/wp-json\/wp\/v2\/pages\/31\/revisions"}],"predecessor-version":[{"id":4788,"href":"https:\/\/etab.ac-reunion.fr\/clg-titan\/wp-json\/wp\/v2\/pages\/31\/revisions\/4788"}],"wp:attachment":[{"href":"https:\/\/etab.ac-reunion.fr\/clg-titan\/wp-json\/wp\/v2\/media?parent=31"}],"curies":[{"name":"wp","href":"https:\/\/api.w.org\/{rel}","templated":true}]}}