{"id":3740,"date":"2022-06-27T20:32:08","date_gmt":"2022-06-27T16:32:08","guid":{"rendered":"http:\/\/college-titan.ac-reunion.fr\/?page_id=3740"},"modified":"2025-09-22T08:53:19","modified_gmt":"2025-09-22T04:53:19","slug":"le-mot-du-principal","status":"publish","type":"page","link":"https:\/\/etab.ac-reunion.fr\/clg-titan\/le-mot-du-principal\/","title":{"rendered":"Mot de la Principale"},"content":{"rendered":"\n<p>Mesdames, messieurs, mes cher(es) coll\u00e8gues,<\/p>\n\n\n\n<p>Ravie d\u2019int\u00e9grer cet \u00e9tablissement haut en couleurs, j\u2019ai le plaisir d\u2019ouvrir une nouvelle page, la premi\u00e8re de ce livret.<\/p>\n\n\n\n<p>Soucieuse de la r\u00e9ussite de nos \u00e9l\u00e8ves, nous allons porter ensemble bien haut les ambitions de nos jeunes et les accompagner dans la construction de leur parcours scolaire, leur orientation et leur bien-\u00eatre. Dans cette optique, il est essentiel \u00e9galement que les adultes aient pers\u00e9v\u00e9rance, s\u00e9rennit\u00e9 et solidarit\u00e9.<\/p>\n\n\n\n<p>Dans le travail et le respect, nous allons former une communaut\u00e9 \u00e9ducative au service de nos \u00e9l\u00e8ves et pour cette mission de service public d\u2019\u00e9ducation. Sachez pouvoir compter sur mon entier d\u00e9vouement \u00e0 cette cause.<\/p>\n\n\n\n<p>Bonne rentr\u00e9e \u00e0 tous et belle ann\u00e9e scolaire<\/p>\n\n\n\n<p><\/p>\n\n\n\n<p><strong>\u00a0\u00a0\u00a0\u00a0\u00a0\u00a0\u00a0\u00a0\u00a0\u00a0\u00a0\u00a0\u00a0\u00a0\u00a0\u00a0\u00a0\u00a0\u00a0\u00a0\u00a0\u00a0\u00a0\u00a0\u00a0\u00a0\u00a0\u00a0\u00a0\u00a0\u00a0\u00a0\u00a0\u00a0\u00a0\u00a0\u00a0\u00a0\u00a0\u00a0\u00a0\u00a0\u00a0\u00a0\u00a0\u00a0\u00a0\u00a0\u00a0\u00a0\u00a0\u00a0\u00a0\u00a0\u00a0\u00a0\u00a0\u00a0\u00a0\u00a0\u00a0\u00a0\u00a0\u00a0\u00a0\u00a0\u00a0\u00a0\u00a0\u00a0\u00a0\u00a0\u00a0\u00a0\u00a0\u00a0\u00a0\u00a0\u00a0\u00a0\u00a0\u00a0\u00a0\u00a0\u00a0\u00a0\u00a0\u00a0\u00a0\u00a0\u00a0\u00a0\u00a0 HERVIER Sandrine<\/strong><\/p>\n\n\n\n<p><strong>\u00a0\u00a0\u00a0\u00a0\u00a0\u00a0\u00a0\u00a0\u00a0\u00a0\u00a0\u00a0\u00a0\u00a0\u00a0\u00a0\u00a0\u00a0\u00a0\u00a0\u00a0\u00a0\u00a0\u00a0\u00a0\u00a0\u00a0\u00a0\u00a0\u00a0\u00a0\u00a0\u00a0\u00a0\u00a0\u00a0\u00a0\u00a0\u00a0\u00a0\u00a0\u00a0\u00a0\u00a0\u00a0\u00a0\u00a0\u00a0\u00a0\u00a0\u00a0\u00a0\u00a0\u00a0\u00a0\u00a0\u00a0\u00a0\u00a0\u00a0\u00a0\u00a0\u00a0\u00a0\u00a0\u00a0\u00a0\u00a0\u00a0\u00a0\u00a0\u00a0\u00a0\u00a0\u00a0\u00a0\u00a0\u00a0\u00a0\u00a0\u00a0\u00a0\u00a0\u00a0\u00a0\u00a0\u00a0\u00a0\u00a0\u00a0\u00a0\u00a0\u00a0 Principal<\/strong>e<\/p>\n\n\n\n<p><strong>\u00a0\u00a0\u00a0\u00a0\u00a0\u00a0\u00a0\u00a0\u00a0\u00a0\u00a0\u00a0\u00a0\u00a0\u00a0\u00a0\u00a0\u00a0\u00a0\u00a0\u00a0\u00a0\u00a0\u00a0\u00a0\u00a0\u00a0\u00a0\u00a0\u00a0\u00a0\u00a0\u00a0\u00a0\u00a0\u00a0\u00a0\u00a0\u00a0\u00a0\u00a0\u00a0\u00a0\u00a0\u00a0\u00a0\u00a0\u00a0\u00a0\u00a0\u00a0\u00a0\u00a0\u00a0\u00a0\u00a0\u00a0\u00a0\u00a0\u00a0\u00a0\u00a0\u00a0\u00a0\u00a0\u00a0\u00a0\u00a0\u00a0\u00a0\u00a0\u00a0\u00a0\u00a0\u00a0\u00a0\u00a0\u00a0\u00a0\u00a0\u00a0\u00a0\u00a0\u00a0\u00a0\u00a0\u00a0\u00a0\u00a0\u00a0\u00a0\u00a0\u00a0 Cheffe de file Cit\u00e9 Educative<\/strong><\/p>\n","protected":false},"excerpt":{"rendered":"<p>Mesdames, messieurs, mes cher(es) coll\u00e8gues, Ravie d\u2019int\u00e9grer cet \u00e9tablissement haut en couleurs, j\u2019ai le plaisir d\u2019ouvrir une nouvelle page, la premi\u00e8re de ce livret. Soucieuse de la r\u00e9ussite de nos \u00e9l\u00e8ves, nous allons porter ensemble bien haut les ambitions de nos jeunes et les accompagner dans la construction de leur parcours scolaire, leur orientation et [&hellip;]<\/p>\n","protected":false},"author":8009,"featured_media":0,"parent":0,"menu_order":0,"comment_status":"closed","ping_status":"closed","template":"","meta":{"_et_pb_use_builder":"off","_et_pb_old_content":"<!-- wp:paragraph -->\n<p><\/p>\n<!-- \/wp:paragraph -->\n\n<!-- wp:paragraph -->\n<p><strong>L\u2019\u00e9cole de la Confiance et de la R\u00e9publique, notre maison commune, \u0153uvre \u00e0 l\u2019accompagnement, la r\u00e9ussite, l\u2019insertion et l\u2019\u00e9panouissement de chaque \u00e9l\u00e8ve.<\/strong><\/p>\n<!-- \/wp:paragraph -->\n\n<!-- wp:paragraph -->\n<p><strong>L\u2019\u00e9cole de la confiance est la colonne vert\u00e9brale de la R\u00e9publique, son berceau et lieu de construction de son avenir. Elle en partage les d\u00e9fis, la force et les promesses.<\/strong><\/p>\n<!-- \/wp:paragraph -->\n\n<!-- wp:paragraph -->\n<p><strong>C\u2019est cette Ecole, rigoureuse et bienveillante, que nous devons continuer \u00e0 construire.<\/strong><\/p>\n<!-- \/wp:paragraph -->\n\n<!-- wp:paragraph -->\n<p><strong>Face \u00e0 la crise sanitaire que nous traversons, la s\u00e9curit\u00e9 de chacun devra \u00eatre pr\u00e9serv\u00e9e gr\u00e2ce au respect par tous du protocole sanitaire.<\/strong><\/p>\n<!-- \/wp:paragraph -->\n\n<!-- wp:paragraph -->\n<p><strong>Face \u00e0 cette crise sanitaire in\u00e9dite et inattendue, nous devons encore plus nous atteler \u00e0 amener chaque \u00e9l\u00e8ve \u00e0 b\u00e2tir son avenir, \u00e0 devenir acteur de son parcours, \u00e0 d\u00e9ployer toutes ses potentialit\u00e9s, afin de devenir un citoyen adulte libre, \u00e9clair\u00e9, autonome, dou\u00e9 d\u2019esprit critique et conscient de partager une destin\u00e9e commune avec le reste de la Soci\u00e9t\u00e9.<\/strong><\/p>\n<!-- \/wp:paragraph -->\n\n<!-- wp:paragraph -->\n<p><strong>Nous avons \u00e0 nous mobiliser pour agir et r\u00e9agir avec efficacit\u00e9 et cr\u00e9ativit\u00e9 afin d\u2019\u00e9tablir un environnement serein, propice aux apprentissages, o\u00f9 chaque usager \u00e0 le plaisir de retrouver l\u2019\u00e9cole.<\/strong><\/p>\n<!-- \/wp:paragraph -->\n\n<!-- wp:paragraph -->\n<p><strong>Face \u00e0 cette crise sanitaire qui constitue une v\u00e9ritable catastrophe \u00e9ducative, notre mission d\u2019offrir \u00e0 chaque jeune Portois un parcours de r\u00e9ussite et d\u2019\u00e9galit\u00e9 doit \u00eatre r\u00e9affirm\u00e9e.<\/strong><\/p>\n<!-- \/wp:paragraph -->\n\n<!-- wp:paragraph -->\n<p><strong>Conforter le r\u00f4le de l\u2019\u00e9cole, assurer la continuit\u00e9 p\u00e9dagogique et \u00e9ducative, ouvrir aux \u00e9l\u00e8ves le champ des possibles, afin qu\u2019ils aient la possibilit\u00e9 de se construire un avenir dans notre soci\u00e9t\u00e9, sont des objectifs que je nous fixe collectivement.<\/strong><\/p>\n<!-- \/wp:paragraph -->\n\n<!-- wp:paragraph -->\n<p><strong>Cette ann\u00e9e, chacun de nous devra encore plus, dans l\u2019exercice de ses missions, \u00eatre mobilis\u00e9 pour ne laisser aucun \u00e9l\u00e8ve sur le bord du chemin.<\/strong><\/p>\n<!-- \/wp:paragraph -->\n\n<!-- wp:paragraph -->\n<p><strong>Chacun de nous veillera \u00e0 \u00eatre attentif \u00e0 la floraison des talents, aptitudes et potentiels des jeunes qui nous sont confi\u00e9s.<\/strong><\/p>\n<!-- \/wp:paragraph -->\n\n<!-- wp:paragraph -->\n<p><strong>Je vous souhaite \u00e0 toutes et \u00e0 tous une excellente ann\u00e9e scolaire, empreinte de r\u00e9ussite, d\u2019\u00e9panouissement et de projets aboutis.<\/strong><\/p>\n<!-- \/wp:paragraph -->\n\n<!-- wp:paragraph -->\n<p><strong>&nbsp;&nbsp;&nbsp;&nbsp;&nbsp;&nbsp;&nbsp;&nbsp;&nbsp;&nbsp;&nbsp;&nbsp;&nbsp;&nbsp;&nbsp;&nbsp;&nbsp;&nbsp;&nbsp;&nbsp;&nbsp;&nbsp;&nbsp;&nbsp;&nbsp;&nbsp;&nbsp;&nbsp;&nbsp;&nbsp;&nbsp;&nbsp;&nbsp;&nbsp;&nbsp;&nbsp;&nbsp;&nbsp;&nbsp;&nbsp;&nbsp;&nbsp;&nbsp;&nbsp;&nbsp;&nbsp;&nbsp;&nbsp;&nbsp;&nbsp;&nbsp;&nbsp;&nbsp;&nbsp;&nbsp;&nbsp;&nbsp;&nbsp;&nbsp;&nbsp;&nbsp;&nbsp;&nbsp;&nbsp;&nbsp;&nbsp;&nbsp;&nbsp;&nbsp;&nbsp;&nbsp;&nbsp;&nbsp;&nbsp;&nbsp;&nbsp;&nbsp;&nbsp;&nbsp;&nbsp;&nbsp;&nbsp;&nbsp;&nbsp;&nbsp;&nbsp;&nbsp;&nbsp;&nbsp;&nbsp;&nbsp;&nbsp;&nbsp; St\u00e9phanie BAGNOLET<\/strong><\/p>\n<!-- \/wp:paragraph -->\n\n<!-- wp:paragraph -->\n<p><strong>&nbsp;&nbsp;&nbsp;&nbsp;&nbsp;&nbsp;&nbsp;&nbsp;&nbsp;&nbsp;&nbsp;&nbsp;&nbsp;&nbsp;&nbsp;&nbsp;&nbsp;&nbsp;&nbsp;&nbsp;&nbsp;&nbsp;&nbsp;&nbsp;&nbsp;&nbsp;&nbsp;&nbsp;&nbsp;&nbsp;&nbsp;&nbsp;&nbsp;&nbsp;&nbsp;&nbsp;&nbsp;&nbsp;&nbsp;&nbsp;&nbsp;&nbsp;&nbsp;&nbsp;&nbsp;&nbsp;&nbsp;&nbsp;&nbsp;&nbsp;&nbsp;&nbsp;&nbsp;&nbsp;&nbsp;&nbsp;&nbsp;&nbsp;&nbsp;&nbsp;&nbsp;&nbsp;&nbsp;&nbsp;&nbsp;&nbsp;&nbsp;&nbsp;&nbsp;&nbsp;&nbsp;&nbsp;&nbsp;&nbsp;&nbsp;&nbsp;&nbsp;&nbsp;&nbsp;&nbsp;&nbsp;&nbsp;&nbsp;&nbsp;&nbsp;&nbsp;&nbsp;&nbsp;&nbsp;&nbsp;&nbsp;&nbsp;&nbsp; Principale<\/strong><\/p>\n<!-- \/wp:paragraph -->\n\n<!-- wp:paragraph -->\n<p><strong>&nbsp;&nbsp;&nbsp;&nbsp;&nbsp;&nbsp;&nbsp;&nbsp;&nbsp;&nbsp;&nbsp;&nbsp;&nbsp;&nbsp;&nbsp;&nbsp;&nbsp;&nbsp;&nbsp;&nbsp;&nbsp;&nbsp;&nbsp;&nbsp;&nbsp;&nbsp;&nbsp;&nbsp;&nbsp;&nbsp;&nbsp;&nbsp;&nbsp;&nbsp;&nbsp;&nbsp;&nbsp;&nbsp;&nbsp;&nbsp;&nbsp;&nbsp;&nbsp;&nbsp;&nbsp;&nbsp;&nbsp;&nbsp;&nbsp;&nbsp;&nbsp;&nbsp;&nbsp;&nbsp;&nbsp;&nbsp;&nbsp;&nbsp;&nbsp;&nbsp;&nbsp;&nbsp;&nbsp;&nbsp;&nbsp;&nbsp;&nbsp;&nbsp;&nbsp;&nbsp;&nbsp;&nbsp;&nbsp;&nbsp;&nbsp;&nbsp;&nbsp;&nbsp;&nbsp;&nbsp;&nbsp;&nbsp;&nbsp;&nbsp;&nbsp;&nbsp;&nbsp;&nbsp;&nbsp;&nbsp;&nbsp;&nbsp;&nbsp; Cheffe de file Cit\u00e9 Educative<\/strong><\/p>\n<!-- \/wp:paragraph -->","_et_gb_content_width":"","footnotes":""},"class_list":["post-3740","page","type-page","status-publish","hentry"],"_links":{"self":[{"href":"https:\/\/etab.ac-reunion.fr\/clg-titan\/wp-json\/wp\/v2\/pages\/3740","targetHints":{"allow":["GET"]}}],"collection":[{"href":"https:\/\/etab.ac-reunion.fr\/clg-titan\/wp-json\/wp\/v2\/pages"}],"about":[{"href":"https:\/\/etab.ac-reunion.fr\/clg-titan\/wp-json\/wp\/v2\/types\/page"}],"author":[{"embeddable":true,"href":"https:\/\/etab.ac-reunion.fr\/clg-titan\/wp-json\/wp\/v2\/users\/8009"}],"replies":[{"embeddable":true,"href":"https:\/\/etab.ac-reunion.fr\/clg-titan\/wp-json\/wp\/v2\/comments?post=3740"}],"version-history":[{"count":14,"href":"https:\/\/etab.ac-reunion.fr\/clg-titan\/wp-json\/wp\/v2\/pages\/3740\/revisions"}],"predecessor-version":[{"id":6154,"href":"https:\/\/etab.ac-reunion.fr\/clg-titan\/wp-json\/wp\/v2\/pages\/3740\/revisions\/6154"}],"wp:attachment":[{"href":"https:\/\/etab.ac-reunion.fr\/clg-titan\/wp-json\/wp\/v2\/media?parent=3740"}],"curies":[{"name":"wp","href":"https:\/\/api.w.org\/{rel}","templated":true}]}}