{"id":4851,"date":"2023-10-03T13:10:38","date_gmt":"2023-10-03T09:10:38","guid":{"rendered":"https:\/\/etab.ac-reunion.fr\/clg-titan\/?page_id=4851"},"modified":"2023-10-03T13:12:47","modified_gmt":"2023-10-03T09:12:47","slug":"conseil-dadministration-representants","status":"publish","type":"page","link":"https:\/\/etab.ac-reunion.fr\/clg-titan\/instances-et-associations\/conseil-dadministration-representants\/","title":{"rendered":"Conseil d&rsquo;Administration &#8211; Repr\u00e9sentants"},"content":{"rendered":"\n<p>Suite aux \u00e9lections qui ont eu lieu ce vendredi 29 septembre, voici la liste des \u00c9lus (parents &#8211; professeurs &#8211; Agents)<\/p>\n\n\n\n<p> non<\/p>\n\n\n\n<p>(\u00e0 venir)<\/p>\n\n\n\n<p><\/p>\n","protected":false},"excerpt":{"rendered":"<p>Suite aux \u00e9lections qui ont eu lieu ce vendredi 29 septembre, voici la liste des \u00c9lus (parents &#8211; professeurs &#8211; Agents) non (\u00e0 venir)<\/p>\n","protected":false},"author":8009,"featured_media":0,"parent":215,"menu_order":0,"comment_status":"closed","ping_status":"closed","template":"","meta":{"_et_pb_use_builder":"off","_et_pb_old_content":"","_et_gb_content_width":"","footnotes":""},"class_list":["post-4851","page","type-page","status-publish","hentry"],"_links":{"self":[{"href":"https:\/\/etab.ac-reunion.fr\/clg-titan\/wp-json\/wp\/v2\/pages\/4851","targetHints":{"allow":["GET"]}}],"collection":[{"href":"https:\/\/etab.ac-reunion.fr\/clg-titan\/wp-json\/wp\/v2\/pages"}],"about":[{"href":"https:\/\/etab.ac-reunion.fr\/clg-titan\/wp-json\/wp\/v2\/types\/page"}],"author":[{"embeddable":true,"href":"https:\/\/etab.ac-reunion.fr\/clg-titan\/wp-json\/wp\/v2\/users\/8009"}],"replies":[{"embeddable":true,"href":"https:\/\/etab.ac-reunion.fr\/clg-titan\/wp-json\/wp\/v2\/comments?post=4851"}],"version-history":[{"count":3,"href":"https:\/\/etab.ac-reunion.fr\/clg-titan\/wp-json\/wp\/v2\/pages\/4851\/revisions"}],"predecessor-version":[{"id":4854,"href":"https:\/\/etab.ac-reunion.fr\/clg-titan\/wp-json\/wp\/v2\/pages\/4851\/revisions\/4854"}],"up":[{"embeddable":true,"href":"https:\/\/etab.ac-reunion.fr\/clg-titan\/wp-json\/wp\/v2\/pages\/215"}],"wp:attachment":[{"href":"https:\/\/etab.ac-reunion.fr\/clg-titan\/wp-json\/wp\/v2\/media?parent=4851"}],"curies":[{"name":"wp","href":"https:\/\/api.w.org\/{rel}","templated":true}]}}