{"id":4856,"date":"2023-10-03T13:19:29","date_gmt":"2023-10-03T09:19:29","guid":{"rendered":"https:\/\/etab.ac-reunion.fr\/clg-titan\/?page_id=4856"},"modified":"2023-12-06T21:49:33","modified_gmt":"2023-12-06T17:49:33","slug":"federations-de-parents-deleves","status":"publish","type":"page","link":"https:\/\/etab.ac-reunion.fr\/clg-titan\/federations-de-parents-deleves\/","title":{"rendered":"F\u00e9d\u00e9rations de parents d&rsquo;\u00e9l\u00e8ves"},"content":{"rendered":"\n<h2 class=\"wp-block-heading\">PARENTS : les d\u00e9l\u00e9gu\u00e9s de parents \u00e0 votre \u00e9coute<\/h2>\n\n\n\n<p>Retrouvez les coordonn\u00e9es vous permettant de joindre les d\u00e9l\u00e9gu\u00e9s de parents de la PEEP.<\/p>\n\n\n\n<figure class=\"wp-block-image size-large\"><img loading=\"lazy\" decoding=\"async\" width=\"779\" height=\"1024\" src=\"https:\/\/etab.ac-reunion.fr\/clg-titan\/wp-content\/uploads\/sites\/72\/2023\/12\/peep-779x1024.png\" alt=\"\" class=\"wp-image-5061\" \/><\/figure>\n","protected":false},"excerpt":{"rendered":"<p>PARENTS : les d\u00e9l\u00e9gu\u00e9s de parents \u00e0 votre \u00e9coute Retrouvez les coordonn\u00e9es vous permettant de joindre les d\u00e9l\u00e9gu\u00e9s de parents de la PEEP.<\/p>\n","protected":false},"author":8009,"featured_media":5059,"parent":0,"menu_order":0,"comment_status":"closed","ping_status":"closed","template":"","meta":{"_et_pb_use_builder":"off","_et_pb_old_content":"","_et_gb_content_width":"","footnotes":""},"class_list":["post-4856","page","type-page","status-publish","has-post-thumbnail","hentry"],"_links":{"self":[{"href":"https:\/\/etab.ac-reunion.fr\/clg-titan\/wp-json\/wp\/v2\/pages\/4856","targetHints":{"allow":["GET"]}}],"collection":[{"href":"https:\/\/etab.ac-reunion.fr\/clg-titan\/wp-json\/wp\/v2\/pages"}],"about":[{"href":"https:\/\/etab.ac-reunion.fr\/clg-titan\/wp-json\/wp\/v2\/types\/page"}],"author":[{"embeddable":true,"href":"https:\/\/etab.ac-reunion.fr\/clg-titan\/wp-json\/wp\/v2\/users\/8009"}],"replies":[{"embeddable":true,"href":"https:\/\/etab.ac-reunion.fr\/clg-titan\/wp-json\/wp\/v2\/comments?post=4856"}],"version-history":[{"count":2,"href":"https:\/\/etab.ac-reunion.fr\/clg-titan\/wp-json\/wp\/v2\/pages\/4856\/revisions"}],"predecessor-version":[{"id":5071,"href":"https:\/\/etab.ac-reunion.fr\/clg-titan\/wp-json\/wp\/v2\/pages\/4856\/revisions\/5071"}],"wp:featuredmedia":[{"embeddable":true,"href":"https:\/\/etab.ac-reunion.fr\/clg-titan\/wp-json\/wp\/v2\/media\/5059"}],"wp:attachment":[{"href":"https:\/\/etab.ac-reunion.fr\/clg-titan\/wp-json\/wp\/v2\/media?parent=4856"}],"curies":[{"name":"wp","href":"https:\/\/api.w.org\/{rel}","templated":true}]}}