{"id":621,"date":"2015-09-01T09:51:51","date_gmt":"2015-09-01T08:51:51","guid":{"rendered":"http:\/\/college-titan.ac-reunion.fr\/?page_id=621"},"modified":"2023-10-01T21:16:28","modified_gmt":"2023-10-01T17:16:28","slug":"parents-aide-pour-une-premiere-connexion-a-metice","status":"publish","type":"page","link":"https:\/\/etab.ac-reunion.fr\/clg-titan\/parents\/parents-aide-pour-une-premiere-connexion-a-metice\/","title":{"rendered":"PARENTS. EduConnect : un compte unique pour suivre et accompagner la scolarit\u00e9 de votre enfant."},"content":{"rendered":"\n<p>Le compte unique \u00c9duConnect remplace mes identifiants et mot de passe utilis\u00e9s jusqu\u2019\u00e0 pr\u00e9sent par mes enfants et moi-m\u00eame.\u00a0 J&rsquo;ai un acc\u00e8s unique au suivi et \u00e0 l\u2019accompagnement de la scolarit\u00e9 de mes enfants de l&rsquo;\u00e9cole au lyc\u00e9e (METICE, Pronote, Messagerie P\u00e9dagogique, demande de Bourse, Fiche de renseignements&#8230;. tout au m\u00eame endroit!)<\/p>\n\n\n\n<figure class=\"wp-block-image size-large\"><a href=\"https:\/\/educonnect.education.gouv.fr\/idp\/profile\/SAML2\/Redirect\/SSO?execution=e3s1\"><img loading=\"lazy\" decoding=\"async\" width=\"1024\" height=\"643\" src=\"https:\/\/etab.ac-reunion.fr\/clg-titan\/wp-content\/uploads\/sites\/72\/2023\/10\/Capture-decran-2023-10-01-a-20.54.24-1024x643.png\" alt=\"\" class=\"wp-image-4836\" srcset=\"https:\/\/etab.ac-reunion.fr\/clg-titan\/wp-content\/uploads\/sites\/72\/2023\/10\/Capture-decran-2023-10-01-a-20.54.24-980x616.png 980w, https:\/\/etab.ac-reunion.fr\/clg-titan\/wp-content\/uploads\/sites\/72\/2023\/10\/Capture-decran-2023-10-01-a-20.54.24-480x302.png 480w\" sizes=\"(min-width: 0px) and (max-width: 480px) 480px, (min-width: 481px) and (max-width: 980px) 980px, (min-width: 981px) 1024px, 100vw\" \/><\/a><\/figure>\n\n\n<p>Cliquez sur le lien pour acc\u00e9der au <a href=\"https:\/\/educonnect.education.gouv.fr\/idp\/profile\/SAML2\/Redirect\/SSO?execution=e1s1\" target=\"_blank\" rel=\"noopener\">Portail EduConnect<\/a><\/p>\n<p>L&rsquo;assistance EduConnect du site de l&rsquo;Acad\u00e9mie de la R\u00e9union <a href=\"https:\/\/www.ac-reunion.fr\/assistance-educonnect\" target=\"_blank\" rel=\"noopener\">ICI.<\/a><\/p>\n<p>Contact de l&rsquo;association AGAME pour une aide individualis\u00e9e au coll\u00e8ge : 0262.18.98.98<\/p>\n<p>Num\u00e9ro d&rsquo;assistance nationale :\u00a00809540606<br \/>Email assistance :\u00a0<a href=\"mailto:assistanceteleservices@education.gouv.fr\" rel=\"nofollow\">assistanceteleservices@education.gouv.fr<\/a><\/p>\n<div class=\"plyr wysiwyg_media wysiwyg_media--video js-initialized\" data-mode=\"light\">\n<div class=\"plyr plyr--video plyr--fullscreen-enabled plyr--ready plyr--loading plyr--playing\">\n<div class=\"plyr__video-wrapper\">Lien vers la FAQ d&rsquo;EduConnect <a href=\"https:\/\/educonnect.education.gouv.fr\/educt-aide\/aide\/\" target=\"_blank\" rel=\"noopener\">ICI<\/a><\/div>\n<\/div>\n<\/div>\n\n\n<figure class=\"wp-block-image size-large\"><img loading=\"lazy\" decoding=\"async\" width=\"876\" height=\"1024\" src=\"https:\/\/etab.ac-reunion.fr\/clg-titan\/wp-content\/uploads\/sites\/72\/2023\/10\/educonnect-876x1024.png\" alt=\"\" class=\"wp-image-4837\" \/><\/figure>\n","protected":false},"excerpt":{"rendered":"<p>Le compte unique \u00c9duConnect remplace mes identifiants et mot de passe utilis\u00e9s jusqu\u2019\u00e0 pr\u00e9sent par mes enfants et moi-m\u00eame.\u00a0 J&rsquo;ai un acc\u00e8s unique au suivi et \u00e0 l\u2019accompagnement de la scolarit\u00e9 de mes enfants de l&rsquo;\u00e9cole au lyc\u00e9e (METICE, Pronote, Messagerie P\u00e9dagogique, demande de Bourse, Fiche de renseignements&#8230;. tout au m\u00eame endroit!) Cliquez sur le [&hellip;]<\/p>\n","protected":false},"author":7693,"featured_media":4842,"parent":79,"menu_order":2,"comment_status":"closed","ping_status":"closed","template":"","meta":{"_et_pb_use_builder":"","_et_pb_old_content":"","_et_gb_content_width":"","footnotes":""},"class_list":["post-621","page","type-page","status-publish","has-post-thumbnail","hentry"],"_links":{"self":[{"href":"https:\/\/etab.ac-reunion.fr\/clg-titan\/wp-json\/wp\/v2\/pages\/621","targetHints":{"allow":["GET"]}}],"collection":[{"href":"https:\/\/etab.ac-reunion.fr\/clg-titan\/wp-json\/wp\/v2\/pages"}],"about":[{"href":"https:\/\/etab.ac-reunion.fr\/clg-titan\/wp-json\/wp\/v2\/types\/page"}],"author":[{"embeddable":true,"href":"https:\/\/etab.ac-reunion.fr\/clg-titan\/wp-json\/wp\/v2\/users\/7693"}],"replies":[{"embeddable":true,"href":"https:\/\/etab.ac-reunion.fr\/clg-titan\/wp-json\/wp\/v2\/comments?post=621"}],"version-history":[{"count":10,"href":"https:\/\/etab.ac-reunion.fr\/clg-titan\/wp-json\/wp\/v2\/pages\/621\/revisions"}],"predecessor-version":[{"id":4846,"href":"https:\/\/etab.ac-reunion.fr\/clg-titan\/wp-json\/wp\/v2\/pages\/621\/revisions\/4846"}],"up":[{"embeddable":true,"href":"https:\/\/etab.ac-reunion.fr\/clg-titan\/wp-json\/wp\/v2\/pages\/79"}],"wp:featuredmedia":[{"embeddable":true,"href":"https:\/\/etab.ac-reunion.fr\/clg-titan\/wp-json\/wp\/v2\/media\/4842"}],"wp:attachment":[{"href":"https:\/\/etab.ac-reunion.fr\/clg-titan\/wp-json\/wp\/v2\/media?parent=621"}],"curies":[{"name":"wp","href":"https:\/\/api.w.org\/{rel}","templated":true}]}}