{"id":130,"date":"2014-11-25T08:32:21","date_gmt":"2014-11-25T04:32:21","guid":{"rendered":"http:\/\/college-trois-bassins-tmp.ac-reunion.fr\/?page_id=130"},"modified":"2016-09-27T05:59:01","modified_gmt":"2016-09-27T01:59:01","slug":"espagnol","status":"publish","type":"page","link":"https:\/\/etab.ac-reunion.fr\/clg-trois-bassins\/pedagogie\/espagnol\/","title":{"rendered":"Espagnol"},"content":{"rendered":"<div class=\"titre\">\n<h2 class=\"crayon article-titre-198 \">R\u00e9f\u00e9rentiels en espagnol<\/h2>\n<h4 class=\"crayon article-soustitre-198 soustitre\">Palier 1 et palier 2<\/h4>\n<div class=\"nettoyeur\">\u00a0Vous trouverez ci-joint en format Pdf t\u00e9l\u00e9chargeables les derniers programmes d\u2019espagnol en vigueur pour les classes de\u00a04\u00e8mes et 3\u00e8mes.<\/div>\n<div class=\"nettoyeur\"><a href=\"https:\/\/etab.ac-reunion.fr\/clg-trois-bassins\/wp-content\/uploads\/sites\/113\/2014\/11\/programmes_college_espagnol_Palier_11.pdf\">programmes_college_espagnol_Palier_1<\/a><\/div>\n<div class=\"nettoyeur\"><a href=\"https:\/\/etab.ac-reunion.fr\/clg-trois-bassins\/wp-content\/uploads\/sites\/113\/2014\/11\/BO_programmes_espagnol_Palier_24.pdf\">BO_programmes_espagnol_Palier_2<\/a><\/div>\n<div class=\"nettoyeur\"><\/div>\n<div class=\"nettoyeur\">Acc\u00e8s au livre de cinqui\u00e8me :<\/div>\n<div class=\"nettoyeur\"><a href=\"http:\/\/portail.cns-edu.com\/?ent=Eole&amp;ticket=ST-956106-jCNn39s8ddsVGRGT3j76\" target=\"_blank\">Cliquez ici<\/a><\/div>\n<\/div>\n<div class=\"nettoyeur\"><\/div>\n","protected":false},"excerpt":{"rendered":"<p>R\u00e9f\u00e9rentiels en espagnol Palier 1 et palier 2 \u00a0Vous trouverez ci-joint en format Pdf t\u00e9l\u00e9chargeables les derniers programmes d\u2019espagnol en vigueur pour les classes de\u00a04\u00e8mes et 3\u00e8mes. programmes_college_espagnol_Palier_1 BO_programmes_espagnol_Palier_2 Acc\u00e8s au livre de cinqui\u00e8me : Cliquez ici<\/p>\n<p> <a class=\"continue-reading-link\" href=\"https:\/\/etab.ac-reunion.fr\/clg-trois-bassins\/pedagogie\/espagnol\/\"><span>Continue reading<\/span><i class=\"crycon-right-dir\"><\/i><\/a> <\/p>\n","protected":false},"author":4672,"featured_media":0,"parent":54,"menu_order":0,"comment_status":"closed","ping_status":"open","template":"page-full.php","meta":{"footnotes":""},"class_list":["post-130","page","type-page","status-publish","hentry"],"_links":{"self":[{"href":"https:\/\/etab.ac-reunion.fr\/clg-trois-bassins\/wp-json\/wp\/v2\/pages\/130","targetHints":{"allow":["GET"]}}],"collection":[{"href":"https:\/\/etab.ac-reunion.fr\/clg-trois-bassins\/wp-json\/wp\/v2\/pages"}],"about":[{"href":"https:\/\/etab.ac-reunion.fr\/clg-trois-bassins\/wp-json\/wp\/v2\/types\/page"}],"author":[{"embeddable":true,"href":"https:\/\/etab.ac-reunion.fr\/clg-trois-bassins\/wp-json\/wp\/v2\/users\/4672"}],"replies":[{"embeddable":true,"href":"https:\/\/etab.ac-reunion.fr\/clg-trois-bassins\/wp-json\/wp\/v2\/comments?post=130"}],"version-history":[{"count":9,"href":"https:\/\/etab.ac-reunion.fr\/clg-trois-bassins\/wp-json\/wp\/v2\/pages\/130\/revisions"}],"predecessor-version":[{"id":1311,"href":"https:\/\/etab.ac-reunion.fr\/clg-trois-bassins\/wp-json\/wp\/v2\/pages\/130\/revisions\/1311"}],"up":[{"embeddable":true,"href":"https:\/\/etab.ac-reunion.fr\/clg-trois-bassins\/wp-json\/wp\/v2\/pages\/54"}],"wp:attachment":[{"href":"https:\/\/etab.ac-reunion.fr\/clg-trois-bassins\/wp-json\/wp\/v2\/media?parent=130"}],"curies":[{"name":"wp","href":"https:\/\/api.w.org\/{rel}","templated":true}]}}