{"id":163,"date":"2014-11-25T09:23:21","date_gmt":"2014-11-25T05:23:21","guid":{"rendered":"http:\/\/college-trois-bassins-tmp.ac-reunion.fr\/?page_id=163"},"modified":"2019-08-06T07:03:37","modified_gmt":"2019-08-06T03:03:37","slug":"avis-de-mise-en-concurrence-procedure-adaptee","status":"publish","type":"page","link":"https:\/\/etab.ac-reunion.fr\/clg-trois-bassins\/administratif\/avis-de-mise-en-concurrence-procedure-adaptee\/","title":{"rendered":"Avis de mise en concurrence"},"content":{"rendered":"<p>Le Principal du Coll\u00e8ge de Trois-Bassins invite les fournisseurs int\u00e9ress\u00e9s \u00e0 consulter les documents joints ci-dessous relatif \u00e0 \u00a0l\u2019appel \u00e0 candidatures en vue de futures mises en concurrence pour tous types de fournitures, de services et de travaux durant l\u2019ann\u00e9e 2018:<\/p>\n<p><a href=\"https:\/\/etab.ac-reunion.fr\/clg-trois-bassins\/wp-content\/uploads\/sites\/113\/2017\/12\/march\u00e9_autocommutateur.pdf\">march\u00e9_autocommutateur<\/a><\/p>\n<p>COLL\u00c8GE\u00a0 TROIS BASSINS<\/p>\n<p>19, rue Georges Brassens<\/p>\n<p>97426 TROIS BASSINS<\/p>\n<p>Tel\u00a0: 0262.24.80.94<\/p>\n<p>Fax\u00a0: 0262.24.88.03<\/p>\n","protected":false},"excerpt":{"rendered":"<p>Le Principal du Coll\u00e8ge de Trois-Bassins invite les fournisseurs int\u00e9ress\u00e9s \u00e0 consulter les documents joints ci-dessous relatif \u00e0 \u00a0l\u2019appel \u00e0 candidatures en vue de futures mises en concurrence pour tous types de fournitures, de services et de travaux durant l\u2019ann\u00e9e 2018: march\u00e9_autocommutateur COLL\u00c8GE\u00a0 TROIS BASSINS 19, rue Georges Brassens 97426 &#8230;<\/p>\n<p> <a class=\"continue-reading-link\" href=\"https:\/\/etab.ac-reunion.fr\/clg-trois-bassins\/administratif\/avis-de-mise-en-concurrence-procedure-adaptee\/\"><span>Continue reading<\/span><i class=\"crycon-right-dir\"><\/i><\/a> <\/p>\n","protected":false},"author":4672,"featured_media":0,"parent":101,"menu_order":0,"comment_status":"closed","ping_status":"open","template":"","meta":{"footnotes":""},"class_list":["post-163","page","type-page","status-publish","hentry"],"_links":{"self":[{"href":"https:\/\/etab.ac-reunion.fr\/clg-trois-bassins\/wp-json\/wp\/v2\/pages\/163","targetHints":{"allow":["GET"]}}],"collection":[{"href":"https:\/\/etab.ac-reunion.fr\/clg-trois-bassins\/wp-json\/wp\/v2\/pages"}],"about":[{"href":"https:\/\/etab.ac-reunion.fr\/clg-trois-bassins\/wp-json\/wp\/v2\/types\/page"}],"author":[{"embeddable":true,"href":"https:\/\/etab.ac-reunion.fr\/clg-trois-bassins\/wp-json\/wp\/v2\/users\/4672"}],"replies":[{"embeddable":true,"href":"https:\/\/etab.ac-reunion.fr\/clg-trois-bassins\/wp-json\/wp\/v2\/comments?post=163"}],"version-history":[{"count":8,"href":"https:\/\/etab.ac-reunion.fr\/clg-trois-bassins\/wp-json\/wp\/v2\/pages\/163\/revisions"}],"predecessor-version":[{"id":2658,"href":"https:\/\/etab.ac-reunion.fr\/clg-trois-bassins\/wp-json\/wp\/v2\/pages\/163\/revisions\/2658"}],"up":[{"embeddable":true,"href":"https:\/\/etab.ac-reunion.fr\/clg-trois-bassins\/wp-json\/wp\/v2\/pages\/101"}],"wp:attachment":[{"href":"https:\/\/etab.ac-reunion.fr\/clg-trois-bassins\/wp-json\/wp\/v2\/media?parent=163"}],"curies":[{"name":"wp","href":"https:\/\/api.w.org\/{rel}","templated":true}]}}