{"id":285,"date":"2014-11-26T14:09:27","date_gmt":"2014-11-26T10:09:27","guid":{"rendered":"http:\/\/college-trois-bassins-tmp.ac-reunion.fr\/?page_id=285"},"modified":"2020-11-19T07:23:08","modified_gmt":"2020-11-19T03:23:08","slug":"poles","status":"publish","type":"page","link":"https:\/\/etab.ac-reunion.fr\/clg-trois-bassins\/poles\/","title":{"rendered":"Covid\/S\u00e9curit\u00e9"},"content":{"rendered":"<p>Informations et communiqu\u00e9s de presse<\/p>\n\n\n<div class=\"wp-block-file\"><a href=\"https:\/\/etab.ac-reunion.fr\/clg-trois-bassins\/wp-content\/uploads\/sites\/113\/2020\/09\/2020_09_11_CP_Covid-19_Bilan-vendredi-11-septembre-1.pdf\">2020_09_11_CP_Covid-19_Bilan-vendredi-11-septembre-1<\/a><a href=\"https:\/\/etab.ac-reunion.fr\/clg-trois-bassins\/wp-content\/uploads\/sites\/113\/2020\/09\/2020_09_11_CP_Covid-19_Bilan-vendredi-11-septembre-1.pdf\" class=\"wp-block-file__button\" download>T\u00e9l\u00e9charger<\/a><\/div>\n\n\n\n<div class=\"wp-block-file\"><a href=\"https:\/\/etab.ac-reunion.fr\/clg-trois-bassins\/wp-content\/uploads\/sites\/113\/2020\/09\/2020_09_18_CP_Covid-19_Bilan-18-septembre-2.pdf\">2020_09_18_CP_Covid-19_Bilan-18-septembre-2<\/a><a href=\"https:\/\/etab.ac-reunion.fr\/clg-trois-bassins\/wp-content\/uploads\/sites\/113\/2020\/09\/2020_09_18_CP_Covid-19_Bilan-18-septembre-2.pdf\" class=\"wp-block-file__button\" download>T\u00e9l\u00e9charger<\/a><\/div>\n","protected":false},"excerpt":{"rendered":"<p>Informations et communiqu\u00e9s de presse<\/p>\n<p> <a class=\"continue-reading-link\" href=\"https:\/\/etab.ac-reunion.fr\/clg-trois-bassins\/poles\/\"><span>Continue reading<\/span><i class=\"crycon-right-dir\"><\/i><\/a> <\/p>\n","protected":false},"author":4672,"featured_media":0,"parent":0,"menu_order":0,"comment_status":"closed","ping_status":"open","template":"page-full.php","meta":{"footnotes":""},"class_list":["post-285","page","type-page","status-publish","hentry"],"_links":{"self":[{"href":"https:\/\/etab.ac-reunion.fr\/clg-trois-bassins\/wp-json\/wp\/v2\/pages\/285","targetHints":{"allow":["GET"]}}],"collection":[{"href":"https:\/\/etab.ac-reunion.fr\/clg-trois-bassins\/wp-json\/wp\/v2\/pages"}],"about":[{"href":"https:\/\/etab.ac-reunion.fr\/clg-trois-bassins\/wp-json\/wp\/v2\/types\/page"}],"author":[{"embeddable":true,"href":"https:\/\/etab.ac-reunion.fr\/clg-trois-bassins\/wp-json\/wp\/v2\/users\/4672"}],"replies":[{"embeddable":true,"href":"https:\/\/etab.ac-reunion.fr\/clg-trois-bassins\/wp-json\/wp\/v2\/comments?post=285"}],"version-history":[{"count":6,"href":"https:\/\/etab.ac-reunion.fr\/clg-trois-bassins\/wp-json\/wp\/v2\/pages\/285\/revisions"}],"predecessor-version":[{"id":3339,"href":"https:\/\/etab.ac-reunion.fr\/clg-trois-bassins\/wp-json\/wp\/v2\/pages\/285\/revisions\/3339"}],"wp:attachment":[{"href":"https:\/\/etab.ac-reunion.fr\/clg-trois-bassins\/wp-json\/wp\/v2\/media?parent=285"}],"curies":[{"name":"wp","href":"https:\/\/api.w.org\/{rel}","templated":true}]}}