{"id":431,"date":"2014-11-27T11:08:59","date_gmt":"2014-11-27T07:08:59","guid":{"rendered":"http:\/\/college-trois-bassins-tmp.ac-reunion.fr\/?page_id=431"},"modified":"2020-08-17T10:12:34","modified_gmt":"2020-08-17T06:12:34","slug":"contact","status":"publish","type":"page","link":"https:\/\/etab.ac-reunion.fr\/clg-trois-bassins\/contact\/","title":{"rendered":"Contact"},"content":{"rendered":"<p>Adresse :<\/p>\n<p>19 rue Georges Brassens BP 6<br \/>97426 Les Trois-Bassins<\/p>\n<p>T\u00e9l. 02 62 24 80 94\u00a0\/\u00a0Fax. 02 62 24 71 73<\/p>\n<p><a href=\"https:\/\/www.openstreetmap.org\/#map=17\/-21.10448\/55.29570&amp;layers=N\" target=\"_blank\" rel=\"noopener noreferrer\">LOCALISATION<\/a><\/p>\n\n\n<p>Le coll\u00e8ge est ouvert du lundi au vendredi (sauf le mercredi apr\u00e8s midi) de 7h45 \u00e0 11h57 et de 13h20 \u00e0 16h35 (le mercredi de 7h45 \u00e0 12h05)<\/p>\n","protected":false},"excerpt":{"rendered":"<p>Adresse : 19 rue Georges Brassens BP 697426 Les Trois-Bassins T\u00e9l. 02 62 24 80 94\u00a0\/\u00a0Fax. 02 62 24 71 73 LOCALISATION Le coll\u00e8ge est ouvert du lundi au vendredi (sauf le mercredi apr\u00e8s midi) de 7h45 \u00e0 11h57 et de 13h20 \u00e0 16h35 (le mercredi de 7h45 \u00e0 12h05)<\/p>\n<p> <a class=\"continue-reading-link\" href=\"https:\/\/etab.ac-reunion.fr\/clg-trois-bassins\/contact\/\"><span>Continue reading<\/span><i class=\"crycon-right-dir\"><\/i><\/a> <\/p>\n","protected":false},"author":4672,"featured_media":0,"parent":0,"menu_order":0,"comment_status":"closed","ping_status":"open","template":"page-full.php","meta":{"footnotes":""},"class_list":["post-431","page","type-page","status-publish","hentry"],"_links":{"self":[{"href":"https:\/\/etab.ac-reunion.fr\/clg-trois-bassins\/wp-json\/wp\/v2\/pages\/431","targetHints":{"allow":["GET"]}}],"collection":[{"href":"https:\/\/etab.ac-reunion.fr\/clg-trois-bassins\/wp-json\/wp\/v2\/pages"}],"about":[{"href":"https:\/\/etab.ac-reunion.fr\/clg-trois-bassins\/wp-json\/wp\/v2\/types\/page"}],"author":[{"embeddable":true,"href":"https:\/\/etab.ac-reunion.fr\/clg-trois-bassins\/wp-json\/wp\/v2\/users\/4672"}],"replies":[{"embeddable":true,"href":"https:\/\/etab.ac-reunion.fr\/clg-trois-bassins\/wp-json\/wp\/v2\/comments?post=431"}],"version-history":[{"count":12,"href":"https:\/\/etab.ac-reunion.fr\/clg-trois-bassins\/wp-json\/wp\/v2\/pages\/431\/revisions"}],"predecessor-version":[{"id":3240,"href":"https:\/\/etab.ac-reunion.fr\/clg-trois-bassins\/wp-json\/wp\/v2\/pages\/431\/revisions\/3240"}],"wp:attachment":[{"href":"https:\/\/etab.ac-reunion.fr\/clg-trois-bassins\/wp-json\/wp\/v2\/media?parent=431"}],"curies":[{"name":"wp","href":"https:\/\/api.w.org\/{rel}","templated":true}]}}