{"id":52,"date":"2014-11-24T21:17:16","date_gmt":"2014-11-24T17:17:16","guid":{"rendered":"http:\/\/college-trois-bassins-tmp.ac-reunion.fr\/?page_id=52"},"modified":"2014-11-28T16:38:50","modified_gmt":"2014-11-28T12:38:50","slug":"les-projets","status":"publish","type":"page","link":"https:\/\/etab.ac-reunion.fr\/clg-trois-bassins\/les-projets\/","title":{"rendered":"Projets"},"content":{"rendered":"<p>Vous trouverez dans cette rubrique une pr\u00e9sentation des diff\u00e9rents projets men\u00e9s au coll\u00e8ge de Trois Bassins :<\/p>\n","protected":false},"excerpt":{"rendered":"<p>Vous trouverez dans cette rubrique une pr\u00e9sentation des diff\u00e9rents projets men\u00e9s au coll\u00e8ge de Trois Bassins :<\/p>\n<p> <a class=\"continue-reading-link\" href=\"https:\/\/etab.ac-reunion.fr\/clg-trois-bassins\/les-projets\/\"><span>Continue reading<\/span><i class=\"crycon-right-dir\"><\/i><\/a> <\/p>\n","protected":false},"author":4672,"featured_media":0,"parent":0,"menu_order":0,"comment_status":"closed","ping_status":"open","template":"page-full.php","meta":{"footnotes":""},"class_list":["post-52","page","type-page","status-publish","hentry"],"_links":{"self":[{"href":"https:\/\/etab.ac-reunion.fr\/clg-trois-bassins\/wp-json\/wp\/v2\/pages\/52","targetHints":{"allow":["GET"]}}],"collection":[{"href":"https:\/\/etab.ac-reunion.fr\/clg-trois-bassins\/wp-json\/wp\/v2\/pages"}],"about":[{"href":"https:\/\/etab.ac-reunion.fr\/clg-trois-bassins\/wp-json\/wp\/v2\/types\/page"}],"author":[{"embeddable":true,"href":"https:\/\/etab.ac-reunion.fr\/clg-trois-bassins\/wp-json\/wp\/v2\/users\/4672"}],"replies":[{"embeddable":true,"href":"https:\/\/etab.ac-reunion.fr\/clg-trois-bassins\/wp-json\/wp\/v2\/comments?post=52"}],"version-history":[{"count":3,"href":"https:\/\/etab.ac-reunion.fr\/clg-trois-bassins\/wp-json\/wp\/v2\/pages\/52\/revisions"}],"predecessor-version":[{"id":236,"href":"https:\/\/etab.ac-reunion.fr\/clg-trois-bassins\/wp-json\/wp\/v2\/pages\/52\/revisions\/236"}],"wp:attachment":[{"href":"https:\/\/etab.ac-reunion.fr\/clg-trois-bassins\/wp-json\/wp\/v2\/media?parent=52"}],"curies":[{"name":"wp","href":"https:\/\/api.w.org\/{rel}","templated":true}]}}