{"id":1016,"date":"2023-11-04T07:59:38","date_gmt":"2023-11-04T03:59:38","guid":{"rendered":"https:\/\/etab.ac-reunion.fr\/clg-trois-mares\/?page_id=1016"},"modified":"2023-11-29T17:57:48","modified_gmt":"2023-11-29T13:57:48","slug":"3eme-prepa-metiers","status":"publish","type":"page","link":"https:\/\/etab.ac-reunion.fr\/clg-trois-mares\/3eme-prepa-metiers\/","title":{"rendered":"Domaine des Tourelles"},"content":{"rendered":"\n<div class=\"wp-block-media-text is-stacked-on-mobile\" style=\"grid-template-columns:37% auto\"><figure class=\"wp-block-media-text__media\"><img loading=\"lazy\" decoding=\"async\" width=\"640\" height=\"480\" src=\"https:\/\/etab.ac-reunion.fr\/clg-trois-mares\/wp-content\/uploads\/sites\/149\/2023\/11\/IMG_9137-1.jpg\" alt=\"\" class=\"wp-image-1630 size-full\" srcset=\"https:\/\/etab.ac-reunion.fr\/clg-trois-mares\/wp-content\/uploads\/sites\/149\/2023\/11\/IMG_9137-1.jpg 640w, https:\/\/etab.ac-reunion.fr\/clg-trois-mares\/wp-content\/uploads\/sites\/149\/2023\/11\/IMG_9137-1-300x225.jpg 300w, https:\/\/etab.ac-reunion.fr\/clg-trois-mares\/wp-content\/uploads\/sites\/149\/2023\/11\/IMG_9137-1-267x200.jpg 267w\" sizes=\"auto, (max-width: 640px) 100vw, 640px\" \/><\/figure><div class=\"wp-block-media-text__content\">\n<p class=\"has-large-font-size\"><strong>&nbsp;<\/strong>La journ\u00e9e au&nbsp;<strong>domaine des Tourelles<\/strong>,&nbsp;<strong>jeudi 12 octobre \u00e0 la Plaine des Palmistes.<br><\/strong>Les classes de&nbsp;<strong>304 et 305&nbsp;<\/strong>sont all\u00e9s au domaine des Tourelles dans l\u2019objectif de participer \u00e0 un atelier de d\u00e9veloppement durable.<br>Les 304 ont particip\u00e9 \u00e0 un&nbsp;<strong>atelier de panier recycl\u00e9&nbsp;<\/strong>et les 305 ont particip\u00e9 \u00e0 un&nbsp;<strong>atelier impression v\u00e9g\u00e9tale.<br><\/strong>Tous ont pu visiter et d\u00e9couvrir&nbsp;<strong>l\u2019histoire du domaine, visiter les jardins, observer l\u2019alambic..<br><\/strong>Ils ont \u00e9galement pu&nbsp;<strong>d\u00e9couvrir le savoir-faire des artisans&nbsp;<\/strong>install\u00e9s sur le site ( sculpteur, fondeur&#8230;)<br>Enfin,&nbsp;<strong>la Maison du Parc National,&nbsp;<\/strong>situ\u00e9e en face du Domaine, propose une travers\u00e9e virtuelle de l\u2019\u00eele \u00e0 la rencontre des grands paysages, de la nature et des hommes. Au fil des tableaux, les \u00e9l\u00e8ves sont invit\u00e9s \u00e0 explorer les richesses de La R\u00e9union et \u00e0 appr\u00e9hender les d\u00e9fis qui s&rsquo;imposent pour pr\u00e9server le caract\u00e8re des Hauts de l&rsquo;\u00eele. La visite s&rsquo;ach\u00e8ve dans les jardins de la Maison du Parc, reflet de la for\u00eat de Bois de couleur des Hauts.<\/p>\n<\/div><\/div>\n","protected":false},"excerpt":{"rendered":"<p>&nbsp;La journ\u00e9e au&nbsp;domaine des Tourelles,&nbsp;jeudi 12 octobre \u00e0 la Plaine des Palmistes.Les classes de&nbsp;304 et 305&nbsp;sont all\u00e9s au domaine des Tourelles dans l\u2019objectif de participer \u00e0 un atelier de d\u00e9veloppement durable.Les 304 ont particip\u00e9 \u00e0 un&nbsp;atelier de panier recycl\u00e9&nbsp;et les 305 ont particip\u00e9 \u00e0 un&nbsp;atelier impression v\u00e9g\u00e9tale.Tous ont pu visiter &hellip;<\/p>\n","protected":false},"author":35005,"featured_media":0,"parent":0,"menu_order":0,"comment_status":"closed","ping_status":"closed","template":"","meta":{"footnotes":""},"class_list":["post-1016","page","type-page","status-publish","hentry"],"_links":{"self":[{"href":"https:\/\/etab.ac-reunion.fr\/clg-trois-mares\/wp-json\/wp\/v2\/pages\/1016","targetHints":{"allow":["GET"]}}],"collection":[{"href":"https:\/\/etab.ac-reunion.fr\/clg-trois-mares\/wp-json\/wp\/v2\/pages"}],"about":[{"href":"https:\/\/etab.ac-reunion.fr\/clg-trois-mares\/wp-json\/wp\/v2\/types\/page"}],"author":[{"embeddable":true,"href":"https:\/\/etab.ac-reunion.fr\/clg-trois-mares\/wp-json\/wp\/v2\/users\/35005"}],"replies":[{"embeddable":true,"href":"https:\/\/etab.ac-reunion.fr\/clg-trois-mares\/wp-json\/wp\/v2\/comments?post=1016"}],"version-history":[{"count":4,"href":"https:\/\/etab.ac-reunion.fr\/clg-trois-mares\/wp-json\/wp\/v2\/pages\/1016\/revisions"}],"predecessor-version":[{"id":1631,"href":"https:\/\/etab.ac-reunion.fr\/clg-trois-mares\/wp-json\/wp\/v2\/pages\/1016\/revisions\/1631"}],"wp:attachment":[{"href":"https:\/\/etab.ac-reunion.fr\/clg-trois-mares\/wp-json\/wp\/v2\/media?parent=1016"}],"curies":[{"name":"wp","href":"https:\/\/api.w.org\/{rel}","templated":true}]}}