{"id":1018,"date":"2023-11-04T08:01:09","date_gmt":"2023-11-04T04:01:09","guid":{"rendered":"https:\/\/etab.ac-reunion.fr\/clg-trois-mares\/?page_id=1018"},"modified":"2025-08-24T08:10:58","modified_gmt":"2025-08-24T04:10:58","slug":"1018-2","status":"publish","type":"page","link":"https:\/\/etab.ac-reunion.fr\/clg-trois-mares\/1018-2\/","title":{"rendered":"AED"},"content":{"rendered":"\n<h2 class=\"wp-block-heading has-text-align-center has-larger-font-size\" style=\"text-transform:uppercase\">Missions des ASSISTANTS D&rsquo;\u00c9DUCATION<\/h2>\n\n\n\n<div style=\"height:50px\" aria-hidden=\"true\" class=\"wp-block-spacer\"><\/div>\n\n\n\n<p><strong>L\u2019assistant d\u2019\u00e9ducation (AED)<\/strong>, appel\u00e9 \u00e9galement <strong>surveillant<\/strong>,&nbsp;exerce des fonctions d\u2019assistance aupr\u00e8s de l\u2019\u00e9quipe \u00e9ducative et du conseiller principal d&rsquo;\u00e9ducation (CPE).&nbsp;<\/p>\n\n\n\n<p>Garant de la s\u00e9curit\u00e9, du respect des droits et du r\u00e8glement, il ou elle surveille les \u00e9tudes et permanences, les locaux, les r\u00e9cr\u00e9ations, l\u2019acc\u00e8s \u00e0 l\u2019\u00e9tablissement. En soutien du CPE, il ou elle contr\u00f4le l\u2019assiduit\u00e9 des \u00e9l\u00e8ves, g\u00e8re les absences et retards, contacte les familles en cas d\u2019absence. Il ou elle assure en parall\u00e8le des t\u00e2ches administratives li\u00e9es \u00e0 la vie de l\u2019\u00e9tablissement (organisation des examens, inscription des \u00e9l\u00e8ves, pr\u00e9paration des documents de rentr\u00e9e\u2026).<\/p>\n\n\n\n<p>Il ou elle participe aussi aux activit\u00e9s \u00e9ducatives, sportives, sociales et culturelles ainsi qu\u2019\u00e0 l\u2019accueil et \u00e0 l\u2019int\u00e9gration des \u00e9l\u00e8ves handicap\u00e9s, aide \u00e0 l\u2019utilisation des technologies de l\u2019information et de la communication, assure l\u2019aide aux devoirs.&nbsp;<\/p>\n\n\n\n<div style=\"height:39px\" aria-hidden=\"true\" class=\"wp-block-spacer\"><\/div>\n\n\n\n<div style=\"height:32px\" aria-hidden=\"true\" class=\"wp-block-spacer\"><\/div>\n","protected":false},"excerpt":{"rendered":"<p>Missions des ASSISTANTS D&rsquo;\u00c9DUCATION L\u2019assistant d\u2019\u00e9ducation (AED), appel\u00e9 \u00e9galement surveillant,&nbsp;exerce des fonctions d\u2019assistance aupr\u00e8s de l\u2019\u00e9quipe \u00e9ducative et du conseiller principal d&rsquo;\u00e9ducation (CPE).&nbsp; Garant de la s\u00e9curit\u00e9, du respect des droits et du r\u00e8glement, il ou elle surveille les \u00e9tudes et permanences, les locaux, les r\u00e9cr\u00e9ations, l\u2019acc\u00e8s \u00e0 l\u2019\u00e9tablissement. En &hellip;<\/p>\n","protected":false},"author":35005,"featured_media":0,"parent":0,"menu_order":0,"comment_status":"closed","ping_status":"closed","template":"","meta":{"footnotes":""},"class_list":["post-1018","page","type-page","status-publish","hentry"],"_links":{"self":[{"href":"https:\/\/etab.ac-reunion.fr\/clg-trois-mares\/wp-json\/wp\/v2\/pages\/1018","targetHints":{"allow":["GET"]}}],"collection":[{"href":"https:\/\/etab.ac-reunion.fr\/clg-trois-mares\/wp-json\/wp\/v2\/pages"}],"about":[{"href":"https:\/\/etab.ac-reunion.fr\/clg-trois-mares\/wp-json\/wp\/v2\/types\/page"}],"author":[{"embeddable":true,"href":"https:\/\/etab.ac-reunion.fr\/clg-trois-mares\/wp-json\/wp\/v2\/users\/35005"}],"replies":[{"embeddable":true,"href":"https:\/\/etab.ac-reunion.fr\/clg-trois-mares\/wp-json\/wp\/v2\/comments?post=1018"}],"version-history":[{"count":9,"href":"https:\/\/etab.ac-reunion.fr\/clg-trois-mares\/wp-json\/wp\/v2\/pages\/1018\/revisions"}],"predecessor-version":[{"id":2552,"href":"https:\/\/etab.ac-reunion.fr\/clg-trois-mares\/wp-json\/wp\/v2\/pages\/1018\/revisions\/2552"}],"wp:attachment":[{"href":"https:\/\/etab.ac-reunion.fr\/clg-trois-mares\/wp-json\/wp\/v2\/media?parent=1018"}],"curies":[{"name":"wp","href":"https:\/\/api.w.org\/{rel}","templated":true}]}}