{"id":1021,"date":"2023-11-04T08:03:26","date_gmt":"2023-11-04T04:03:26","guid":{"rendered":"https:\/\/etab.ac-reunion.fr\/clg-trois-mares\/?page_id=1021"},"modified":"2023-11-09T08:47:09","modified_gmt":"2023-11-09T04:47:09","slug":"appn-activites-physiques-de-pleine-nature-%f0%9f%a5%be%f0%9f%a7%ad","status":"publish","type":"page","link":"https:\/\/etab.ac-reunion.fr\/clg-trois-mares\/appn-activites-physiques-de-pleine-nature-%f0%9f%a5%be%f0%9f%a7%ad\/","title":{"rendered":"APPN (Activit\u00e9s Physiques de Pleine Nature) \ud83e\udd7e\ud83e\udded"},"content":{"rendered":"\n<p class=\"has-large-font-size\">Les APPN sont des sorties scolaires <strong><mark style=\"background-color:#fff;color:#f80707\" class=\"has-inline-color\">obligatoires<\/mark><\/strong> qui font partie du projet d\u2019\u00e9tablissement. Elles sont organis\u00e9es par chaque professeur d\u2019EPS pour les classes de<strong> 4\u00e8me<\/strong> (SEGPA et ULIS inclus), et ont lieu <strong>4 samedis dans l\u2019ann\u00e9e<\/strong>.<\/p>\n\n\n\n<div style=\"height:100px\" aria-hidden=\"true\" class=\"wp-block-spacer\"><\/div>\n\n\n\n<div class=\"wp-block-media-text is-stacked-on-mobile has-accent-2-background-color has-background\"><figure class=\"wp-block-media-text__media\"><img loading=\"lazy\" decoding=\"async\" width=\"1024\" height=\"909\" src=\"https:\/\/etab.ac-reunion.fr\/clg-trois-mares\/wp-content\/uploads\/sites\/149\/2023\/11\/Illustration_sans_titre-15-1024x909.png\" alt=\"\" class=\"wp-image-1299 size-full\" srcset=\"https:\/\/etab.ac-reunion.fr\/clg-trois-mares\/wp-content\/uploads\/sites\/149\/2023\/11\/Illustration_sans_titre-15-1024x909.png 1024w, https:\/\/etab.ac-reunion.fr\/clg-trois-mares\/wp-content\/uploads\/sites\/149\/2023\/11\/Illustration_sans_titre-15-300x266.png 300w, https:\/\/etab.ac-reunion.fr\/clg-trois-mares\/wp-content\/uploads\/sites\/149\/2023\/11\/Illustration_sans_titre-15-768x682.png 768w, https:\/\/etab.ac-reunion.fr\/clg-trois-mares\/wp-content\/uploads\/sites\/149\/2023\/11\/Illustration_sans_titre-15-1536x1364.png 1536w, https:\/\/etab.ac-reunion.fr\/clg-trois-mares\/wp-content\/uploads\/sites\/149\/2023\/11\/Illustration_sans_titre-15-225x200.png 225w, https:\/\/etab.ac-reunion.fr\/clg-trois-mares\/wp-content\/uploads\/sites\/149\/2023\/11\/Illustration_sans_titre-15.png 1924w\" sizes=\"auto, (max-width: 1024px) 100vw, 1024px\" \/><\/figure><div class=\"wp-block-media-text__content\">\n<p class=\"has-large-font-size\">Au coll\u00e8ge de Trois Mares, les activit\u00e9s de plein air propos\u00e9es sont <strong>la<\/strong> <strong>randonn\u00e9e p\u00e9destre<\/strong> et <strong>la course d\u2019orientation.<\/strong><\/p>\n\n\n\n<p class=\"has-large-font-size\">Selon le loisir pratiqu\u00e9, chaque projet doit permettre aux coll\u00e9giens de d\u00e9velopper des comp\u00e9tences individuelles et collectives, comme le sens de la responsabilit\u00e9 et de l\u2019autonomie, mais aussi le respect de l\u2019environnement.&nbsp;<\/p>\n<\/div><\/div>\n\n\n\n<div style=\"height:49px\" aria-hidden=\"true\" class=\"wp-block-spacer\"><\/div>\n\n\n\n<div class=\"wp-block-media-text is-stacked-on-mobile has-background\" style=\"background-color:#cbdef0\"><figure class=\"wp-block-media-text__media\"><img loading=\"lazy\" decoding=\"async\" width=\"1024\" height=\"852\" src=\"https:\/\/etab.ac-reunion.fr\/clg-trois-mares\/wp-content\/uploads\/sites\/149\/2023\/11\/Illustration_sans_titre-32-1024x852.jpg\" alt=\"\" class=\"wp-image-1298 size-full\" srcset=\"https:\/\/etab.ac-reunion.fr\/clg-trois-mares\/wp-content\/uploads\/sites\/149\/2023\/11\/Illustration_sans_titre-32-1024x852.jpg 1024w, https:\/\/etab.ac-reunion.fr\/clg-trois-mares\/wp-content\/uploads\/sites\/149\/2023\/11\/Illustration_sans_titre-32-300x250.jpg 300w, https:\/\/etab.ac-reunion.fr\/clg-trois-mares\/wp-content\/uploads\/sites\/149\/2023\/11\/Illustration_sans_titre-32-768x639.jpg 768w, https:\/\/etab.ac-reunion.fr\/clg-trois-mares\/wp-content\/uploads\/sites\/149\/2023\/11\/Illustration_sans_titre-32-240x200.jpg 240w, https:\/\/etab.ac-reunion.fr\/clg-trois-mares\/wp-content\/uploads\/sites\/149\/2023\/11\/Illustration_sans_titre-32-480x400.jpg 480w, https:\/\/etab.ac-reunion.fr\/clg-trois-mares\/wp-content\/uploads\/sites\/149\/2023\/11\/Illustration_sans_titre-32.jpg 1218w\" sizes=\"auto, (max-width: 1024px) 100vw, 1024px\" \/><\/figure><div class=\"wp-block-media-text__content\">\n<p class=\"has-large-font-size\">Lors de ces sorties, les \u00e9l\u00e8ves apprennent notamment \u00e0 choisir et \u00e0 adapter leurs modes de d\u00e9placement aux diff\u00e9rents milieux, naturels ou artificiels, et \u00e0 mettre en \u0153uvre les proc\u00e9dures de <strong>s\u00e9curit\u00e9<\/strong> les plus efficaces.<\/p>\n\n\n\n<p class=\"has-large-font-size\">Pour le bon d\u00e9roulement de ces activit\u00e9s, chacun doit avoir une tenue adapt\u00e9e : <em>T-shirt et chaussures de sport, casquette, imperm\u00e9able, bouteille d&rsquo;eau, cr\u00e8me et lunettes solaires.<\/em><\/p>\n<\/div><\/div>\n","protected":false},"excerpt":{"rendered":"<p>Les APPN sont des sorties scolaires obligatoires qui font partie du projet d\u2019\u00e9tablissement. Elles sont organis\u00e9es par chaque professeur d\u2019EPS pour les classes de 4\u00e8me (SEGPA et ULIS inclus), et ont lieu 4 samedis dans l\u2019ann\u00e9e. Au coll\u00e8ge de Trois Mares, les activit\u00e9s de plein air propos\u00e9es sont la randonn\u00e9e &hellip;<\/p>\n","protected":false},"author":35005,"featured_media":0,"parent":0,"menu_order":0,"comment_status":"closed","ping_status":"closed","template":"","meta":{"footnotes":""},"class_list":["post-1021","page","type-page","status-publish","hentry"],"_links":{"self":[{"href":"https:\/\/etab.ac-reunion.fr\/clg-trois-mares\/wp-json\/wp\/v2\/pages\/1021","targetHints":{"allow":["GET"]}}],"collection":[{"href":"https:\/\/etab.ac-reunion.fr\/clg-trois-mares\/wp-json\/wp\/v2\/pages"}],"about":[{"href":"https:\/\/etab.ac-reunion.fr\/clg-trois-mares\/wp-json\/wp\/v2\/types\/page"}],"author":[{"embeddable":true,"href":"https:\/\/etab.ac-reunion.fr\/clg-trois-mares\/wp-json\/wp\/v2\/users\/35005"}],"replies":[{"embeddable":true,"href":"https:\/\/etab.ac-reunion.fr\/clg-trois-mares\/wp-json\/wp\/v2\/comments?post=1021"}],"version-history":[{"count":4,"href":"https:\/\/etab.ac-reunion.fr\/clg-trois-mares\/wp-json\/wp\/v2\/pages\/1021\/revisions"}],"predecessor-version":[{"id":1513,"href":"https:\/\/etab.ac-reunion.fr\/clg-trois-mares\/wp-json\/wp\/v2\/pages\/1021\/revisions\/1513"}],"wp:attachment":[{"href":"https:\/\/etab.ac-reunion.fr\/clg-trois-mares\/wp-json\/wp\/v2\/media?parent=1021"}],"curies":[{"name":"wp","href":"https:\/\/api.w.org\/{rel}","templated":true}]}}