{"id":1023,"date":"2023-11-04T08:04:16","date_gmt":"2023-11-04T04:04:16","guid":{"rendered":"https:\/\/etab.ac-reunion.fr\/clg-trois-mares\/?page_id=1023"},"modified":"2023-11-04T08:04:16","modified_gmt":"2023-11-04T04:04:16","slug":"assistante-sociale","status":"publish","type":"page","link":"https:\/\/etab.ac-reunion.fr\/clg-trois-mares\/assistante-sociale\/","title":{"rendered":"Assistante Sociale"},"content":{"rendered":"\n<p>Pour cette ann\u00e9e scolaire 2023-2024, l\u2019assistante sociale, est pr\u00e9sente au coll\u00e8ge de Trois Mares :<\/p>\n\n\n\n<ul class=\"wp-block-list\">\n<li>le lundi de 8h \u00e0 16h00<\/li>\n\n\n\n<li>le mardi de 13h \u00e0 16h00<\/li>\n\n\n\n<li>le vendredi 8h \u00e0 16h00<\/li>\n<\/ul>\n\n\n\n<p>Ses <strong>missions<\/strong> consistent \u00e0 :<\/p>\n\n\n\n<ul class=\"wp-block-list\">\n<li>aider l\u2019\u00e9l\u00e8ve \u00e0 construire son projet personnel et professionnel<\/li>\n\n\n\n<li>participer \u00e0 la pr\u00e9vention et \u00e0 la protection des mineurs en danger<\/li>\n\n\n\n<li>contribuer \u00e0 la lutte contre l\u2019absent\u00e9isme et l\u2019exclusion scolaire<\/li>\n\n\n\n<li>participer \u00e0 l\u2019int\u00e9gration et au suivi des \u00e9l\u00e8ves en difficult\u00e9s et\/ou handicap\u00e9s<\/li>\n<\/ul>\n\n\n\n<p><strong>FONDS SOCIAL COLL\u00c9GIEN\/FONDS SOCIAL CANTINE<\/strong><\/p>\n\n\n\n<p>Les fonds sociaux s\u2019adressent aux familles qui rencontrent des difficult\u00e9s financi\u00e8res concernant les d\u00e9penses li\u00e9es \u00e0 la scolarit\u00e9 de leur enfant (demi-pension, manuels scolaires, effets scolaires, \u00e9quipements, voyage scolaires etc.). La demande de fonds social est instruite lors d\u2019une rencontre entre les parents et l\u2019Assistante Sociale.<\/p>\n","protected":false},"excerpt":{"rendered":"<p>Pour cette ann\u00e9e scolaire 2023-2024, l\u2019assistante sociale, est pr\u00e9sente au coll\u00e8ge de Trois Mares : Ses missions consistent \u00e0 : FONDS SOCIAL COLL\u00c9GIEN\/FONDS SOCIAL CANTINE Les fonds sociaux s\u2019adressent aux familles qui rencontrent des difficult\u00e9s financi\u00e8res concernant les d\u00e9penses li\u00e9es \u00e0 la scolarit\u00e9 de leur enfant (demi-pension, manuels scolaires, effets &hellip;<\/p>\n","protected":false},"author":35005,"featured_media":0,"parent":0,"menu_order":0,"comment_status":"closed","ping_status":"closed","template":"","meta":{"footnotes":""},"class_list":["post-1023","page","type-page","status-publish","hentry"],"_links":{"self":[{"href":"https:\/\/etab.ac-reunion.fr\/clg-trois-mares\/wp-json\/wp\/v2\/pages\/1023","targetHints":{"allow":["GET"]}}],"collection":[{"href":"https:\/\/etab.ac-reunion.fr\/clg-trois-mares\/wp-json\/wp\/v2\/pages"}],"about":[{"href":"https:\/\/etab.ac-reunion.fr\/clg-trois-mares\/wp-json\/wp\/v2\/types\/page"}],"author":[{"embeddable":true,"href":"https:\/\/etab.ac-reunion.fr\/clg-trois-mares\/wp-json\/wp\/v2\/users\/35005"}],"replies":[{"embeddable":true,"href":"https:\/\/etab.ac-reunion.fr\/clg-trois-mares\/wp-json\/wp\/v2\/comments?post=1023"}],"version-history":[{"count":1,"href":"https:\/\/etab.ac-reunion.fr\/clg-trois-mares\/wp-json\/wp\/v2\/pages\/1023\/revisions"}],"predecessor-version":[{"id":1024,"href":"https:\/\/etab.ac-reunion.fr\/clg-trois-mares\/wp-json\/wp\/v2\/pages\/1023\/revisions\/1024"}],"wp:attachment":[{"href":"https:\/\/etab.ac-reunion.fr\/clg-trois-mares\/wp-json\/wp\/v2\/media?parent=1023"}],"curies":[{"name":"wp","href":"https:\/\/api.w.org\/{rel}","templated":true}]}}