{"id":1025,"date":"2023-11-04T08:05:16","date_gmt":"2023-11-04T04:05:16","guid":{"rendered":"https:\/\/etab.ac-reunion.fr\/clg-trois-mares\/?page_id=1025"},"modified":"2025-09-02T10:11:06","modified_gmt":"2025-09-02T06:11:06","slug":"association-sportive","status":"publish","type":"page","link":"https:\/\/etab.ac-reunion.fr\/clg-trois-mares\/association-sportive\/","title":{"rendered":"Association sportive"},"content":{"rendered":"\n<p class=\"has-large-font-size\">Les \u00e9l\u00e8ves&nbsp;qui ont envie de pratiquer une activit\u00e9 sportive en plus des cours obligatoires d&rsquo;EPS&nbsp;peuvent se tourner vers&nbsp;l&rsquo;<strong>association sportive (AS)<\/strong> du coll\u00e8ge.<\/p>\n\n\n\n<p class=\"has-large-font-size\">Elle propose aux \u00e9l\u00e8ves<strong>&nbsp;la pratique de diff\u00e9rents sports chaque jour de la semaine<\/strong>, durant la pause m\u00e9ridienne ou les mercredis apr\u00e8s-midis.<\/p>\n\n\n\n<p class=\"has-large-font-size\">Pleinement int\u00e9gr\u00e9e au projet d\u2019\u00e9tablissement, l\u2019association sportive&nbsp;<strong>participe \u00e0 l\u2019animation de la vie scolaire et \u00e0 la r\u00e9ussite des \u00e9l\u00e8ves<\/strong>.<\/p>\n\n\n\n<div style=\"height:77px\" aria-hidden=\"true\" class=\"wp-block-spacer\"><\/div>\n\n\n\n<hr class=\"wp-block-separator has-alpha-channel-opacity\" \/>\n\n\n\n<div style=\"height:38px\" aria-hidden=\"true\" class=\"wp-block-spacer\"><\/div>\n\n\n\n<p class=\"has-text-align-center has-large-font-size\"><strong>SAISON 2025-2026<\/strong><\/p>\n\n\n<div class=\"wp-block-image\">\n<figure class=\"aligncenter size-full\"><img loading=\"lazy\" decoding=\"async\" width=\"2000\" height=\"1072\" src=\"https:\/\/etab.ac-reunion.fr\/clg-trois-mares\/wp-content\/uploads\/sites\/149\/2025\/09\/Capture-decran-2025-08-29-a-08.41.32.jpg\" alt=\"\" class=\"wp-image-2577\" srcset=\"https:\/\/etab.ac-reunion.fr\/clg-trois-mares\/wp-content\/uploads\/sites\/149\/2025\/09\/Capture-decran-2025-08-29-a-08.41.32.jpg 2000w, https:\/\/etab.ac-reunion.fr\/clg-trois-mares\/wp-content\/uploads\/sites\/149\/2025\/09\/Capture-decran-2025-08-29-a-08.41.32-300x161.jpg 300w, https:\/\/etab.ac-reunion.fr\/clg-trois-mares\/wp-content\/uploads\/sites\/149\/2025\/09\/Capture-decran-2025-08-29-a-08.41.32-1024x549.jpg 1024w, https:\/\/etab.ac-reunion.fr\/clg-trois-mares\/wp-content\/uploads\/sites\/149\/2025\/09\/Capture-decran-2025-08-29-a-08.41.32-768x412.jpg 768w, https:\/\/etab.ac-reunion.fr\/clg-trois-mares\/wp-content\/uploads\/sites\/149\/2025\/09\/Capture-decran-2025-08-29-a-08.41.32-1536x823.jpg 1536w, https:\/\/etab.ac-reunion.fr\/clg-trois-mares\/wp-content\/uploads\/sites\/149\/2025\/09\/Capture-decran-2025-08-29-a-08.41.32-373x200.jpg 373w\" sizes=\"auto, (max-width: 2000px) 100vw, 2000px\" \/><\/figure>\n<\/div>","protected":false},"excerpt":{"rendered":"<p>Les \u00e9l\u00e8ves&nbsp;qui ont envie de pratiquer une activit\u00e9 sportive en plus des cours obligatoires d&rsquo;EPS&nbsp;peuvent se tourner vers&nbsp;l&rsquo;association sportive (AS) du coll\u00e8ge. Elle propose aux \u00e9l\u00e8ves&nbsp;la pratique de diff\u00e9rents sports chaque jour de la semaine, durant la pause m\u00e9ridienne ou les mercredis apr\u00e8s-midis. Pleinement int\u00e9gr\u00e9e au projet d\u2019\u00e9tablissement, l\u2019association sportive&nbsp;participe &hellip;<\/p>\n","protected":false},"author":35005,"featured_media":0,"parent":0,"menu_order":0,"comment_status":"closed","ping_status":"closed","template":"","meta":{"footnotes":""},"class_list":["post-1025","page","type-page","status-publish","hentry"],"_links":{"self":[{"href":"https:\/\/etab.ac-reunion.fr\/clg-trois-mares\/wp-json\/wp\/v2\/pages\/1025","targetHints":{"allow":["GET"]}}],"collection":[{"href":"https:\/\/etab.ac-reunion.fr\/clg-trois-mares\/wp-json\/wp\/v2\/pages"}],"about":[{"href":"https:\/\/etab.ac-reunion.fr\/clg-trois-mares\/wp-json\/wp\/v2\/types\/page"}],"author":[{"embeddable":true,"href":"https:\/\/etab.ac-reunion.fr\/clg-trois-mares\/wp-json\/wp\/v2\/users\/35005"}],"replies":[{"embeddable":true,"href":"https:\/\/etab.ac-reunion.fr\/clg-trois-mares\/wp-json\/wp\/v2\/comments?post=1025"}],"version-history":[{"count":5,"href":"https:\/\/etab.ac-reunion.fr\/clg-trois-mares\/wp-json\/wp\/v2\/pages\/1025\/revisions"}],"predecessor-version":[{"id":2579,"href":"https:\/\/etab.ac-reunion.fr\/clg-trois-mares\/wp-json\/wp\/v2\/pages\/1025\/revisions\/2579"}],"wp:attachment":[{"href":"https:\/\/etab.ac-reunion.fr\/clg-trois-mares\/wp-json\/wp\/v2\/media?parent=1025"}],"curies":[{"name":"wp","href":"https:\/\/api.w.org\/{rel}","templated":true}]}}