{"id":1033,"date":"2023-11-04T08:08:50","date_gmt":"2023-11-04T04:08:50","guid":{"rendered":"https:\/\/etab.ac-reunion.fr\/clg-trois-mares\/?page_id=1033"},"modified":"2023-11-10T18:27:24","modified_gmt":"2023-11-10T14:27:24","slug":"cdi","status":"publish","type":"page","link":"https:\/\/etab.ac-reunion.fr\/clg-trois-mares\/cdi\/","title":{"rendered":"CDI"},"content":{"rendered":"\n<div class=\"wp-block-columns is-layout-flex wp-container-core-columns-is-layout-9d6595d7 wp-block-columns-is-layout-flex\">\n<div class=\"wp-block-column is-layout-flow wp-block-column-is-layout-flow\" style=\"flex-basis:33.33%\"><div class=\"wp-block-image\">\n<figure class=\"aligncenter size-full is-resized\"><img loading=\"lazy\" decoding=\"async\" width=\"891\" height=\"865\" src=\"https:\/\/etab.ac-reunion.fr\/clg-trois-mares\/wp-content\/uploads\/sites\/149\/2023\/11\/Sans_titre_15.png\" alt=\"\" class=\"wp-image-1312\" style=\"object-fit:cover;width:308px;height:299px\" srcset=\"https:\/\/etab.ac-reunion.fr\/clg-trois-mares\/wp-content\/uploads\/sites\/149\/2023\/11\/Sans_titre_15.png 891w, https:\/\/etab.ac-reunion.fr\/clg-trois-mares\/wp-content\/uploads\/sites\/149\/2023\/11\/Sans_titre_15-300x291.png 300w, https:\/\/etab.ac-reunion.fr\/clg-trois-mares\/wp-content\/uploads\/sites\/149\/2023\/11\/Sans_titre_15-768x746.png 768w, https:\/\/etab.ac-reunion.fr\/clg-trois-mares\/wp-content\/uploads\/sites\/149\/2023\/11\/Sans_titre_15-206x200.png 206w\" sizes=\"auto, (max-width: 891px) 100vw, 891px\" \/><\/figure>\n<\/div><\/div>\n\n\n\n<div class=\"wp-block-column is-layout-flow wp-block-column-is-layout-flow\" style=\"flex-basis:66.66%\">\n<h2 class=\"wp-block-heading has-text-align-center has-large-font-size\"><strong>Esidoc est le site du CDI du coll\u00e8ge de Trois Mares. <\/strong><\/h2>\n\n\n\n<hr class=\"wp-block-separator has-alpha-channel-opacity is-style-wide\" \/>\n\n\n\n<h2 class=\"wp-block-heading\" style=\"font-size:20px\">Tu peux y acc\u00e9der&nbsp;depuis n&rsquo;importe quel ordinateur, au coll\u00e8ge, chez toi ou partout&nbsp;ailleurs. <\/h2>\n\n\n\n<p style=\"font-size:20px\"><strong>Tu peux :<\/strong><\/p>\n\n\n\n<p style=\"font-size:20px\">&#8211; te tenir inform\u00e9 de l&rsquo;actualit\u00e9 du CDI, et&nbsp;d\u00e9couvrir les diff\u00e9rentes activit\u00e9s propos\u00e9es par le documentaliste,<br>&#8211; t&rsquo;informer et apprendre gr\u00e2ce aux sites internet qui sont s\u00e9lectionn\u00e9s expr\u00e8s pour toi,<br>&#8211; savoir si un livre que tu cherches est disponible au CDI et le r\u00e9server directement en ligne,<br>&#8211; donner ton avis sur des livres,<br>&#8211; acc\u00e9der \u00e0 des sites d\u00e9di\u00e9s \u00e0 diff\u00e9rentes th\u00e9matiques&#8230;<\/p>\n\n\n\n<p style=\"font-size:20px\"><strong>N&rsquo;h\u00e9site pas \u00e0 venir tr\u00e8s souvent et \u00e0 faire appel \u00e0 ton professeur documentaliste si tu as des questions.<\/strong><\/p>\n\n\n\n<div style=\"height:48px\" aria-hidden=\"true\" class=\"wp-block-spacer\"><\/div>\n\n\n\n<div class=\"wp-block-buttons is-content-justification-center is-layout-flex wp-container-core-buttons-is-layout-16018d1d wp-block-buttons-is-layout-flex\">\n<div class=\"wp-block-button\"><a class=\"wp-block-button__link has-sitebg-color has-accent-1-background-color has-text-color has-background wp-element-button\" href=\"https:\/\/9740652r.esidoc.fr\" target=\"_blank\" rel=\"noreferrer noopener\">Cliquez ici pour acc\u00e9der au CDI<\/a><\/div>\n<\/div>\n\n\n\n<div style=\"height:31px\" aria-hidden=\"true\" class=\"wp-block-spacer\"><\/div>\n<\/div>\n<\/div>\n\n\n\n<hr class=\"wp-block-separator has-alpha-channel-opacity is-style-wide\" \/>\n\n\n\n<div style=\"height:30px\" aria-hidden=\"true\" class=\"wp-block-spacer\"><\/div>\n\n\n\n<h2 class=\"wp-block-heading has-text-align-center has-larger-font-size\">PLAN DU CDI<\/h2>\n\n\n\n<div style=\"height:28px\" aria-hidden=\"true\" class=\"wp-block-spacer\"><\/div>\n\n\n\n<figure class=\"wp-block-image size-full\"><img loading=\"lazy\" decoding=\"async\" width=\"2560\" height=\"1809\" src=\"https:\/\/etab.ac-reunion.fr\/clg-trois-mares\/wp-content\/uploads\/sites\/149\/2023\/11\/Sans_titre_2-scaled.jpg\" alt=\"\" class=\"wp-image-1527\" srcset=\"https:\/\/etab.ac-reunion.fr\/clg-trois-mares\/wp-content\/uploads\/sites\/149\/2023\/11\/Sans_titre_2-scaled.jpg 2560w, https:\/\/etab.ac-reunion.fr\/clg-trois-mares\/wp-content\/uploads\/sites\/149\/2023\/11\/Sans_titre_2-300x212.jpg 300w, https:\/\/etab.ac-reunion.fr\/clg-trois-mares\/wp-content\/uploads\/sites\/149\/2023\/11\/Sans_titre_2-1024x724.jpg 1024w, https:\/\/etab.ac-reunion.fr\/clg-trois-mares\/wp-content\/uploads\/sites\/149\/2023\/11\/Sans_titre_2-768x543.jpg 768w, https:\/\/etab.ac-reunion.fr\/clg-trois-mares\/wp-content\/uploads\/sites\/149\/2023\/11\/Sans_titre_2-1536x1086.jpg 1536w, https:\/\/etab.ac-reunion.fr\/clg-trois-mares\/wp-content\/uploads\/sites\/149\/2023\/11\/Sans_titre_2-2048x1448.jpg 2048w, https:\/\/etab.ac-reunion.fr\/clg-trois-mares\/wp-content\/uploads\/sites\/149\/2023\/11\/Sans_titre_2-283x200.jpg 283w\" sizes=\"auto, (max-width: 2560px) 100vw, 2560px\" \/><\/figure>\n","protected":false},"excerpt":{"rendered":"<p>Esidoc est le site du CDI du coll\u00e8ge de Trois Mares. Tu peux y acc\u00e9der&nbsp;depuis n&rsquo;importe quel ordinateur, au coll\u00e8ge, chez toi ou partout&nbsp;ailleurs. Tu peux : &#8211; te tenir inform\u00e9 de l&rsquo;actualit\u00e9 du CDI, et&nbsp;d\u00e9couvrir les diff\u00e9rentes activit\u00e9s propos\u00e9es par le documentaliste,&#8211; t&rsquo;informer et apprendre gr\u00e2ce aux sites internet &hellip;<\/p>\n","protected":false},"author":35005,"featured_media":0,"parent":0,"menu_order":0,"comment_status":"closed","ping_status":"closed","template":"","meta":{"footnotes":""},"class_list":["post-1033","page","type-page","status-publish","hentry"],"_links":{"self":[{"href":"https:\/\/etab.ac-reunion.fr\/clg-trois-mares\/wp-json\/wp\/v2\/pages\/1033","targetHints":{"allow":["GET"]}}],"collection":[{"href":"https:\/\/etab.ac-reunion.fr\/clg-trois-mares\/wp-json\/wp\/v2\/pages"}],"about":[{"href":"https:\/\/etab.ac-reunion.fr\/clg-trois-mares\/wp-json\/wp\/v2\/types\/page"}],"author":[{"embeddable":true,"href":"https:\/\/etab.ac-reunion.fr\/clg-trois-mares\/wp-json\/wp\/v2\/users\/35005"}],"replies":[{"embeddable":true,"href":"https:\/\/etab.ac-reunion.fr\/clg-trois-mares\/wp-json\/wp\/v2\/comments?post=1033"}],"version-history":[{"count":4,"href":"https:\/\/etab.ac-reunion.fr\/clg-trois-mares\/wp-json\/wp\/v2\/pages\/1033\/revisions"}],"predecessor-version":[{"id":1528,"href":"https:\/\/etab.ac-reunion.fr\/clg-trois-mares\/wp-json\/wp\/v2\/pages\/1033\/revisions\/1528"}],"wp:attachment":[{"href":"https:\/\/etab.ac-reunion.fr\/clg-trois-mares\/wp-json\/wp\/v2\/media?parent=1033"}],"curies":[{"name":"wp","href":"https:\/\/api.w.org\/{rel}","templated":true}]}}