{"id":1037,"date":"2023-11-04T08:10:14","date_gmt":"2023-11-04T04:10:14","guid":{"rendered":"https:\/\/etab.ac-reunion.fr\/clg-trois-mares\/?page_id=1037"},"modified":"2023-11-09T08:46:05","modified_gmt":"2023-11-09T04:46:05","slug":"college-au-cinema-%f0%9f%8e%ac","status":"publish","type":"page","link":"https:\/\/etab.ac-reunion.fr\/clg-trois-mares\/college-au-cinema-%f0%9f%8e%ac\/","title":{"rendered":"Coll\u00e8ge au cin\u00e9ma \ud83c\udfac"},"content":{"rendered":"<div class=\"wp-block-image\">\n<figure class=\"aligncenter size-full is-resized\"><img loading=\"lazy\" decoding=\"async\" width=\"1300\" height=\"939\" src=\"https:\/\/etab.ac-reunion.fr\/clg-trois-mares\/wp-content\/uploads\/sites\/149\/2023\/11\/IMG_0476-transformed.jpg\" alt=\"\" class=\"wp-image-1511\" style=\"width:727px\" srcset=\"https:\/\/etab.ac-reunion.fr\/clg-trois-mares\/wp-content\/uploads\/sites\/149\/2023\/11\/IMG_0476-transformed.jpg 1300w, https:\/\/etab.ac-reunion.fr\/clg-trois-mares\/wp-content\/uploads\/sites\/149\/2023\/11\/IMG_0476-transformed-300x217.jpg 300w, https:\/\/etab.ac-reunion.fr\/clg-trois-mares\/wp-content\/uploads\/sites\/149\/2023\/11\/IMG_0476-transformed-1024x740.jpg 1024w, https:\/\/etab.ac-reunion.fr\/clg-trois-mares\/wp-content\/uploads\/sites\/149\/2023\/11\/IMG_0476-transformed-768x555.jpg 768w, https:\/\/etab.ac-reunion.fr\/clg-trois-mares\/wp-content\/uploads\/sites\/149\/2023\/11\/IMG_0476-transformed-277x200.jpg 277w\" sizes=\"auto, (max-width: 1300px) 100vw, 1300px\" \/><\/figure>\n<\/div>\n\n\n<div style=\"height:49px\" aria-hidden=\"true\" class=\"wp-block-spacer\"><\/div>\n\n\n\n<p class=\"has-large-font-size\">\u00ab\u00a0<strong>Coll\u00e8ge au cin\u00e9ma<\/strong>\u00a0\u00bb est une op\u00e9ration nationale de promotion du septi\u00e8me art, \u00e0 destination des \u00e9l\u00e8ves de la <strong>6<sup>\u00e8me<\/sup><\/strong> \u00e0 la <strong>3<sup>\u00e8me<\/sup><\/strong>.<\/p>\n\n\n\n<p class=\"has-large-font-size\">Ce dispositif propose aux \u00e9l\u00e8ves de d\u00e9couvrir une vari\u00e9t\u00e9 d\u2019\u0153uvres cin\u00e9matographiques lors de projections d\u00e9di\u00e9es (pendant le temps scolaire) dans les salles de cin\u00e9ma de l\u2019\u00eele.&nbsp;<\/p>\n\n\n\n<p class=\"has-large-font-size\">Le principal objectif est d\u2019aborder le cin\u00e9ma en tant qu\u2019art \u00e0 part enti\u00e8re. Les \u0153uvres sont exploit\u00e9es en classe, en amont et\/ou en aval de la s\u00e9ance de visionnage.<\/p>\n\n\n\n<p class=\"has-large-font-size\">Gr\u00e2ce au travail p\u00e9dagogique conduit par les <strong>enseignants volontaires<\/strong> et les partenaires culturels, les \u00e9l\u00e8ves sont amen\u00e9s \u00e0 se constituer les bases d\u2019une <strong>culture cin\u00e9matographique<\/strong> et \u00e0 acqu\u00e9rir des notions artistiques essentielles.<\/p>\n","protected":false},"excerpt":{"rendered":"<p>\u00ab\u00a0Coll\u00e8ge au cin\u00e9ma\u00a0\u00bb est une op\u00e9ration nationale de promotion du septi\u00e8me art, \u00e0 destination des \u00e9l\u00e8ves de la 6\u00e8me \u00e0 la 3\u00e8me. Ce dispositif propose aux \u00e9l\u00e8ves de d\u00e9couvrir une vari\u00e9t\u00e9 d\u2019\u0153uvres cin\u00e9matographiques lors de projections d\u00e9di\u00e9es (pendant le temps scolaire) dans les salles de cin\u00e9ma de l\u2019\u00eele.&nbsp; Le principal &hellip;<\/p>\n","protected":false},"author":35005,"featured_media":0,"parent":0,"menu_order":0,"comment_status":"closed","ping_status":"closed","template":"","meta":{"footnotes":""},"class_list":["post-1037","page","type-page","status-publish","hentry"],"_links":{"self":[{"href":"https:\/\/etab.ac-reunion.fr\/clg-trois-mares\/wp-json\/wp\/v2\/pages\/1037","targetHints":{"allow":["GET"]}}],"collection":[{"href":"https:\/\/etab.ac-reunion.fr\/clg-trois-mares\/wp-json\/wp\/v2\/pages"}],"about":[{"href":"https:\/\/etab.ac-reunion.fr\/clg-trois-mares\/wp-json\/wp\/v2\/types\/page"}],"author":[{"embeddable":true,"href":"https:\/\/etab.ac-reunion.fr\/clg-trois-mares\/wp-json\/wp\/v2\/users\/35005"}],"replies":[{"embeddable":true,"href":"https:\/\/etab.ac-reunion.fr\/clg-trois-mares\/wp-json\/wp\/v2\/comments?post=1037"}],"version-history":[{"count":2,"href":"https:\/\/etab.ac-reunion.fr\/clg-trois-mares\/wp-json\/wp\/v2\/pages\/1037\/revisions"}],"predecessor-version":[{"id":1512,"href":"https:\/\/etab.ac-reunion.fr\/clg-trois-mares\/wp-json\/wp\/v2\/pages\/1037\/revisions\/1512"}],"wp:attachment":[{"href":"https:\/\/etab.ac-reunion.fr\/clg-trois-mares\/wp-json\/wp\/v2\/media?parent=1037"}],"curies":[{"name":"wp","href":"https:\/\/api.w.org\/{rel}","templated":true}]}}