{"id":1041,"date":"2023-11-04T08:11:37","date_gmt":"2023-11-04T04:11:37","guid":{"rendered":"https:\/\/etab.ac-reunion.fr\/clg-trois-mares\/?page_id=1041"},"modified":"2025-08-24T08:09:36","modified_gmt":"2025-08-24T04:09:36","slug":"cpe","status":"publish","type":"page","link":"https:\/\/etab.ac-reunion.fr\/clg-trois-mares\/cpe\/","title":{"rendered":"CPE"},"content":{"rendered":"\n<h2 class=\"wp-block-heading has-text-align-center has-accent-1-color has-text-color has-larger-font-size\" style=\"text-transform:uppercase\">Missions des conseillers principaux d&rsquo;\u00e9ducation<\/h2>\n\n\n\n<div style=\"height:46px\" aria-hidden=\"true\" class=\"wp-block-spacer\"><\/div>\n\n\n\n<p><strong>Les conseillers principaux d&rsquo;\u00e9ducation<\/strong> (CPE) exercent leurs responsabilit\u00e9s \u00e9ducatives dans l&rsquo;organisation et l&rsquo;animation de la vie scolaire, organisent le service et contr\u00f4lent les activit\u00e9s des personnels charg\u00e9s des t\u00e2ches de surveillance. Ils sont associ\u00e9s aux personnels enseignants pour assurer le suivi individuel des \u00e9l\u00e8ves et proc\u00e9der \u00e0 leur \u00e9valuation. En collaboration avec les personnels enseignants et d&rsquo;orientation, ils contribuent \u00e0 conseiller les \u00e9l\u00e8ves dans le choix de leur projet d&rsquo;orientation.<\/p>\n\n\n\n<p><strong>Les conseillers principaux d&rsquo;\u00e9ducation<\/strong> concourent \u00e0 la mission premi\u00e8re de l&rsquo;\u00c9cole qui est d&rsquo;instruire et d&rsquo;\u00e9duquer afin de conduire l&rsquo;ensemble des \u00e9l\u00e8ves \u00e0 la r\u00e9ussite scolaire et \u00e0 l&rsquo;insertion professionnelle et sociale et de leur faire partager les valeurs de la R\u00e9publique. L&rsquo;ensemble des responsabilit\u00e9s exerc\u00e9es par le CPE se situe dans le cadre g\u00e9n\u00e9ral de la \u00ab&nbsp;Vie scolaire&nbsp;\u00bb qui peut se d\u00e9finir ainsi&nbsp;: placer les adolescents dans les meilleures conditions de vie individuelle et collective, de r\u00e9ussite scolaire et d&rsquo;\u00e9panouissement personnel.<\/p>\n","protected":false},"excerpt":{"rendered":"<p>Missions des conseillers principaux d&rsquo;\u00e9ducation Les conseillers principaux d&rsquo;\u00e9ducation (CPE) exercent leurs responsabilit\u00e9s \u00e9ducatives dans l&rsquo;organisation et l&rsquo;animation de la vie scolaire, organisent le service et contr\u00f4lent les activit\u00e9s des personnels charg\u00e9s des t\u00e2ches de surveillance. Ils sont associ\u00e9s aux personnels enseignants pour assurer le suivi individuel des \u00e9l\u00e8ves et &hellip;<\/p>\n","protected":false},"author":35005,"featured_media":0,"parent":0,"menu_order":0,"comment_status":"closed","ping_status":"closed","template":"","meta":{"footnotes":""},"class_list":["post-1041","page","type-page","status-publish","hentry"],"_links":{"self":[{"href":"https:\/\/etab.ac-reunion.fr\/clg-trois-mares\/wp-json\/wp\/v2\/pages\/1041","targetHints":{"allow":["GET"]}}],"collection":[{"href":"https:\/\/etab.ac-reunion.fr\/clg-trois-mares\/wp-json\/wp\/v2\/pages"}],"about":[{"href":"https:\/\/etab.ac-reunion.fr\/clg-trois-mares\/wp-json\/wp\/v2\/types\/page"}],"author":[{"embeddable":true,"href":"https:\/\/etab.ac-reunion.fr\/clg-trois-mares\/wp-json\/wp\/v2\/users\/35005"}],"replies":[{"embeddable":true,"href":"https:\/\/etab.ac-reunion.fr\/clg-trois-mares\/wp-json\/wp\/v2\/comments?post=1041"}],"version-history":[{"count":8,"href":"https:\/\/etab.ac-reunion.fr\/clg-trois-mares\/wp-json\/wp\/v2\/pages\/1041\/revisions"}],"predecessor-version":[{"id":2551,"href":"https:\/\/etab.ac-reunion.fr\/clg-trois-mares\/wp-json\/wp\/v2\/pages\/1041\/revisions\/2551"}],"wp:attachment":[{"href":"https:\/\/etab.ac-reunion.fr\/clg-trois-mares\/wp-json\/wp\/v2\/media?parent=1041"}],"curies":[{"name":"wp","href":"https:\/\/api.w.org\/{rel}","templated":true}]}}