{"id":1043,"date":"2023-11-04T08:13:08","date_gmt":"2023-11-04T04:13:08","guid":{"rendered":"https:\/\/etab.ac-reunion.fr\/clg-trois-mares\/?page_id=1043"},"modified":"2023-11-10T15:15:17","modified_gmt":"2023-11-10T11:15:17","slug":"cross-%e2%8f%b1%ef%b8%8f%f0%9f%8f%85","status":"publish","type":"page","link":"https:\/\/etab.ac-reunion.fr\/clg-trois-mares\/cross-%e2%8f%b1%ef%b8%8f%f0%9f%8f%85\/","title":{"rendered":"Cross \u23f1\ufe0f\ud83c\udfc5"},"content":{"rendered":"\n<p class=\"has-large-font-size\">Le cross est une \u00e9preuve de course de fond qui permet d\u2019apprendre aux coll\u00e9giens le go\u00fbt de l\u2019effort, de la pers\u00e9v\u00e9rance et du d\u00e9passement de soi.<\/p>\n\n\n\n<p class=\"has-large-font-size\">Toute la communaut\u00e9 \u00e9ducative est sollicit\u00e9e pour encadrer et encourager l\u2019ensemble des classes participant \u00e0 cette matin\u00e9e sportive.<\/p>\n\n\n\n<p class=\"has-large-font-size\">Bien plus qu\u2019un d\u00e9fi physique, le cross est aussi un moment de rassemblement o\u00f9 tous les coll\u00e9giens et l\u2019\u00e9quipe enseignante sont r\u00e9unis afin de vivre une rencontre sportive \u00e0 l\u2019\u00e9chelle du coll\u00e8ge.&nbsp;<\/p>\n\n\n\n<p class=\"has-large-font-size\">Tous les ans, le cross du coll\u00e8ge se tient un mercredi matin au cours du mois de septembre. Les \u00e9l\u00e8ves et le personnel sont invit\u00e9s \u00e0 porter un T-shirt de la m\u00eame couleur selon leur groupe respectif.<\/p>\n\n\n\n<div class=\"wp-block-media-text is-stacked-on-mobile\" style=\"grid-template-columns:36% auto\"><figure class=\"wp-block-media-text__media\"><img loading=\"lazy\" decoding=\"async\" width=\"954\" height=\"1024\" src=\"https:\/\/etab.ac-reunion.fr\/clg-trois-mares\/wp-content\/uploads\/sites\/149\/2023\/11\/Illustration_sans_titre-31-954x1024.jpg\" alt=\"\" class=\"wp-image-1321 size-full\" srcset=\"https:\/\/etab.ac-reunion.fr\/clg-trois-mares\/wp-content\/uploads\/sites\/149\/2023\/11\/Illustration_sans_titre-31-954x1024.jpg 954w, https:\/\/etab.ac-reunion.fr\/clg-trois-mares\/wp-content\/uploads\/sites\/149\/2023\/11\/Illustration_sans_titre-31-279x300.jpg 279w, https:\/\/etab.ac-reunion.fr\/clg-trois-mares\/wp-content\/uploads\/sites\/149\/2023\/11\/Illustration_sans_titre-31-768x825.jpg 768w, https:\/\/etab.ac-reunion.fr\/clg-trois-mares\/wp-content\/uploads\/sites\/149\/2023\/11\/Illustration_sans_titre-31-1430x1536.jpg 1430w, https:\/\/etab.ac-reunion.fr\/clg-trois-mares\/wp-content\/uploads\/sites\/149\/2023\/11\/Illustration_sans_titre-31-186x200.jpg 186w, https:\/\/etab.ac-reunion.fr\/clg-trois-mares\/wp-content\/uploads\/sites\/149\/2023\/11\/Illustration_sans_titre-31.jpg 1530w\" sizes=\"auto, (max-width: 954px) 100vw, 954px\" \/><\/figure><div class=\"wp-block-media-text__content\">\n<p class=\"has-large-font-size\">Quatre sessions sont organis\u00e9es : les 6\u00e8me et 5\u00e8me filles ouvrent la premi\u00e8re course. S\u2019\u00e9lancent ensuite les gar\u00e7ons du m\u00eame niveau. Puis ce sont les 4\u00e8me et 3\u00e8me filles qui prennent le d\u00e9part. Enfin c\u2019est au tour des gar\u00e7ons du m\u00eame niveau de conclure l\u2019\u00e9preuve.<\/p>\n\n\n\n<p class=\"has-large-font-size\">La matin\u00e9e s\u2019ach\u00e8ve avec la remise des prix dans le gymnase, o\u00f9 les 3 meilleurs de chaque groupe se voient remettre une m\u00e9daille sous les applaudissements de leurs camarades et de tous les encadrants.<\/p>\n\n\n\n<p class=\"has-large-font-size\">Par ailleurs, les 5 premiers de chaque course sont s\u00e9lectionn\u00e9s pour participer au cross d\u00e9partemental.<\/p>\n<\/div><\/div>\n\n\n\n<div style=\"height:38px\" aria-hidden=\"true\" class=\"wp-block-spacer\"><\/div>\n\n\n\n<p class=\"has-text-align-center has-large-font-size\">Ci-dessous les trac\u00e9s des parcours :<\/p>\n\n\n\n<div style=\"height:40px\" aria-hidden=\"true\" class=\"wp-block-spacer\"><\/div>\n\n\n\n<div class=\"wp-block-columns is-layout-flex wp-container-core-columns-is-layout-9d6595d7 wp-block-columns-is-layout-flex\">\n<div class=\"wp-block-column is-layout-flow wp-block-column-is-layout-flow\">\n<p class=\"has-text-align-center\">6\u00e8me et 5\u00e8me gar\u00e7ons + 4\u00e8me et 3\u00e8me filles<\/p>\n\n\n\n<figure class=\"wp-block-image size-full\"><img loading=\"lazy\" decoding=\"async\" width=\"1223\" height=\"2435\" src=\"https:\/\/etab.ac-reunion.fr\/clg-trois-mares\/wp-content\/uploads\/sites\/149\/2023\/11\/IMG_4373-3.jpg\" alt=\"\" class=\"wp-image-1519\" srcset=\"https:\/\/etab.ac-reunion.fr\/clg-trois-mares\/wp-content\/uploads\/sites\/149\/2023\/11\/IMG_4373-3.jpg 1223w, https:\/\/etab.ac-reunion.fr\/clg-trois-mares\/wp-content\/uploads\/sites\/149\/2023\/11\/IMG_4373-3-151x300.jpg 151w, https:\/\/etab.ac-reunion.fr\/clg-trois-mares\/wp-content\/uploads\/sites\/149\/2023\/11\/IMG_4373-3-514x1024.jpg 514w, https:\/\/etab.ac-reunion.fr\/clg-trois-mares\/wp-content\/uploads\/sites\/149\/2023\/11\/IMG_4373-3-768x1529.jpg 768w, https:\/\/etab.ac-reunion.fr\/clg-trois-mares\/wp-content\/uploads\/sites\/149\/2023\/11\/IMG_4373-3-771x1536.jpg 771w, https:\/\/etab.ac-reunion.fr\/clg-trois-mares\/wp-content\/uploads\/sites\/149\/2023\/11\/IMG_4373-3-1029x2048.jpg 1029w, https:\/\/etab.ac-reunion.fr\/clg-trois-mares\/wp-content\/uploads\/sites\/149\/2023\/11\/IMG_4373-3-100x200.jpg 100w\" sizes=\"auto, (max-width: 1223px) 100vw, 1223px\" \/><\/figure>\n<\/div>\n\n\n\n<div class=\"wp-block-column is-layout-flow wp-block-column-is-layout-flow\">\n<p class=\"has-text-align-center\">6\u00e8me et 5\u00e8me filles <\/p>\n\n\n\n<figure class=\"wp-block-image size-full\"><img loading=\"lazy\" decoding=\"async\" width=\"1223\" height=\"2435\" src=\"https:\/\/etab.ac-reunion.fr\/clg-trois-mares\/wp-content\/uploads\/sites\/149\/2023\/11\/IMG_4373-2.jpg\" alt=\"\" class=\"wp-image-1520\" srcset=\"https:\/\/etab.ac-reunion.fr\/clg-trois-mares\/wp-content\/uploads\/sites\/149\/2023\/11\/IMG_4373-2.jpg 1223w, https:\/\/etab.ac-reunion.fr\/clg-trois-mares\/wp-content\/uploads\/sites\/149\/2023\/11\/IMG_4373-2-151x300.jpg 151w, https:\/\/etab.ac-reunion.fr\/clg-trois-mares\/wp-content\/uploads\/sites\/149\/2023\/11\/IMG_4373-2-514x1024.jpg 514w, https:\/\/etab.ac-reunion.fr\/clg-trois-mares\/wp-content\/uploads\/sites\/149\/2023\/11\/IMG_4373-2-768x1529.jpg 768w, https:\/\/etab.ac-reunion.fr\/clg-trois-mares\/wp-content\/uploads\/sites\/149\/2023\/11\/IMG_4373-2-771x1536.jpg 771w, https:\/\/etab.ac-reunion.fr\/clg-trois-mares\/wp-content\/uploads\/sites\/149\/2023\/11\/IMG_4373-2-1029x2048.jpg 1029w, https:\/\/etab.ac-reunion.fr\/clg-trois-mares\/wp-content\/uploads\/sites\/149\/2023\/11\/IMG_4373-2-100x200.jpg 100w\" sizes=\"auto, (max-width: 1223px) 100vw, 1223px\" \/><\/figure>\n<\/div>\n\n\n\n<div class=\"wp-block-column is-layout-flow wp-block-column-is-layout-flow\">\n<p class=\"has-text-align-center\">4\u00e8me et 3\u00e8me gar\u00e7ons<\/p>\n\n\n\n<figure class=\"wp-block-image size-full\"><img loading=\"lazy\" decoding=\"async\" width=\"1223\" height=\"2435\" src=\"https:\/\/etab.ac-reunion.fr\/clg-trois-mares\/wp-content\/uploads\/sites\/149\/2023\/11\/IMG_4373-1.jpg\" alt=\"\" class=\"wp-image-1521\" srcset=\"https:\/\/etab.ac-reunion.fr\/clg-trois-mares\/wp-content\/uploads\/sites\/149\/2023\/11\/IMG_4373-1.jpg 1223w, https:\/\/etab.ac-reunion.fr\/clg-trois-mares\/wp-content\/uploads\/sites\/149\/2023\/11\/IMG_4373-1-151x300.jpg 151w, https:\/\/etab.ac-reunion.fr\/clg-trois-mares\/wp-content\/uploads\/sites\/149\/2023\/11\/IMG_4373-1-514x1024.jpg 514w, https:\/\/etab.ac-reunion.fr\/clg-trois-mares\/wp-content\/uploads\/sites\/149\/2023\/11\/IMG_4373-1-768x1529.jpg 768w, https:\/\/etab.ac-reunion.fr\/clg-trois-mares\/wp-content\/uploads\/sites\/149\/2023\/11\/IMG_4373-1-771x1536.jpg 771w, https:\/\/etab.ac-reunion.fr\/clg-trois-mares\/wp-content\/uploads\/sites\/149\/2023\/11\/IMG_4373-1-1029x2048.jpg 1029w, https:\/\/etab.ac-reunion.fr\/clg-trois-mares\/wp-content\/uploads\/sites\/149\/2023\/11\/IMG_4373-1-100x200.jpg 100w\" sizes=\"auto, (max-width: 1223px) 100vw, 1223px\" \/><\/figure>\n<\/div>\n<\/div>\n","protected":false},"excerpt":{"rendered":"<p>Le cross est une \u00e9preuve de course de fond qui permet d\u2019apprendre aux coll\u00e9giens le go\u00fbt de l\u2019effort, de la pers\u00e9v\u00e9rance et du d\u00e9passement de soi. Toute la communaut\u00e9 \u00e9ducative est sollicit\u00e9e pour encadrer et encourager l\u2019ensemble des classes participant \u00e0 cette matin\u00e9e sportive. Bien plus qu\u2019un d\u00e9fi physique, le &hellip;<\/p>\n","protected":false},"author":35005,"featured_media":0,"parent":0,"menu_order":0,"comment_status":"closed","ping_status":"closed","template":"","meta":{"footnotes":""},"class_list":["post-1043","page","type-page","status-publish","hentry"],"_links":{"self":[{"href":"https:\/\/etab.ac-reunion.fr\/clg-trois-mares\/wp-json\/wp\/v2\/pages\/1043","targetHints":{"allow":["GET"]}}],"collection":[{"href":"https:\/\/etab.ac-reunion.fr\/clg-trois-mares\/wp-json\/wp\/v2\/pages"}],"about":[{"href":"https:\/\/etab.ac-reunion.fr\/clg-trois-mares\/wp-json\/wp\/v2\/types\/page"}],"author":[{"embeddable":true,"href":"https:\/\/etab.ac-reunion.fr\/clg-trois-mares\/wp-json\/wp\/v2\/users\/35005"}],"replies":[{"embeddable":true,"href":"https:\/\/etab.ac-reunion.fr\/clg-trois-mares\/wp-json\/wp\/v2\/comments?post=1043"}],"version-history":[{"count":5,"href":"https:\/\/etab.ac-reunion.fr\/clg-trois-mares\/wp-json\/wp\/v2\/pages\/1043\/revisions"}],"predecessor-version":[{"id":1524,"href":"https:\/\/etab.ac-reunion.fr\/clg-trois-mares\/wp-json\/wp\/v2\/pages\/1043\/revisions\/1524"}],"wp:attachment":[{"href":"https:\/\/etab.ac-reunion.fr\/clg-trois-mares\/wp-json\/wp\/v2\/media?parent=1043"}],"curies":[{"name":"wp","href":"https:\/\/api.w.org\/{rel}","templated":true}]}}