{"id":1047,"date":"2023-11-04T08:14:15","date_gmt":"2023-11-04T04:14:15","guid":{"rendered":"https:\/\/etab.ac-reunion.fr\/clg-trois-mares\/?page_id=1047"},"modified":"2023-11-04T14:09:26","modified_gmt":"2023-11-04T10:09:26","slug":"devoirs-faits","status":"publish","type":"page","link":"https:\/\/etab.ac-reunion.fr\/clg-trois-mares\/devoirs-faits\/","title":{"rendered":"Devoirs faits"},"content":{"rendered":"\n<p class=\"has-text-align-center has-accent-1-color has-text-color has-normal-font-size\"><strong>\u00ab\u00a0Devoirs faits\u00a0\u00bb s\u2019adresse \u00e0 toutes les familles et \u00e0 tous les coll\u00e9giens volontaires.<\/strong><\/p>\n\n\n\n<p>La proportion d\u2019\u00e9l\u00e8ves susceptible de b\u00e9n\u00e9ficier du dispositif est li\u00e9e \u00e0 la situation de chaque \u00e9tablissement, en fonction des besoins de ses \u00e9l\u00e8ves et des moyens dont il dispose.<\/p>\n\n\n\n<p>Les coll\u00e9giens peuvent avoir \u00e9t\u00e9 invit\u00e9s \u00e0 y participer par les \u00e9quipes \u00e9ducatives, qui en font alors la proposition aux \u00e9l\u00e8ves et \u00e0 leurs familles.<\/p>\n\n\n\n<div style=\"height:38px\" aria-hidden=\"true\" class=\"wp-block-spacer\"><\/div>\n\n\n\n<p class=\"has-text-align-center has-accent-1-color has-text-color has-large-font-size\"><strong>Devoirs faits obligatoires pour les \u00e9l\u00e8ves de 6<sup>\u00e8me<\/sup><\/strong><\/p>\n\n\n\n<p class=\"has-sitebg-color has-accent-1-background-color has-text-color has-background has-normal-font-size\"><strong>\u00c0 la rentr\u00e9e 2023<\/strong>, <strong>afin de mieux accompagner les \u00e9l\u00e8ves \u00e0 leur entr\u00e9e au coll\u00e8ge, \u00ab\u00a0Devoirs faits\u00a0\u00bb est rendu obligatoire pour tous les \u00e9l\u00e8ves de 6<sup>\u00e8me<\/sup>. Les \u00e9l\u00e8ves b\u00e9n\u00e9ficieront ainsi tous d\u2019un temps d\u00e9di\u00e9 pendant lequel ils peuvent trouver l\u2019aide n\u00e9cessaire pour effectuer tout ou partie de leurs devoirs. \u00ab\u00a0Devoirs faits 6<sup>\u00e8me<\/sup>\u00a0\u00bb&nbsp;n\u2019est ni un cours, ni un temps de rem\u00e9diation suppl\u00e9mentaire. Ce temps est l\u2019occasion de r\u00e9expliquer des connaissances et des comp\u00e9tences travaill\u00e9es en classe et qui sont n\u00e9cessaires lors de la r\u00e9alisation des devoirs des \u00e9l\u00e8ves. De m\u00eame, \u00ab\u00a0Devoirs faits\u00a0\u00bb est l\u2019occasion d\u2019apprendre aux \u00e9l\u00e8ves \u00e0 organiser leur travail personnel et \u00e0 d\u00e9velopper leur autonomie<\/strong>.<\/p>\n\n\n\n<div style=\"height:38px\" aria-hidden=\"true\" class=\"wp-block-spacer\"><\/div>\n\n\n\n<hr class=\"wp-block-separator has-alpha-channel-opacity\" \/>\n\n\n\n<div style=\"height:38px\" aria-hidden=\"true\" class=\"wp-block-spacer\"><\/div>\n\n\n\n<p>Il est propos\u00e9 aux coll\u00e9giens, dans leur \u00e9tablissement, un temps d\u2019\u00e9tude accompagn\u00e9e pour r\u00e9aliser leurs devoirs. Cette \u00e9tude est <strong>gratuite<\/strong>. Chaque enfant doit pouvoir travailler individuellement, au calme, pour faire des exercices, r\u00e9p\u00e9ter ses le\u00e7ons ou exercer sa m\u00e9moire et son sens de l\u2019analyse, avec la possibilit\u00e9 d\u2019\u00eatre aid\u00e9 quand il en a besoin.<\/p>\n\n\n<div class=\"wp-block-image\">\n<figure class=\"aligncenter size-full\"><img loading=\"lazy\" decoding=\"async\" width=\"740\" height=\"2441\" src=\"https:\/\/etab.ac-reunion.fr\/clg-trois-mares\/wp-content\/uploads\/sites\/149\/2023\/11\/infographie-devoirs-faits-au-coll-ge-70566.jpg\" alt=\"\" class=\"wp-image-1323\" srcset=\"https:\/\/etab.ac-reunion.fr\/clg-trois-mares\/wp-content\/uploads\/sites\/149\/2023\/11\/infographie-devoirs-faits-au-coll-ge-70566.jpg 740w, https:\/\/etab.ac-reunion.fr\/clg-trois-mares\/wp-content\/uploads\/sites\/149\/2023\/11\/infographie-devoirs-faits-au-coll-ge-70566-91x300.jpg 91w, https:\/\/etab.ac-reunion.fr\/clg-trois-mares\/wp-content\/uploads\/sites\/149\/2023\/11\/infographie-devoirs-faits-au-coll-ge-70566-310x1024.jpg 310w, https:\/\/etab.ac-reunion.fr\/clg-trois-mares\/wp-content\/uploads\/sites\/149\/2023\/11\/infographie-devoirs-faits-au-coll-ge-70566-466x1536.jpg 466w, https:\/\/etab.ac-reunion.fr\/clg-trois-mares\/wp-content\/uploads\/sites\/149\/2023\/11\/infographie-devoirs-faits-au-coll-ge-70566-621x2048.jpg 621w, https:\/\/etab.ac-reunion.fr\/clg-trois-mares\/wp-content\/uploads\/sites\/149\/2023\/11\/infographie-devoirs-faits-au-coll-ge-70566-61x200.jpg 61w\" sizes=\"auto, (max-width: 740px) 100vw, 740px\" \/><\/figure>\n<\/div>\n\n\n<p><a rel=\"noreferrer noopener\" href=\"https:\/\/www.education.gouv.fr\/devoirs-faits-un-temps-d-etude-accompagnee-pour-realiser-les-devoirs-7337\" target=\"_blank\">https:\/\/www.education.gouv.fr\/devoirs-faits-un-temps-d-etude-accompagnee-pour-realiser-les-devoirs-7337<\/a><\/p>\n","protected":false},"excerpt":{"rendered":"<p>\u00ab\u00a0Devoirs faits\u00a0\u00bb s\u2019adresse \u00e0 toutes les familles et \u00e0 tous les coll\u00e9giens volontaires. La proportion d\u2019\u00e9l\u00e8ves susceptible de b\u00e9n\u00e9ficier du dispositif est li\u00e9e \u00e0 la situation de chaque \u00e9tablissement, en fonction des besoins de ses \u00e9l\u00e8ves et des moyens dont il dispose. Les coll\u00e9giens peuvent avoir \u00e9t\u00e9 invit\u00e9s \u00e0 y &hellip;<\/p>\n","protected":false},"author":35005,"featured_media":0,"parent":0,"menu_order":0,"comment_status":"closed","ping_status":"closed","template":"","meta":{"footnotes":""},"class_list":["post-1047","page","type-page","status-publish","hentry"],"_links":{"self":[{"href":"https:\/\/etab.ac-reunion.fr\/clg-trois-mares\/wp-json\/wp\/v2\/pages\/1047","targetHints":{"allow":["GET"]}}],"collection":[{"href":"https:\/\/etab.ac-reunion.fr\/clg-trois-mares\/wp-json\/wp\/v2\/pages"}],"about":[{"href":"https:\/\/etab.ac-reunion.fr\/clg-trois-mares\/wp-json\/wp\/v2\/types\/page"}],"author":[{"embeddable":true,"href":"https:\/\/etab.ac-reunion.fr\/clg-trois-mares\/wp-json\/wp\/v2\/users\/35005"}],"replies":[{"embeddable":true,"href":"https:\/\/etab.ac-reunion.fr\/clg-trois-mares\/wp-json\/wp\/v2\/comments?post=1047"}],"version-history":[{"count":4,"href":"https:\/\/etab.ac-reunion.fr\/clg-trois-mares\/wp-json\/wp\/v2\/pages\/1047\/revisions"}],"predecessor-version":[{"id":1325,"href":"https:\/\/etab.ac-reunion.fr\/clg-trois-mares\/wp-json\/wp\/v2\/pages\/1047\/revisions\/1325"}],"wp:attachment":[{"href":"https:\/\/etab.ac-reunion.fr\/clg-trois-mares\/wp-json\/wp\/v2\/media?parent=1047"}],"curies":[{"name":"wp","href":"https:\/\/api.w.org\/{rel}","templated":true}]}}