{"id":1059,"date":"2023-11-04T08:18:00","date_gmt":"2023-11-04T04:18:00","guid":{"rendered":"https:\/\/etab.ac-reunion.fr\/clg-trois-mares\/?page_id=1059"},"modified":"2025-11-09T17:40:54","modified_gmt":"2025-11-09T13:40:54","slug":"fse","status":"publish","type":"page","link":"https:\/\/etab.ac-reunion.fr\/clg-trois-mares\/fse\/","title":{"rendered":"FSE (Foyer Socio-\u00c9ducatif)"},"content":{"rendered":"\n<p class=\"has-background has-large-font-size\" style=\"background-color:#5895cb\">Le Foyer Socio-\u00e9ducatif (FSE) joue un r\u00f4le essentiel dans la vie de l\u2019\u00e9tablissement. R\u00e9gie par la loi de 1901 et administr\u00e9e par des enseignants du coll\u00e8ge, cette association permet aux \u00e9l\u00e8ves de participer \u00e0 diverses activit\u00e9s ludiques, <strong>durant la pause m\u00e9ridienne<\/strong>. Ces activit\u00e9s \u00e9ducatives et enrichissantes contribuent \u00e0 l&rsquo;\u00e9panouissement personnel de l&rsquo;\u00e9l\u00e8ve et le conduit \u00e0 d\u00e9velopper son sens des responsabilit\u00e9s. L&rsquo;action du FSE s&rsquo;inscrit pleinement dans le projet d&rsquo;\u00e9ducation \u00e0 la citoyennet\u00e9.<\/p>\n\n\n\n<div style=\"height:28px\" aria-hidden=\"true\" class=\"wp-block-spacer\"><\/div>\n\n\n\n<div class=\"wp-block-columns is-layout-flex wp-container-core-columns-is-layout-9d6595d7 wp-block-columns-is-layout-flex\">\n<div class=\"wp-block-column is-layout-flow wp-block-column-is-layout-flow\" style=\"flex-basis:66.66%\">\n<p class=\"has-large-font-size\">Adh\u00e9sion annuelle \u00e0&nbsp;<strong><mark>5\u20ac<\/mark><\/strong>: une seule adh\u00e9sion pour tous les ateliers.<\/p>\n\n\n\n<p class=\"has-large-font-size\">\u00c0 tr\u00e8s vite!<\/p>\n<\/div>\n\n\n\n<div class=\"wp-block-column is-layout-flow wp-block-column-is-layout-flow\" style=\"flex-basis:33.33%\">\n<figure class=\"wp-block-image size-full\"><img loading=\"lazy\" decoding=\"async\" width=\"1391\" height=\"906\" src=\"https:\/\/etab.ac-reunion.fr\/clg-trois-mares\/wp-content\/uploads\/sites\/149\/2023\/11\/Sans_titre_15-4.png\" alt=\"\" class=\"wp-image-1461\" srcset=\"https:\/\/etab.ac-reunion.fr\/clg-trois-mares\/wp-content\/uploads\/sites\/149\/2023\/11\/Sans_titre_15-4.png 1391w, https:\/\/etab.ac-reunion.fr\/clg-trois-mares\/wp-content\/uploads\/sites\/149\/2023\/11\/Sans_titre_15-4-300x195.png 300w, https:\/\/etab.ac-reunion.fr\/clg-trois-mares\/wp-content\/uploads\/sites\/149\/2023\/11\/Sans_titre_15-4-1024x667.png 1024w, https:\/\/etab.ac-reunion.fr\/clg-trois-mares\/wp-content\/uploads\/sites\/149\/2023\/11\/Sans_titre_15-4-768x500.png 768w, https:\/\/etab.ac-reunion.fr\/clg-trois-mares\/wp-content\/uploads\/sites\/149\/2023\/11\/Sans_titre_15-4-307x200.png 307w\" sizes=\"auto, (max-width: 1391px) 100vw, 1391px\" \/><\/figure>\n<\/div>\n<\/div>\n\n\n\n<div style=\"height:28px\" aria-hidden=\"true\" class=\"wp-block-spacer\"><\/div>\n\n\n\n<hr class=\"wp-block-separator has-alpha-channel-opacity\" \/>\n\n\n\n<div style=\"height:42px\" aria-hidden=\"true\" class=\"wp-block-spacer\"><\/div>\n\n\n\n<p class=\"has-text-align-center has-large-font-size\"><strong>PROGRAMME 2025-2026 :<\/strong><\/p>\n\n\n\n<figure class=\"wp-block-image size-full\"><img loading=\"lazy\" decoding=\"async\" width=\"1390\" height=\"980\" src=\"https:\/\/etab.ac-reunion.fr\/clg-trois-mares\/wp-content\/uploads\/sites\/149\/2025\/09\/Capture-decran-2025-09-22-a-11.16.56.png\" alt=\"\" class=\"wp-image-2584\" srcset=\"https:\/\/etab.ac-reunion.fr\/clg-trois-mares\/wp-content\/uploads\/sites\/149\/2025\/09\/Capture-decran-2025-09-22-a-11.16.56.png 1390w, https:\/\/etab.ac-reunion.fr\/clg-trois-mares\/wp-content\/uploads\/sites\/149\/2025\/09\/Capture-decran-2025-09-22-a-11.16.56-300x212.png 300w, https:\/\/etab.ac-reunion.fr\/clg-trois-mares\/wp-content\/uploads\/sites\/149\/2025\/09\/Capture-decran-2025-09-22-a-11.16.56-1024x722.png 1024w, https:\/\/etab.ac-reunion.fr\/clg-trois-mares\/wp-content\/uploads\/sites\/149\/2025\/09\/Capture-decran-2025-09-22-a-11.16.56-768x541.png 768w, https:\/\/etab.ac-reunion.fr\/clg-trois-mares\/wp-content\/uploads\/sites\/149\/2025\/09\/Capture-decran-2025-09-22-a-11.16.56-284x200.png 284w\" sizes=\"auto, (max-width: 1390px) 100vw, 1390px\" \/><\/figure>\n\n\n\n<div style=\"height:28px\" aria-hidden=\"true\" class=\"wp-block-spacer\"><\/div>\n\n\n\n<hr class=\"wp-block-separator has-alpha-channel-opacity\" \/>\n\n\n\n<p class=\"has-text-align-center has-large-font-size\"><strong>EXEMPLE D&rsquo;ACTIVIT\u00c9 :<\/strong><\/p>\n\n\n\n<div style=\"height:28px\" aria-hidden=\"true\" class=\"wp-block-spacer\"><\/div>\n\n\n\n<p class=\"has-text-align-center has-large-font-size\"><strong>\u00a1D\u00eda de los Muertos au coll\u00e8ge !<\/strong><\/p>\n\n\n\n<figure class=\"wp-block-gallery has-nested-images columns-default is-cropped wp-block-gallery-1 is-layout-flex wp-block-gallery-is-layout-flex\">\n<figure class=\"wp-block-image size-large\"><img loading=\"lazy\" decoding=\"async\" width=\"473\" height=\"1024\" data-id=\"2624\" src=\"https:\/\/etab.ac-reunion.fr\/clg-trois-mares\/wp-content\/uploads\/sites\/149\/2025\/11\/ff06c2a8-d906-4f3a-be93-73f3a735eb95-473x1024.jpg\" alt=\"\" class=\"wp-image-2624\" srcset=\"https:\/\/etab.ac-reunion.fr\/clg-trois-mares\/wp-content\/uploads\/sites\/149\/2025\/11\/ff06c2a8-d906-4f3a-be93-73f3a735eb95-473x1024.jpg 473w, https:\/\/etab.ac-reunion.fr\/clg-trois-mares\/wp-content\/uploads\/sites\/149\/2025\/11\/ff06c2a8-d906-4f3a-be93-73f3a735eb95-139x300.jpg 139w, https:\/\/etab.ac-reunion.fr\/clg-trois-mares\/wp-content\/uploads\/sites\/149\/2025\/11\/ff06c2a8-d906-4f3a-be93-73f3a735eb95-709x1536.jpg 709w, https:\/\/etab.ac-reunion.fr\/clg-trois-mares\/wp-content\/uploads\/sites\/149\/2025\/11\/ff06c2a8-d906-4f3a-be93-73f3a735eb95-92x200.jpg 92w, https:\/\/etab.ac-reunion.fr\/clg-trois-mares\/wp-content\/uploads\/sites\/149\/2025\/11\/ff06c2a8-d906-4f3a-be93-73f3a735eb95.jpg 739w\" sizes=\"auto, (max-width: 473px) 100vw, 473px\" \/><\/figure>\n\n\n\n<figure class=\"wp-block-image size-large\"><img loading=\"lazy\" decoding=\"async\" width=\"473\" height=\"1024\" data-id=\"2628\" src=\"https:\/\/etab.ac-reunion.fr\/clg-trois-mares\/wp-content\/uploads\/sites\/149\/2025\/11\/79baa605-9ffc-4a31-94b0-99472d78edcf-473x1024.jpg\" alt=\"\" class=\"wp-image-2628\" srcset=\"https:\/\/etab.ac-reunion.fr\/clg-trois-mares\/wp-content\/uploads\/sites\/149\/2025\/11\/79baa605-9ffc-4a31-94b0-99472d78edcf-473x1024.jpg 473w, https:\/\/etab.ac-reunion.fr\/clg-trois-mares\/wp-content\/uploads\/sites\/149\/2025\/11\/79baa605-9ffc-4a31-94b0-99472d78edcf-139x300.jpg 139w, https:\/\/etab.ac-reunion.fr\/clg-trois-mares\/wp-content\/uploads\/sites\/149\/2025\/11\/79baa605-9ffc-4a31-94b0-99472d78edcf-92x200.jpg 92w, https:\/\/etab.ac-reunion.fr\/clg-trois-mares\/wp-content\/uploads\/sites\/149\/2025\/11\/79baa605-9ffc-4a31-94b0-99472d78edcf.jpg 591w\" sizes=\"auto, (max-width: 473px) 100vw, 473px\" \/><\/figure>\n\n\n\n<figure class=\"wp-block-image size-large\"><img loading=\"lazy\" decoding=\"async\" width=\"473\" height=\"1024\" data-id=\"2627\" src=\"https:\/\/etab.ac-reunion.fr\/clg-trois-mares\/wp-content\/uploads\/sites\/149\/2025\/11\/d903e5e9-3407-4098-939d-a30d0d82c816-473x1024.jpg\" alt=\"\" class=\"wp-image-2627\" srcset=\"https:\/\/etab.ac-reunion.fr\/clg-trois-mares\/wp-content\/uploads\/sites\/149\/2025\/11\/d903e5e9-3407-4098-939d-a30d0d82c816-473x1024.jpg 473w, https:\/\/etab.ac-reunion.fr\/clg-trois-mares\/wp-content\/uploads\/sites\/149\/2025\/11\/d903e5e9-3407-4098-939d-a30d0d82c816-139x300.jpg 139w, https:\/\/etab.ac-reunion.fr\/clg-trois-mares\/wp-content\/uploads\/sites\/149\/2025\/11\/d903e5e9-3407-4098-939d-a30d0d82c816-92x200.jpg 92w, https:\/\/etab.ac-reunion.fr\/clg-trois-mares\/wp-content\/uploads\/sites\/149\/2025\/11\/d903e5e9-3407-4098-939d-a30d0d82c816.jpg 591w\" sizes=\"auto, (max-width: 473px) 100vw, 473px\" \/><\/figure>\n\n\n\n<figure class=\"wp-block-image size-large\"><img loading=\"lazy\" decoding=\"async\" width=\"473\" height=\"1024\" data-id=\"2623\" src=\"https:\/\/etab.ac-reunion.fr\/clg-trois-mares\/wp-content\/uploads\/sites\/149\/2025\/11\/fde057f4-b54c-4ce9-b580-aacec53f2e76-473x1024.jpg\" alt=\"\" class=\"wp-image-2623\" srcset=\"https:\/\/etab.ac-reunion.fr\/clg-trois-mares\/wp-content\/uploads\/sites\/149\/2025\/11\/fde057f4-b54c-4ce9-b580-aacec53f2e76-473x1024.jpg 473w, https:\/\/etab.ac-reunion.fr\/clg-trois-mares\/wp-content\/uploads\/sites\/149\/2025\/11\/fde057f4-b54c-4ce9-b580-aacec53f2e76-139x300.jpg 139w, https:\/\/etab.ac-reunion.fr\/clg-trois-mares\/wp-content\/uploads\/sites\/149\/2025\/11\/fde057f4-b54c-4ce9-b580-aacec53f2e76-92x200.jpg 92w, https:\/\/etab.ac-reunion.fr\/clg-trois-mares\/wp-content\/uploads\/sites\/149\/2025\/11\/fde057f4-b54c-4ce9-b580-aacec53f2e76.jpg 591w\" sizes=\"auto, (max-width: 473px) 100vw, 473px\" \/><\/figure>\n\n\n\n<figure class=\"wp-block-image size-large\"><img loading=\"lazy\" decoding=\"async\" width=\"473\" height=\"1024\" data-id=\"2626\" src=\"https:\/\/etab.ac-reunion.fr\/clg-trois-mares\/wp-content\/uploads\/sites\/149\/2025\/11\/c3dfb71c-bbab-46df-b6a4-2aadaaafd130-473x1024.jpg\" alt=\"\" class=\"wp-image-2626\" srcset=\"https:\/\/etab.ac-reunion.fr\/clg-trois-mares\/wp-content\/uploads\/sites\/149\/2025\/11\/c3dfb71c-bbab-46df-b6a4-2aadaaafd130-473x1024.jpg 473w, https:\/\/etab.ac-reunion.fr\/clg-trois-mares\/wp-content\/uploads\/sites\/149\/2025\/11\/c3dfb71c-bbab-46df-b6a4-2aadaaafd130-139x300.jpg 139w, https:\/\/etab.ac-reunion.fr\/clg-trois-mares\/wp-content\/uploads\/sites\/149\/2025\/11\/c3dfb71c-bbab-46df-b6a4-2aadaaafd130-92x200.jpg 92w, https:\/\/etab.ac-reunion.fr\/clg-trois-mares\/wp-content\/uploads\/sites\/149\/2025\/11\/c3dfb71c-bbab-46df-b6a4-2aadaaafd130.jpg 591w\" sizes=\"auto, (max-width: 473px) 100vw, 473px\" \/><\/figure>\n\n\n\n<figure class=\"wp-block-image size-large\"><img loading=\"lazy\" decoding=\"async\" width=\"473\" height=\"1024\" data-id=\"2625\" src=\"https:\/\/etab.ac-reunion.fr\/clg-trois-mares\/wp-content\/uploads\/sites\/149\/2025\/11\/adfff1de-cec1-47d1-b987-dfdf9f662ba3-473x1024.jpg\" alt=\"\" class=\"wp-image-2625\" srcset=\"https:\/\/etab.ac-reunion.fr\/clg-trois-mares\/wp-content\/uploads\/sites\/149\/2025\/11\/adfff1de-cec1-47d1-b987-dfdf9f662ba3-473x1024.jpg 473w, https:\/\/etab.ac-reunion.fr\/clg-trois-mares\/wp-content\/uploads\/sites\/149\/2025\/11\/adfff1de-cec1-47d1-b987-dfdf9f662ba3-139x300.jpg 139w, https:\/\/etab.ac-reunion.fr\/clg-trois-mares\/wp-content\/uploads\/sites\/149\/2025\/11\/adfff1de-cec1-47d1-b987-dfdf9f662ba3-92x200.jpg 92w, https:\/\/etab.ac-reunion.fr\/clg-trois-mares\/wp-content\/uploads\/sites\/149\/2025\/11\/adfff1de-cec1-47d1-b987-dfdf9f662ba3.jpg 591w\" sizes=\"auto, (max-width: 473px) 100vw, 473px\" \/><\/figure>\n<\/figure>\n\n\n\n<div style=\"height:28px\" aria-hidden=\"true\" class=\"wp-block-spacer\"><\/div>\n\n\n\n<p class=\"has-large-font-size\">Fin octobre, douze \u00e9l\u00e8ves de 5e et de 3e (classes bi-langue) ont plong\u00e9 dans l\u2019ambiance color\u00e9e du\u00a0<em>D\u00eda de los Muertos<\/em>, la f\u00eate mexicaine qui c\u00e9l\u00e8bre la vie et la m\u00e9moire des d\u00e9funts.<\/p>\n\n\n\n<p class=\"has-large-font-size\">Au programme : un atelier plein de cr\u00e9ativit\u00e9 et de bonne humeur pour fabriquer de superbes couronnes de fleurs, symbole incontournable de cette tradition haute en couleur.<\/p>\n\n\n\n<p class=\"has-large-font-size\">Cette activit\u00e9 s\u2019inscrit dans le programme d\u2019espagnol, qui permet aux \u00e9l\u00e8ves de d\u00e9couvrir la richesse des cultures du monde hispanique \u00e0 travers leurs traditions, leurs symboles et leurs f\u00eates.<\/p>\n\n\n\n<p class=\"has-large-font-size\">Un grand merci aux \u00e9l\u00e8ves pour leur enthousiasme et au FSE pour son soutien dans la r\u00e9alisation de cet atelier ! \ud83c\uddf2\ud83c\uddfd<\/p>\n\n\n\n<p class=\"has-text-align-right\">P. COCQUEMPOT<\/p>\n","protected":false},"excerpt":{"rendered":"<p>Le Foyer Socio-\u00e9ducatif (FSE) joue un r\u00f4le essentiel dans la vie de l\u2019\u00e9tablissement. R\u00e9gie par la loi de 1901 et administr\u00e9e par des enseignants du coll\u00e8ge, cette association permet aux \u00e9l\u00e8ves de participer \u00e0 diverses activit\u00e9s ludiques, durant la pause m\u00e9ridienne. Ces activit\u00e9s \u00e9ducatives et enrichissantes contribuent \u00e0 l&rsquo;\u00e9panouissement personnel &hellip;<\/p>\n","protected":false},"author":35005,"featured_media":0,"parent":0,"menu_order":0,"comment_status":"closed","ping_status":"closed","template":"","meta":{"footnotes":""},"class_list":["post-1059","page","type-page","status-publish","hentry"],"_links":{"self":[{"href":"https:\/\/etab.ac-reunion.fr\/clg-trois-mares\/wp-json\/wp\/v2\/pages\/1059","targetHints":{"allow":["GET"]}}],"collection":[{"href":"https:\/\/etab.ac-reunion.fr\/clg-trois-mares\/wp-json\/wp\/v2\/pages"}],"about":[{"href":"https:\/\/etab.ac-reunion.fr\/clg-trois-mares\/wp-json\/wp\/v2\/types\/page"}],"author":[{"embeddable":true,"href":"https:\/\/etab.ac-reunion.fr\/clg-trois-mares\/wp-json\/wp\/v2\/users\/35005"}],"replies":[{"embeddable":true,"href":"https:\/\/etab.ac-reunion.fr\/clg-trois-mares\/wp-json\/wp\/v2\/comments?post=1059"}],"version-history":[{"count":17,"href":"https:\/\/etab.ac-reunion.fr\/clg-trois-mares\/wp-json\/wp\/v2\/pages\/1059\/revisions"}],"predecessor-version":[{"id":2633,"href":"https:\/\/etab.ac-reunion.fr\/clg-trois-mares\/wp-json\/wp\/v2\/pages\/1059\/revisions\/2633"}],"wp:attachment":[{"href":"https:\/\/etab.ac-reunion.fr\/clg-trois-mares\/wp-json\/wp\/v2\/media?parent=1059"}],"curies":[{"name":"wp","href":"https:\/\/api.w.org\/{rel}","templated":true}]}}