{"id":1063,"date":"2023-11-04T08:19:15","date_gmt":"2023-11-04T04:19:15","guid":{"rendered":"https:\/\/etab.ac-reunion.fr\/clg-trois-mares\/?page_id=1063"},"modified":"2023-11-09T08:51:10","modified_gmt":"2023-11-09T04:51:10","slug":"infirmerie","status":"publish","type":"page","link":"https:\/\/etab.ac-reunion.fr\/clg-trois-mares\/infirmerie\/","title":{"rendered":"Infirmerie"},"content":{"rendered":"\n<p><strong>Pr\u00e9sentation de l\u2019infirmerie du coll\u00e8ge<\/strong><\/p>\n\n\n\n<p>L\u2019infirmerie est un lieu d\u2019accueil et d\u2019\u00e9change o\u00f9 les \u00e9l\u00e8ves peuvent se rendre pour rencontrer l\u2019infirmi\u00e8re face \u00e0 tout probl\u00e8me de sant\u00e9 physique ou psychologique. L\u2019infirmi\u00e8re participe \u00e0 la r\u00e9ussite scolaire de l\u2019\u00e9l\u00e8ve et permet son retour rapide en cours.<\/p>\n\n\n\n<div style=\"height:14px\" aria-hidden=\"true\" class=\"wp-block-spacer\"><\/div>\n\n\n\n<div class=\"wp-block-media-text is-stacked-on-mobile\" style=\"grid-template-columns:41% auto\"><figure class=\"wp-block-media-text__media\"><img loading=\"lazy\" decoding=\"async\" width=\"1015\" height=\"1024\" src=\"https:\/\/etab.ac-reunion.fr\/clg-trois-mares\/wp-content\/uploads\/sites\/149\/2023\/11\/Illustration_sans_titre-27-1015x1024.jpg\" alt=\"\" class=\"wp-image-1326 size-full\" srcset=\"https:\/\/etab.ac-reunion.fr\/clg-trois-mares\/wp-content\/uploads\/sites\/149\/2023\/11\/Illustration_sans_titre-27-1015x1024.jpg 1015w, https:\/\/etab.ac-reunion.fr\/clg-trois-mares\/wp-content\/uploads\/sites\/149\/2023\/11\/Illustration_sans_titre-27-297x300.jpg 297w, https:\/\/etab.ac-reunion.fr\/clg-trois-mares\/wp-content\/uploads\/sites\/149\/2023\/11\/Illustration_sans_titre-27-150x150.jpg 150w, https:\/\/etab.ac-reunion.fr\/clg-trois-mares\/wp-content\/uploads\/sites\/149\/2023\/11\/Illustration_sans_titre-27-768x775.jpg 768w, https:\/\/etab.ac-reunion.fr\/clg-trois-mares\/wp-content\/uploads\/sites\/149\/2023\/11\/Illustration_sans_titre-27-1522x1536.jpg 1522w, https:\/\/etab.ac-reunion.fr\/clg-trois-mares\/wp-content\/uploads\/sites\/149\/2023\/11\/Illustration_sans_titre-27-198x200.jpg 198w, https:\/\/etab.ac-reunion.fr\/clg-trois-mares\/wp-content\/uploads\/sites\/149\/2023\/11\/Illustration_sans_titre-27.jpg 1769w\" sizes=\"auto, (max-width: 1015px) 100vw, 1015px\" \/><\/figure><div class=\"wp-block-media-text__content\">\n<p><em><strong>Horaires de pr\u00e9sence<\/strong><\/em> de l&rsquo;infirmi\u00e8re&nbsp;:<\/p>\n\n\n\n<p><strong>Lundi<\/strong>&nbsp;:      7h00 &#8211; 17H00 <\/p>\n\n\n\n<p><strong>Mardi<\/strong>&nbsp;:      7h00 &#8211; 17H00<\/p>\n\n\n\n<p><strong>Mercredi<\/strong>&nbsp;:&nbsp;7h00 &#8211; 12h00<\/p>\n\n\n\n<p><strong>Jeudi<\/strong>&nbsp;:&nbsp;      7h00 &#8211; 17H00<\/p>\n\n\n\n<p><strong>Vendredi<\/strong>&nbsp;: &nbsp;7h00 &#8211; 12H00<\/p>\n<\/div><\/div>\n\n\n\n<div style=\"height:40px\" aria-hidden=\"true\" class=\"wp-block-spacer\"><\/div>\n\n\n\n<p><strong>Fonctionnement de l\u2019infirmerie<\/strong><\/p>\n\n\n\n<p>Les \u00e9l\u00e8ves peuvent \u00eatre accueillis \u00e0 leur arriv\u00e9e au coll\u00e8ge (entre 7H05 et 7H30), aux interclasses, pendant les r\u00e9cr\u00e9ations ou durant la pause m\u00e9ridienne. <strong>En cas d&rsquo;urgence<\/strong>, le professeur peut, durant un cours, autoriser un \u00e9l\u00e8ve \u00e0 se rendre \u00e0 l\u2019infirmerie, avec <strong>un seul accompagnant<\/strong>. <\/p>\n\n\n\n<p>En cas d&rsquo;absence de l\u2019infirmi\u00e8re, les \u00e9l\u00e8ves devront se rapprocher de la Vie Scolaire, qui contactera les parents si n\u00e9cessaire.<\/p>\n\n\n\n<p class=\"has-background\" style=\"background-color:#ebc0c0\">\u2757\ufe0f\u26a0\ufe0f\u2757\ufe0f <strong>L&rsquo;infirmi\u00e8re ne peut se substituer \u00e0 un avis m\u00e9dical. En cas de sympt\u00f4mes, les familles doivent prendre leur disposition avant d&rsquo;envoyer leur(s) enfant(s) au coll\u00e8ge.<\/strong><\/p>\n\n\n\n<div style=\"height:14px\" aria-hidden=\"true\" class=\"wp-block-spacer\"><\/div>\n\n\n\n<p>\ud83d\udc8a <strong>M\u00e9dicaments<\/strong> : Il est rappel\u00e9 que les m\u00e9dicaments doivent \u00eatre d\u00e9pos\u00e9s \u00e0 l\u2019infirmerie accompagn\u00e9s d&rsquo;une copie de l\u2019ordonnance. Aucun traitement ne peut \u00eatre conserv\u00e9 dans le coll\u00e8ge sans l\u2019accord de l\u2019infirmi\u00e8re. <\/p>\n\n\n\n<div style=\"height:14px\" aria-hidden=\"true\" class=\"wp-block-spacer\"><\/div>\n\n\n\n<p>\ud83d\udc89 <strong>Vaccins<\/strong> : Les \u00e9l\u00e8ves sont tenus d&rsquo;\u00eatre \u00e0 jour des vaccinations obligatoires (v\u00e9rifi\u00e9es lors de l&rsquo;inscription).<\/p>\n","protected":false},"excerpt":{"rendered":"<p>Pr\u00e9sentation de l\u2019infirmerie du coll\u00e8ge L\u2019infirmerie est un lieu d\u2019accueil et d\u2019\u00e9change o\u00f9 les \u00e9l\u00e8ves peuvent se rendre pour rencontrer l\u2019infirmi\u00e8re face \u00e0 tout probl\u00e8me de sant\u00e9 physique ou psychologique. L\u2019infirmi\u00e8re participe \u00e0 la r\u00e9ussite scolaire de l\u2019\u00e9l\u00e8ve et permet son retour rapide en cours. Horaires de pr\u00e9sence de l&rsquo;infirmi\u00e8re&nbsp;: &hellip;<\/p>\n","protected":false},"author":35005,"featured_media":0,"parent":0,"menu_order":0,"comment_status":"closed","ping_status":"closed","template":"","meta":{"footnotes":""},"class_list":["post-1063","page","type-page","status-publish","hentry"],"_links":{"self":[{"href":"https:\/\/etab.ac-reunion.fr\/clg-trois-mares\/wp-json\/wp\/v2\/pages\/1063","targetHints":{"allow":["GET"]}}],"collection":[{"href":"https:\/\/etab.ac-reunion.fr\/clg-trois-mares\/wp-json\/wp\/v2\/pages"}],"about":[{"href":"https:\/\/etab.ac-reunion.fr\/clg-trois-mares\/wp-json\/wp\/v2\/types\/page"}],"author":[{"embeddable":true,"href":"https:\/\/etab.ac-reunion.fr\/clg-trois-mares\/wp-json\/wp\/v2\/users\/35005"}],"replies":[{"embeddable":true,"href":"https:\/\/etab.ac-reunion.fr\/clg-trois-mares\/wp-json\/wp\/v2\/comments?post=1063"}],"version-history":[{"count":3,"href":"https:\/\/etab.ac-reunion.fr\/clg-trois-mares\/wp-json\/wp\/v2\/pages\/1063\/revisions"}],"predecessor-version":[{"id":1515,"href":"https:\/\/etab.ac-reunion.fr\/clg-trois-mares\/wp-json\/wp\/v2\/pages\/1063\/revisions\/1515"}],"wp:attachment":[{"href":"https:\/\/etab.ac-reunion.fr\/clg-trois-mares\/wp-json\/wp\/v2\/media?parent=1063"}],"curies":[{"name":"wp","href":"https:\/\/api.w.org\/{rel}","templated":true}]}}