{"id":1081,"date":"2023-11-04T08:23:36","date_gmt":"2023-11-04T04:23:36","guid":{"rendered":"https:\/\/etab.ac-reunion.fr\/clg-trois-mares\/?page_id=1081"},"modified":"2023-11-04T08:23:36","modified_gmt":"2023-11-04T04:23:36","slug":"mentions-legales","status":"publish","type":"page","link":"https:\/\/etab.ac-reunion.fr\/clg-trois-mares\/mentions-legales\/","title":{"rendered":"Mentions l\u00e9gales"},"content":{"rendered":"\n<h5 class=\"wp-block-heading\"><strong>\u00c9DITEUR<\/strong><\/h5>\n\n\n\n<p>Coll\u00e8ge de Trois Mares<\/p>\n\n\n\n<p>75 Rue Montaigne<br>97430 LE TAMPON<br>T\u00e9l : 0262 57 99 89<br>Mail : ce.9740652r@ac-reunion.fr<\/p>\n\n\n\n<h5 class=\"wp-block-heading\"><strong>DIRECTRICE DE LA PUBLICATION<\/strong><\/h5>\n\n\n\n<p>Mme LAMOLY \u2013 Principale<\/p>\n\n\n\n<h5 class=\"wp-block-heading\"><strong>CONCEPTION \u2013 R\u00c9ALISATION<\/strong><\/h5>\n\n\n\n<p>St\u00e9phanie THIAW-NAM-TONG<\/p>\n\n\n\n<h5 class=\"wp-block-heading\"><strong>H\u00c9BERGEUR DU SITE<\/strong><\/h5>\n\n\n\n<p>Rectorat de l\u2019Acad\u00e9mie de La R\u00e9union<\/p>\n\n\n\n<p>24 Avenue Georges Brassens<br>CS 71003<br>97743&nbsp; St-Denis Cedex 9<br>T\u00e9l : 0262 48 10 10<\/p>\n\n\n\n<h5 class=\"wp-block-heading\"><strong>PROPRI\u00c9T\u00c9 INTELLECTUELLE<\/strong><\/h5>\n\n\n\n<p>En application des articles L. 111-1 et L. 123-1 du Code de la Propri\u00e9t\u00e9 Intellectuelle, l\u2019ensemble des contenus de ce site (textes, slogans, images, dessins, s\u00e9quences anim\u00e9es, sonores ou non, vid\u00e9os et tout m\u00e9dia en g\u00e9n\u00e9ral), sauf mention contraire explicite, est prot\u00e9g\u00e9 par le droit d\u2019auteur. La reproduction, m\u00eame partielle, des contenus des pages de ce site sans accord pr\u00e9alable du directeur de la publication est strictement interdite.<\/p>\n","protected":false},"excerpt":{"rendered":"<p>\u00c9DITEUR Coll\u00e8ge de Trois Mares 75 Rue Montaigne97430 LE TAMPONT\u00e9l : 0262 57 99 89Mail : ce.9740652r@ac-reunion.fr DIRECTRICE DE LA PUBLICATION Mme LAMOLY \u2013 Principale CONCEPTION \u2013 R\u00c9ALISATION St\u00e9phanie THIAW-NAM-TONG H\u00c9BERGEUR DU SITE Rectorat de l\u2019Acad\u00e9mie de La R\u00e9union 24 Avenue Georges BrassensCS 7100397743&nbsp; St-Denis Cedex 9T\u00e9l : 0262 48 &hellip;<\/p>\n","protected":false},"author":35005,"featured_media":0,"parent":0,"menu_order":0,"comment_status":"closed","ping_status":"closed","template":"","meta":{"footnotes":""},"class_list":["post-1081","page","type-page","status-publish","hentry"],"_links":{"self":[{"href":"https:\/\/etab.ac-reunion.fr\/clg-trois-mares\/wp-json\/wp\/v2\/pages\/1081","targetHints":{"allow":["GET"]}}],"collection":[{"href":"https:\/\/etab.ac-reunion.fr\/clg-trois-mares\/wp-json\/wp\/v2\/pages"}],"about":[{"href":"https:\/\/etab.ac-reunion.fr\/clg-trois-mares\/wp-json\/wp\/v2\/types\/page"}],"author":[{"embeddable":true,"href":"https:\/\/etab.ac-reunion.fr\/clg-trois-mares\/wp-json\/wp\/v2\/users\/35005"}],"replies":[{"embeddable":true,"href":"https:\/\/etab.ac-reunion.fr\/clg-trois-mares\/wp-json\/wp\/v2\/comments?post=1081"}],"version-history":[{"count":1,"href":"https:\/\/etab.ac-reunion.fr\/clg-trois-mares\/wp-json\/wp\/v2\/pages\/1081\/revisions"}],"predecessor-version":[{"id":1082,"href":"https:\/\/etab.ac-reunion.fr\/clg-trois-mares\/wp-json\/wp\/v2\/pages\/1081\/revisions\/1082"}],"wp:attachment":[{"href":"https:\/\/etab.ac-reunion.fr\/clg-trois-mares\/wp-json\/wp\/v2\/media?parent=1081"}],"curies":[{"name":"wp","href":"https:\/\/api.w.org\/{rel}","templated":true}]}}