{"id":1091,"date":"2023-11-04T08:27:30","date_gmt":"2023-11-04T04:27:30","guid":{"rendered":"https:\/\/etab.ac-reunion.fr\/clg-trois-mares\/?page_id=1091"},"modified":"2023-11-05T12:06:04","modified_gmt":"2023-11-05T08:06:04","slug":"non-au-harcelement","status":"publish","type":"page","link":"https:\/\/etab.ac-reunion.fr\/clg-trois-mares\/non-au-harcelement\/","title":{"rendered":"NON AU HARC\u00c8LEMENT !"},"content":{"rendered":"\n<div style=\"height:100px\" aria-hidden=\"true\" class=\"wp-block-spacer\"><\/div>\n\n\n\n<div class=\"wp-block-media-text is-stacked-on-mobile has-background\" style=\"background-color:#c7e8ff;grid-template-columns:36% auto\"><figure class=\"wp-block-media-text__media\"><img loading=\"lazy\" decoding=\"async\" width=\"745\" height=\"485\" src=\"https:\/\/etab.ac-reunion.fr\/clg-trois-mares\/wp-content\/uploads\/sites\/149\/2023\/11\/Visuel-site-Numeros-durgence_0.png\" alt=\"\" class=\"wp-image-1289 size-full\" srcset=\"https:\/\/etab.ac-reunion.fr\/clg-trois-mares\/wp-content\/uploads\/sites\/149\/2023\/11\/Visuel-site-Numeros-durgence_0.png 745w, https:\/\/etab.ac-reunion.fr\/clg-trois-mares\/wp-content\/uploads\/sites\/149\/2023\/11\/Visuel-site-Numeros-durgence_0-300x195.png 300w, https:\/\/etab.ac-reunion.fr\/clg-trois-mares\/wp-content\/uploads\/sites\/149\/2023\/11\/Visuel-site-Numeros-durgence_0-307x200.png 307w\" sizes=\"auto, (max-width: 745px) 100vw, 745px\" \/><\/figure><div class=\"wp-block-media-text__content\">\n<p class=\"has-text-align-center\"><strong>Tu es victime de violences verbales, physiques et morales de fa\u00e7on r\u00e9p\u00e9t\u00e9e, cela s&rsquo;appelle du harc\u00e8lement. Aucun enfant, aucun \u00e9l\u00e8ve ne doit subir cela, ne reste pas silencieux !<\/strong><\/p>\n\n\n\n<div style=\"height:6px\" aria-hidden=\"true\" class=\"wp-block-spacer\"><\/div>\n<\/div><\/div>\n\n\n\n<div style=\"height:64px\" aria-hidden=\"true\" class=\"wp-block-spacer\"><\/div>\n\n\n\n<div class=\"wp-block-media-text is-stacked-on-mobile has-background\" style=\"background-color:#c7e8ff;grid-template-columns:30% auto\"><figure class=\"wp-block-media-text__media\"><img loading=\"lazy\" decoding=\"async\" width=\"758\" height=\"1024\" src=\"https:\/\/etab.ac-reunion.fr\/clg-trois-mares\/wp-content\/uploads\/sites\/149\/2023\/11\/Illustration_sans_titre-6-758x1024.png\" alt=\"\" class=\"wp-image-1288 size-full\" srcset=\"https:\/\/etab.ac-reunion.fr\/clg-trois-mares\/wp-content\/uploads\/sites\/149\/2023\/11\/Illustration_sans_titre-6-758x1024.png 758w, https:\/\/etab.ac-reunion.fr\/clg-trois-mares\/wp-content\/uploads\/sites\/149\/2023\/11\/Illustration_sans_titre-6-222x300.png 222w, https:\/\/etab.ac-reunion.fr\/clg-trois-mares\/wp-content\/uploads\/sites\/149\/2023\/11\/Illustration_sans_titre-6-768x1037.png 768w, https:\/\/etab.ac-reunion.fr\/clg-trois-mares\/wp-content\/uploads\/sites\/149\/2023\/11\/Illustration_sans_titre-6-1137x1536.png 1137w, https:\/\/etab.ac-reunion.fr\/clg-trois-mares\/wp-content\/uploads\/sites\/149\/2023\/11\/Illustration_sans_titre-6-148x200.png 148w, https:\/\/etab.ac-reunion.fr\/clg-trois-mares\/wp-content\/uploads\/sites\/149\/2023\/11\/Illustration_sans_titre-6.png 1181w\" sizes=\"auto, (max-width: 758px) 100vw, 758px\" \/><\/figure><div class=\"wp-block-media-text__content\">\n<p><strong>QU&rsquo;EST-CE QUE LE HARC\u00c8LEMENT ENTRE \u00c9L\u00c8VES?<\/strong><\/p>\n\n\n\n<p>Le harc\u00e8lement est une violence, peu visible, qui peut prendre la forme de violences physiques r\u00e9p\u00e9t\u00e9es, souvent accompagn\u00e9es de violences verbales et psychologiques (insultes, moqueries, etc.), destin\u00e9es \u00e0 blesser et \u00e0 nuire \u00e0 la cible des attaques.<\/p>\n\n\n\n<p>Avec le d\u00e9veloppement des nouvelles technologies et des r\u00e9seaux sociaux, il d\u00e9passe le cadre scolaire et affecte aussi les jeunes \u00e0 travers le cyberharc\u00e8lement.<\/p>\n\n\n\n<p>Les cons\u00e9quences du harc\u00e8lement en milieu scolaire peuvent \u00eatre graves et multiples.<\/p>\n<\/div><\/div>\n\n\n\n<div style=\"height:6px\" aria-hidden=\"true\" class=\"wp-block-spacer\"><\/div>\n\n\n\n<hr class=\"wp-block-separator has-alpha-channel-opacity\" \/>\n\n\n\n<hr class=\"wp-block-separator has-alpha-channel-opacity\" \/>\n\n\n\n<div style=\"height:13px\" aria-hidden=\"true\" class=\"wp-block-spacer\"><\/div>\n\n\n\n<div class=\"wp-block-media-text is-stacked-on-mobile has-background\" style=\"background-color:#c7e8ff;grid-template-columns:34% auto\"><figure class=\"wp-block-media-text__media\"><img loading=\"lazy\" decoding=\"async\" width=\"1024\" height=\"911\" src=\"https:\/\/etab.ac-reunion.fr\/clg-trois-mares\/wp-content\/uploads\/sites\/149\/2023\/11\/Illustration_sans_titre-16-1024x911.png\" alt=\"\" class=\"wp-image-1433 size-full\" srcset=\"https:\/\/etab.ac-reunion.fr\/clg-trois-mares\/wp-content\/uploads\/sites\/149\/2023\/11\/Illustration_sans_titre-16-1024x911.png 1024w, https:\/\/etab.ac-reunion.fr\/clg-trois-mares\/wp-content\/uploads\/sites\/149\/2023\/11\/Illustration_sans_titre-16-300x267.png 300w, https:\/\/etab.ac-reunion.fr\/clg-trois-mares\/wp-content\/uploads\/sites\/149\/2023\/11\/Illustration_sans_titre-16-768x683.png 768w, https:\/\/etab.ac-reunion.fr\/clg-trois-mares\/wp-content\/uploads\/sites\/149\/2023\/11\/Illustration_sans_titre-16-225x200.png 225w, https:\/\/etab.ac-reunion.fr\/clg-trois-mares\/wp-content\/uploads\/sites\/149\/2023\/11\/Illustration_sans_titre-16.png 1474w\" sizes=\"auto, (max-width: 1024px) 100vw, 1024px\" \/><\/figure><div class=\"wp-block-media-text__content\">\n<p><strong>POLITIQUE DE LUTTE CONTRE LE HARC\u00c8LEMENT \u00c0 L&rsquo;\u00c9COLE<\/strong><\/p>\n\n\n\n<p>La pr\u00e9vention et la lutte contre le harc\u00e8lement entre \u00e9l\u00e8ves est l&rsquo;une des priorit\u00e9s du minist\u00e8re.<\/p>\n\n\n\n<p>Le harc\u00e8lement se d\u00e9finit comme une violence r\u00e9p\u00e9t\u00e9e qui peut \u00eatre verbale, physique ou psychologique. Cette violence se retrouve aussi au sein de l&rsquo;\u00e9cole : elle est le fait d&rsquo;un ou de plusieurs \u00e9l\u00e8ves \u00e0 l&rsquo;encontre d&rsquo;une victime qui ne peut se d\u00e9fendre. Lorsqu&rsquo;un enfant ou un victime qui ne peut se d\u00e9fendre. Lorsqu&rsquo;un enfant ou un adolescent est insult\u00e9, menac\u00e9, battu, bouscul\u00e9 ou re\u00e7oit des messages injurieux \u00e0 r\u00e9p\u00e9tition, on parle donc de harc\u00e8lement.<\/p>\n<\/div><\/div>\n\n\n\n<div style=\"height:6px\" aria-hidden=\"true\" class=\"wp-block-spacer\"><\/div>\n\n\n\n<hr class=\"wp-block-separator has-alpha-channel-opacity\" \/>\n\n\n\n<hr class=\"wp-block-separator has-alpha-channel-opacity\" \/>\n\n\n\n<div style=\"height:13px\" aria-hidden=\"true\" class=\"wp-block-spacer\"><\/div>\n\n\n<div class=\"wp-block-image\">\n<figure class=\"aligncenter size-full is-resized\"><img loading=\"lazy\" decoding=\"async\" width=\"595\" height=\"841\" src=\"https:\/\/etab.ac-reunion.fr\/clg-trois-mares\/wp-content\/uploads\/sites\/149\/2023\/11\/protocole-nah-2021-96040.jpg\" alt=\"\" class=\"wp-image-1285\" style=\"width:1045px\" srcset=\"https:\/\/etab.ac-reunion.fr\/clg-trois-mares\/wp-content\/uploads\/sites\/149\/2023\/11\/protocole-nah-2021-96040.jpg 595w, https:\/\/etab.ac-reunion.fr\/clg-trois-mares\/wp-content\/uploads\/sites\/149\/2023\/11\/protocole-nah-2021-96040-212x300.jpg 212w, https:\/\/etab.ac-reunion.fr\/clg-trois-mares\/wp-content\/uploads\/sites\/149\/2023\/11\/protocole-nah-2021-96040-141x200.jpg 141w\" sizes=\"auto, (max-width: 595px) 100vw, 595px\" \/><\/figure>\n<\/div>","protected":false},"excerpt":{"rendered":"<p>QU&rsquo;EST-CE QUE LE HARC\u00c8LEMENT ENTRE \u00c9L\u00c8VES? Le harc\u00e8lement est une violence, peu visible, qui peut prendre la forme de violences physiques r\u00e9p\u00e9t\u00e9es, souvent accompagn\u00e9es de violences verbales et psychologiques (insultes, moqueries, etc.), destin\u00e9es \u00e0 blesser et \u00e0 nuire \u00e0 la cible des attaques. Avec le d\u00e9veloppement des nouvelles technologies et &hellip;<\/p>\n","protected":false},"author":35005,"featured_media":0,"parent":0,"menu_order":0,"comment_status":"closed","ping_status":"closed","template":"","meta":{"footnotes":""},"class_list":["post-1091","page","type-page","status-publish","hentry"],"_links":{"self":[{"href":"https:\/\/etab.ac-reunion.fr\/clg-trois-mares\/wp-json\/wp\/v2\/pages\/1091","targetHints":{"allow":["GET"]}}],"collection":[{"href":"https:\/\/etab.ac-reunion.fr\/clg-trois-mares\/wp-json\/wp\/v2\/pages"}],"about":[{"href":"https:\/\/etab.ac-reunion.fr\/clg-trois-mares\/wp-json\/wp\/v2\/types\/page"}],"author":[{"embeddable":true,"href":"https:\/\/etab.ac-reunion.fr\/clg-trois-mares\/wp-json\/wp\/v2\/users\/35005"}],"replies":[{"embeddable":true,"href":"https:\/\/etab.ac-reunion.fr\/clg-trois-mares\/wp-json\/wp\/v2\/comments?post=1091"}],"version-history":[{"count":3,"href":"https:\/\/etab.ac-reunion.fr\/clg-trois-mares\/wp-json\/wp\/v2\/pages\/1091\/revisions"}],"predecessor-version":[{"id":1434,"href":"https:\/\/etab.ac-reunion.fr\/clg-trois-mares\/wp-json\/wp\/v2\/pages\/1091\/revisions\/1434"}],"wp:attachment":[{"href":"https:\/\/etab.ac-reunion.fr\/clg-trois-mares\/wp-json\/wp\/v2\/media?parent=1091"}],"curies":[{"name":"wp","href":"https:\/\/api.w.org\/{rel}","templated":true}]}}