{"id":1097,"date":"2023-11-04T08:30:46","date_gmt":"2023-11-04T04:30:46","guid":{"rendered":"https:\/\/etab.ac-reunion.fr\/clg-trois-mares\/?page_id=1097"},"modified":"2023-11-04T08:30:47","modified_gmt":"2023-11-04T04:30:47","slug":"page-daccueil","status":"publish","type":"page","link":"https:\/\/etab.ac-reunion.fr\/clg-trois-mares\/","title":{"rendered":"PAGE D&rsquo;ACCUEIL"},"content":{"rendered":"<ul class=\"wp-block-latest-posts__list has-dates has-author wp-block-latest-posts\"><li><a class=\"wp-block-latest-posts__post-title\" href=\"https:\/\/etab.ac-reunion.fr\/clg-trois-mares\/finale-spelling-bee-5eme\/\">Finale Spelling Bee 5\u00e8me<\/a><div class=\"wp-block-latest-posts__post-author\">par St\u00e9phanie THIAW-NAM-TONG<\/div><time datetime=\"2024-07-01T10:41:57+04:00\" class=\"wp-block-latest-posts__post-date\">1 juillet 2024<\/time><div class=\"wp-block-latest-posts__post-excerpt\">La grande finale du Spelling Bee a eu lieu le mercredi 29 mai. Pas moins de 16 candidats de 5\u00e8me \u00e9taient en lice pour cet \u00e9v\u00e9nement annuel. Soutenus par leurs camarades de classe pr\u00e9sents dans le public, les finalistes ont encha\u00een\u00e9 les tours, jusqu&rsquo;\u00e0 d\u00e9signer les grands vainqueurs de cette \u00e9dition 2024. Bravo \u00e0 tous &hellip;<\/div><\/li>\n<li><div class=\"wp-block-latest-posts__featured-image alignright\"><img loading=\"lazy\" decoding=\"async\" width=\"150\" height=\"150\" src=\"https:\/\/etab.ac-reunion.fr\/clg-trois-mares\/wp-content\/uploads\/sites\/149\/2023\/11\/Illustration_sans_titre-18-150x150.jpg\" class=\"attachment-thumbnail size-thumbnail wp-post-image\" alt=\"\" style=\"\" \/><\/div><a class=\"wp-block-latest-posts__post-title\" href=\"https:\/\/etab.ac-reunion.fr\/clg-trois-mares\/fournitures-scolaires-2\/\">Fournitures scolaires<\/a><div class=\"wp-block-latest-posts__post-author\">par St\u00e9phanie THIAW-NAM-TONG<\/div><time datetime=\"2023-11-04T09:02:07+04:00\" class=\"wp-block-latest-posts__post-date\">4 novembre 2023<\/time><div class=\"wp-block-latest-posts__post-excerpt\">Consultez la liste des fournitures scolaires pour l&rsquo;ann\u00e9e 2025-2026.<\/div><\/li>\n<li><div class=\"wp-block-latest-posts__featured-image alignright\"><img loading=\"lazy\" decoding=\"async\" width=\"150\" height=\"150\" src=\"https:\/\/etab.ac-reunion.fr\/clg-trois-mares\/wp-content\/uploads\/sites\/149\/2023\/11\/Illustration_sans_titre-21-150x150.jpg\" class=\"attachment-thumbnail size-thumbnail wp-post-image\" alt=\"\" style=\"\" \/><\/div><a class=\"wp-block-latest-posts__post-title\" href=\"https:\/\/etab.ac-reunion.fr\/clg-trois-mares\/menus\/\">Menus<\/a><div class=\"wp-block-latest-posts__post-author\">par St\u00e9phanie THIAW-NAM-TONG<\/div><time datetime=\"2023-11-04T09:00:46+04:00\" class=\"wp-block-latest-posts__post-date\">4 novembre 2023<\/time><div class=\"wp-block-latest-posts__post-excerpt\">Chaque semaine, consultez le menu de la cantine du coll\u00e8ge. Bon app\u00e9tit !<\/div><\/li>\n<li><div class=\"wp-block-latest-posts__featured-image alignright\"><img loading=\"lazy\" decoding=\"async\" width=\"150\" height=\"150\" src=\"https:\/\/etab.ac-reunion.fr\/clg-trois-mares\/wp-content\/uploads\/sites\/149\/2023\/11\/Illustration_sans_titre-20-150x150.jpg\" class=\"attachment-thumbnail size-thumbnail wp-post-image\" alt=\"\" style=\"\" \/><\/div><a class=\"wp-block-latest-posts__post-title\" href=\"https:\/\/etab.ac-reunion.fr\/clg-trois-mares\/examens-tests-et-certifications\/\">Examens, tests et certifications<\/a><div class=\"wp-block-latest-posts__post-author\">par St\u00e9phanie THIAW-NAM-TONG<\/div><time datetime=\"2023-11-04T08:59:08+04:00\" class=\"wp-block-latest-posts__post-date\">4 novembre 2023<\/time><div class=\"wp-block-latest-posts__post-excerpt\">Acc\u00e9dez aux informations utiles sur les examens, tests et certifications obligatoires au coll\u00e8ge.<\/div><\/li>\n<li><div class=\"wp-block-latest-posts__featured-image alignright\"><img loading=\"lazy\" decoding=\"async\" width=\"150\" height=\"150\" src=\"https:\/\/etab.ac-reunion.fr\/clg-trois-mares\/wp-content\/uploads\/sites\/149\/2023\/11\/Illustration_sans_titre-13-150x150.jpg\" class=\"attachment-thumbnail size-thumbnail wp-post-image\" alt=\"\" style=\"\" \/><\/div><a class=\"wp-block-latest-posts__post-title\" href=\"https:\/\/etab.ac-reunion.fr\/clg-trois-mares\/les-interdictions\/\">Les interdictions<\/a><div class=\"wp-block-latest-posts__post-author\">par St\u00e9phanie THIAW-NAM-TONG<\/div><time datetime=\"2023-11-04T08:57:55+04:00\" class=\"wp-block-latest-posts__post-date\">4 novembre 2023<\/time><div class=\"wp-block-latest-posts__post-excerpt\">Consultez les diff\u00e9rentes interdictions en vigueur au coll\u00e8ge de Trois Mares.<\/div><\/li>\n<\/ul>","protected":false},"excerpt":{"rendered":"","protected":false},"author":35005,"featured_media":0,"parent":0,"menu_order":0,"comment_status":"closed","ping_status":"closed","template":"","meta":{"footnotes":""},"class_list":["post-1097","page","type-page","status-publish","hentry"],"_links":{"self":[{"href":"https:\/\/etab.ac-reunion.fr\/clg-trois-mares\/wp-json\/wp\/v2\/pages\/1097","targetHints":{"allow":["GET"]}}],"collection":[{"href":"https:\/\/etab.ac-reunion.fr\/clg-trois-mares\/wp-json\/wp\/v2\/pages"}],"about":[{"href":"https:\/\/etab.ac-reunion.fr\/clg-trois-mares\/wp-json\/wp\/v2\/types\/page"}],"author":[{"embeddable":true,"href":"https:\/\/etab.ac-reunion.fr\/clg-trois-mares\/wp-json\/wp\/v2\/users\/35005"}],"replies":[{"embeddable":true,"href":"https:\/\/etab.ac-reunion.fr\/clg-trois-mares\/wp-json\/wp\/v2\/comments?post=1097"}],"version-history":[{"count":1,"href":"https:\/\/etab.ac-reunion.fr\/clg-trois-mares\/wp-json\/wp\/v2\/pages\/1097\/revisions"}],"predecessor-version":[{"id":1098,"href":"https:\/\/etab.ac-reunion.fr\/clg-trois-mares\/wp-json\/wp\/v2\/pages\/1097\/revisions\/1098"}],"wp:attachment":[{"href":"https:\/\/etab.ac-reunion.fr\/clg-trois-mares\/wp-json\/wp\/v2\/media?parent=1097"}],"curies":[{"name":"wp","href":"https:\/\/api.w.org\/{rel}","templated":true}]}}