{"id":1113,"date":"2023-11-04T08:36:45","date_gmt":"2023-11-04T04:36:45","guid":{"rendered":"https:\/\/etab.ac-reunion.fr\/clg-trois-mares\/?page_id=1113"},"modified":"2026-04-12T14:55:20","modified_gmt":"2026-04-12T10:55:20","slug":"semaine-des-langues-%f0%9f%87%ac%f0%9f%87%a7%f0%9f%87%aa%f0%9f%87%b8%f0%9f%87%a9%f0%9f%87%aa%f0%9f%87%a8%f0%9f%87%b3","status":"publish","type":"page","link":"https:\/\/etab.ac-reunion.fr\/clg-trois-mares\/semaine-des-langues-%f0%9f%87%ac%f0%9f%87%a7%f0%9f%87%aa%f0%9f%87%b8%f0%9f%87%a9%f0%9f%87%aa%f0%9f%87%a8%f0%9f%87%b3\/","title":{"rendered":"Semaine des langues \ud83c\uddec\ud83c\udde7\ud83c\uddea\ud83c\uddf8\ud83c\udde9\ud83c\uddea\ud83c\udde8\ud83c\uddf3"},"content":{"rendered":"<div class=\"wp-block-image\">\n<figure class=\"aligncenter size-full is-resized\"><img loading=\"lazy\" decoding=\"async\" width=\"1803\" height=\"949\" src=\"https:\/\/etab.ac-reunion.fr\/clg-trois-mares\/wp-content\/uploads\/sites\/149\/2023\/11\/Illustration_sans_titre-26.jpg\" alt=\"\" class=\"wp-image-1340\" style=\"width:964px\" srcset=\"https:\/\/etab.ac-reunion.fr\/clg-trois-mares\/wp-content\/uploads\/sites\/149\/2023\/11\/Illustration_sans_titre-26.jpg 1803w, https:\/\/etab.ac-reunion.fr\/clg-trois-mares\/wp-content\/uploads\/sites\/149\/2023\/11\/Illustration_sans_titre-26-300x158.jpg 300w, https:\/\/etab.ac-reunion.fr\/clg-trois-mares\/wp-content\/uploads\/sites\/149\/2023\/11\/Illustration_sans_titre-26-1024x539.jpg 1024w, https:\/\/etab.ac-reunion.fr\/clg-trois-mares\/wp-content\/uploads\/sites\/149\/2023\/11\/Illustration_sans_titre-26-768x404.jpg 768w, https:\/\/etab.ac-reunion.fr\/clg-trois-mares\/wp-content\/uploads\/sites\/149\/2023\/11\/Illustration_sans_titre-26-1536x808.jpg 1536w, https:\/\/etab.ac-reunion.fr\/clg-trois-mares\/wp-content\/uploads\/sites\/149\/2023\/11\/Illustration_sans_titre-26-380x200.jpg 380w\" sizes=\"auto, (max-width: 1803px) 100vw, 1803px\" \/><\/figure>\n<\/div>\n\n\n<div style=\"height:18px\" aria-hidden=\"true\" class=\"wp-block-spacer\"><\/div>\n\n\n\n<div class=\"wp-block-media-text is-stacked-on-mobile\" style=\"grid-template-columns:21% auto\"><figure class=\"wp-block-media-text__media\"><img loading=\"lazy\" decoding=\"async\" width=\"1013\" height=\"729\" src=\"https:\/\/etab.ac-reunion.fr\/clg-trois-mares\/wp-content\/uploads\/sites\/149\/2023\/11\/Sans_titre_15-3-1.png\" alt=\"\" class=\"wp-image-1291 size-full\" srcset=\"https:\/\/etab.ac-reunion.fr\/clg-trois-mares\/wp-content\/uploads\/sites\/149\/2023\/11\/Sans_titre_15-3-1.png 1013w, https:\/\/etab.ac-reunion.fr\/clg-trois-mares\/wp-content\/uploads\/sites\/149\/2023\/11\/Sans_titre_15-3-1-300x216.png 300w, https:\/\/etab.ac-reunion.fr\/clg-trois-mares\/wp-content\/uploads\/sites\/149\/2023\/11\/Sans_titre_15-3-1-768x553.png 768w, https:\/\/etab.ac-reunion.fr\/clg-trois-mares\/wp-content\/uploads\/sites\/149\/2023\/11\/Sans_titre_15-3-1-278x200.png 278w\" sizes=\"auto, (max-width: 1013px) 100vw, 1013px\" \/><\/figure><div class=\"wp-block-media-text__content\">\n<div style=\"height:37px\" aria-hidden=\"true\" class=\"wp-block-spacer\"><\/div>\n\n\n\n<p class=\"has-large-font-size\">Chaque ann\u00e9e, le coll\u00e8ge de Trois Mares participe \u00e0 la semaine des langues, qui se tient g\u00e9n\u00e9ralement au d\u00e9but du mois d\u2019avril.<\/p>\n<\/div><\/div>\n\n\n\n<p class=\"has-large-font-size\">Il s\u2019agit d\u2019un \u00e9v\u00e9nement destin\u00e9 \u00e0 mettre en lumi\u00e8re les diff\u00e9rentes langues vivantes enseign\u00e9es dans l\u2019\u00e9tablissement, \u00e0 savoir <strong>l\u2019anglais<\/strong> \ud83c\uddec\ud83c\udde7, <strong>l\u2019espagnol<\/strong> \ud83c\uddea\ud83c\uddf8, <strong>l\u2019allemand<\/strong> \ud83c\udde9\ud83c\uddea et <strong>le chinois<\/strong> \ud83c\udde8\ud83c\uddf3. C\u2019est un moment fort qui honore la diversit\u00e9 culturelle et encourage la pratique des langues.<\/p>\n\n\n\n<p class=\"has-accent-2-background-color has-background\" style=\"font-size:27px\"><strong>L\u2019ensemble de la communaut\u00e9 \u00e9ducative est invit\u00e9 \u00e0 participer \u00e0 cet \u00e9v\u00e9nement.<\/strong> Pour l\u2019occasion, les sonneries et les d\u00e9jeuners servis \u00e0 la cantine c\u00e9l\u00e8brent <strong>chaque jour<\/strong> une langue diff\u00e9rente. Divers ateliers sont mis en place par les professeures tout au long de cette semaine, autour d\u2019une <strong>th\u00e9matique<\/strong> singuli\u00e8re. Et un code vestimentaire aux couleurs du drapeau national est souvent propos\u00e9. Un bon moyen de valoriser l\u2019apprentissage des langues !<\/p>\n\n\n\n<div style=\"height:40px\" aria-hidden=\"true\" class=\"wp-block-spacer\"><\/div>\n\n\n\n<figure class=\"wp-block-image size-full\"><img decoding=\"async\" src=\"https:\/\/etab.ac-reunion.fr\/clg-trois-mares\/wp-content\/uploads\/sites\/149\/2026\/04\/Capture-decran-2026-04-12-a-14.36.04-1.png\" alt=\"\" class=\"wp-image-2745\" \/><\/figure>\n","protected":false},"excerpt":{"rendered":"<p>Il s\u2019agit d\u2019un \u00e9v\u00e9nement destin\u00e9 \u00e0 mettre en lumi\u00e8re les diff\u00e9rentes langues vivantes enseign\u00e9es dans l\u2019\u00e9tablissement, \u00e0 savoir l\u2019anglais \ud83c\uddec\ud83c\udde7, l\u2019espagnol \ud83c\uddea\ud83c\uddf8, l\u2019allemand \ud83c\udde9\ud83c\uddea et le chinois \ud83c\udde8\ud83c\uddf3. C\u2019est un moment fort qui honore la diversit\u00e9 culturelle et encourage la pratique des langues. L\u2019ensemble de la communaut\u00e9 \u00e9ducative est invit\u00e9 &hellip;<\/p>\n","protected":false},"author":35005,"featured_media":0,"parent":0,"menu_order":0,"comment_status":"closed","ping_status":"closed","template":"","meta":{"footnotes":""},"class_list":["post-1113","page","type-page","status-publish","hentry"],"_links":{"self":[{"href":"https:\/\/etab.ac-reunion.fr\/clg-trois-mares\/wp-json\/wp\/v2\/pages\/1113","targetHints":{"allow":["GET"]}}],"collection":[{"href":"https:\/\/etab.ac-reunion.fr\/clg-trois-mares\/wp-json\/wp\/v2\/pages"}],"about":[{"href":"https:\/\/etab.ac-reunion.fr\/clg-trois-mares\/wp-json\/wp\/v2\/types\/page"}],"author":[{"embeddable":true,"href":"https:\/\/etab.ac-reunion.fr\/clg-trois-mares\/wp-json\/wp\/v2\/users\/35005"}],"replies":[{"embeddable":true,"href":"https:\/\/etab.ac-reunion.fr\/clg-trois-mares\/wp-json\/wp\/v2\/comments?post=1113"}],"version-history":[{"count":6,"href":"https:\/\/etab.ac-reunion.fr\/clg-trois-mares\/wp-json\/wp\/v2\/pages\/1113\/revisions"}],"predecessor-version":[{"id":2748,"href":"https:\/\/etab.ac-reunion.fr\/clg-trois-mares\/wp-json\/wp\/v2\/pages\/1113\/revisions\/2748"}],"wp:attachment":[{"href":"https:\/\/etab.ac-reunion.fr\/clg-trois-mares\/wp-json\/wp\/v2\/media?parent=1113"}],"curies":[{"name":"wp","href":"https:\/\/api.w.org\/{rel}","templated":true}]}}