{"id":1117,"date":"2023-11-04T08:37:55","date_gmt":"2023-11-04T04:37:55","guid":{"rendered":"https:\/\/etab.ac-reunion.fr\/clg-trois-mares\/?page_id=1117"},"modified":"2023-11-07T18:55:29","modified_gmt":"2023-11-07T14:55:29","slug":"silence-on-lit","status":"publish","type":"page","link":"https:\/\/etab.ac-reunion.fr\/clg-trois-mares\/silence-on-lit\/","title":{"rendered":"Silence On lit !"},"content":{"rendered":"\n<h2 class=\"wp-block-heading has-text-align-center has-larger-font-size\">Le dispositif \u00ab&nbsp;Silence On Lit&nbsp;!&nbsp;\u00bb<\/h2>\n\n\n\n<p>Dans le cadre de la mobilisation en faveur du livre et de la lecture impuls\u00e9e par le Minist\u00e8re de l\u2019Education Nationale, notre \u00e9tablissement va mettre en place de dix minutes de lecture.<\/p>\n\n\n\n<p>Le principe&nbsp;:<\/p>\n\n\n\n<p>Tous les \u00e9l\u00e8ves et adultes du coll\u00e8ge s\u2019arr\u00eatent et lisent un livre de leur choix pendant 10 minutes. L\u2019ouvrage doit \u00eatre choisi par l\u2019\u00e9l\u00e8ve sans contraintes. Les seules obligations sont le silence et la possession d\u2019un livre.<\/p>\n\n\n\n<p>Les objectifs&nbsp;:<\/p>\n\n\n\n<ul class=\"wp-block-list\">\n<li>d\u00e9velopper les comp\u00e9tences de lecture, servant ainsi \u00e0 toutes les disciplines,<\/li>\n\n\n\n<li>redonner le go\u00fbt de lire et d\u00e9bloquer les r\u00e9sistances de ceux qui n\u2019aiment pas lire,<\/li>\n\n\n\n<li>habituer les \u00e9l\u00e8ves \u00e0 la lecture quotidienne,<\/li>\n\n\n\n<li>favoriser un temps de concentration et un climat apais\u00e9,<\/li>\n\n\n\n<li>f\u00e9d\u00e9rer l\u2019\u00e9tablissement autour d\u2019une activit\u00e9 commune et agir sur le vivre ensemble.<\/li>\n<\/ul>\n\n\n\n<p class=\"has-text-align-center has-large-font-size\"><strong>Quelle mise en place au coll\u00e8ge&nbsp;?<\/strong><\/p>\n\n\n\n<p>Le dispositif sera mis en place quotidiennement, avant la 1<sup>\u00e8re<\/sup> s\u00e9quence de l&rsquo;apr\u00e8s-midi. &nbsp;<\/p>\n\n\n\n<div style=\"height:27px\" aria-hidden=\"true\" class=\"wp-block-spacer\"><\/div>\n\n\n\n<hr class=\"wp-block-separator has-alpha-channel-opacity\" \/>\n\n\n\n<div style=\"height:59px\" aria-hidden=\"true\" class=\"wp-block-spacer\"><\/div>\n\n\n\n<figure class=\"wp-block-image size-full\"><img loading=\"lazy\" decoding=\"async\" width=\"2480\" height=\"2060\" src=\"https:\/\/etab.ac-reunion.fr\/clg-trois-mares\/wp-content\/uploads\/sites\/149\/2023\/11\/Illustration_sans_titre-7-1.jpg\" alt=\"\" class=\"wp-image-1344\" srcset=\"https:\/\/etab.ac-reunion.fr\/clg-trois-mares\/wp-content\/uploads\/sites\/149\/2023\/11\/Illustration_sans_titre-7-1.jpg 2480w, https:\/\/etab.ac-reunion.fr\/clg-trois-mares\/wp-content\/uploads\/sites\/149\/2023\/11\/Illustration_sans_titre-7-1-300x249.jpg 300w, https:\/\/etab.ac-reunion.fr\/clg-trois-mares\/wp-content\/uploads\/sites\/149\/2023\/11\/Illustration_sans_titre-7-1-1024x851.jpg 1024w, https:\/\/etab.ac-reunion.fr\/clg-trois-mares\/wp-content\/uploads\/sites\/149\/2023\/11\/Illustration_sans_titre-7-1-768x638.jpg 768w, https:\/\/etab.ac-reunion.fr\/clg-trois-mares\/wp-content\/uploads\/sites\/149\/2023\/11\/Illustration_sans_titre-7-1-1536x1276.jpg 1536w, https:\/\/etab.ac-reunion.fr\/clg-trois-mares\/wp-content\/uploads\/sites\/149\/2023\/11\/Illustration_sans_titre-7-1-2048x1701.jpg 2048w, https:\/\/etab.ac-reunion.fr\/clg-trois-mares\/wp-content\/uploads\/sites\/149\/2023\/11\/Illustration_sans_titre-7-1-241x200.jpg 241w, https:\/\/etab.ac-reunion.fr\/clg-trois-mares\/wp-content\/uploads\/sites\/149\/2023\/11\/Illustration_sans_titre-7-1-480x400.jpg 480w\" sizes=\"auto, (max-width: 2480px) 100vw, 2480px\" \/><\/figure>\n","protected":false},"excerpt":{"rendered":"<p>Le dispositif \u00ab&nbsp;Silence On Lit&nbsp;!&nbsp;\u00bb Dans le cadre de la mobilisation en faveur du livre et de la lecture impuls\u00e9e par le Minist\u00e8re de l\u2019Education Nationale, notre \u00e9tablissement va mettre en place de dix minutes de lecture. Le principe&nbsp;: Tous les \u00e9l\u00e8ves et adultes du coll\u00e8ge s\u2019arr\u00eatent et lisent un &hellip;<\/p>\n","protected":false},"author":35005,"featured_media":0,"parent":0,"menu_order":0,"comment_status":"closed","ping_status":"closed","template":"","meta":{"footnotes":""},"class_list":["post-1117","page","type-page","status-publish","hentry"],"_links":{"self":[{"href":"https:\/\/etab.ac-reunion.fr\/clg-trois-mares\/wp-json\/wp\/v2\/pages\/1117","targetHints":{"allow":["GET"]}}],"collection":[{"href":"https:\/\/etab.ac-reunion.fr\/clg-trois-mares\/wp-json\/wp\/v2\/pages"}],"about":[{"href":"https:\/\/etab.ac-reunion.fr\/clg-trois-mares\/wp-json\/wp\/v2\/types\/page"}],"author":[{"embeddable":true,"href":"https:\/\/etab.ac-reunion.fr\/clg-trois-mares\/wp-json\/wp\/v2\/users\/35005"}],"replies":[{"embeddable":true,"href":"https:\/\/etab.ac-reunion.fr\/clg-trois-mares\/wp-json\/wp\/v2\/comments?post=1117"}],"version-history":[{"count":4,"href":"https:\/\/etab.ac-reunion.fr\/clg-trois-mares\/wp-json\/wp\/v2\/pages\/1117\/revisions"}],"predecessor-version":[{"id":1481,"href":"https:\/\/etab.ac-reunion.fr\/clg-trois-mares\/wp-json\/wp\/v2\/pages\/1117\/revisions\/1481"}],"wp:attachment":[{"href":"https:\/\/etab.ac-reunion.fr\/clg-trois-mares\/wp-json\/wp\/v2\/media?parent=1117"}],"curies":[{"name":"wp","href":"https:\/\/api.w.org\/{rel}","templated":true}]}}